{"id":76634,"date":"2023-05-09T15:42:51","date_gmt":"2023-05-09T13:42:51","guid":{"rendered":"https:\/\/secureus.se\/produkt\/rfid-tagg-glasfiber-hd-epoxy-mifare1k-std-nr\/"},"modified":"2026-03-09T14:43:03","modified_gmt":"2026-03-09T13:43:03","slug":"rfid-tagg-glasfiber-hd-mifare1k-std-nr","status":"publish","type":"product","link":"https:\/\/secureus.se\/pl\/rfid-tagg-glasfiber-hd-mifare1k-std-nr\/","title":{"rendered":"Tag Mifare1k\u00ae \u2013 System alarmowy\/przechodniowy Czarny \u2013 W\u0142\u00f3kno szklane HD+"},"content":{"rendered":"<h1>Tag Mifare1k Fiberglass HD+(Plus)<\/h1>\n<h3>Tag dla systemu alarmowego\/przechodniego i rezerwacji.<\/h3>\n<p><strong>Tutaj dodali\u015bmy domy\u015blne numery dla nast\u0119puj\u0105cych system\u00f3w dla:<\/strong><\/p>\n<p><span style=\"text-decoration: underline\"><strong>Dla EM4200: ASSA (S), RCO Security (R), Axema VAKA (V), Bewator\/Vanderbilt (B)<\/strong><\/span><\/p>\n<p><span style=\"text-decoration: underline\"><strong>Mifare: MFR=RCO, MFV=Axema VAKA, MFD=Odczyt dziesi\u0119tny dla innych system\u00f3w na rynku szwedzkim.<\/strong><\/span><\/p>\n<div>\n<p><span style=\"text-decoration: underline\"><strong><span style=\"font-size: 16px\">Ten innowacyjny brelok zosta\u0142 specjalnie zaprojektowany, aby spe\u0142ni\u0107 Twoje potrzeby w zakresie system\u00f3w bezpiecze\u0144stwa i identyfikacji. Dzi\u0119ki solidnej konstrukcji i imponuj\u0105cej funkcjonalno\u015bci znacznik RFUD \u201eGlasfiber HD\u201d zapewnia niezawodne i wydajne rozwi\u0105zanie do r\u00f3\u017cnych zastosowa\u0144.<\/span><\/strong><\/span><\/p>\n<\/div>\n<p>Oferujemy kilka wariant\u00f3w tag\u00f3w Glasfiber HD+, aby spe\u0142ni\u0107 Twoje specyficzne wymagania.<\/p>\n<p>Istnieje kilka produkt\u00f3w do wyboru: EM4200, Mifare1k, kombinacja Mifare1k i EM4200, Mifare4k oraz kombinacja Mifare4k i EM4200.<\/p>\n<p>Ka\u017cdy wariant ma swoje unikalne cechy i funkcje, co zapewnia elastyczno\u015b\u0107 i wszechstronno\u015b\u0107.<\/p>\n<p>Aby jeszcze bardziej dostosowa\u0107 brelok do kluczy, oferujemy opcj\u0119 wygrawerowania numer\u00f3w, takich jak numery seryjne lub numery z system\u00f3w dost\u0119pu<\/p>\n<p>(RCO, Vanderbilt, Bewator, Axema Aptus ASSA itp.).<\/p>\n<p>U\u0142atwia to identyfikacj\u0119 i zarz\u0105dzanie tagami, oszcz\u0119dzaj\u0105c czas i zwi\u0119kszaj\u0105c efektywno\u015b\u0107 przep\u0142ywu pracy.<\/p>\n<p>Fiberglass HD+ dost\u0119pny jest r\u00f3wnie\u017c z gotowymi numerami wygrawerowanymi w naszym sklepie, istnieje r\u00f3wnie\u017c mo\u017cliwo\u015b\u0107 zam\u00f3wienia 500 i wi\u0119cej z w\u0142asnymi numerami.<\/p>\n<h3>Jak zawsze u nas, oryginalny chip od<a href=\"https:\/\/www.nxp.com\/\" rel=\"noopener\"> NXP<\/a> I <a href=\"https:\/\/www.emmicroelectronic.com\/\" rel=\"noopener\">Mikroelektronika EM.<\/a><\/h3>\n<p><strong>Pasuje do wszystkiego i wszystkich!<\/strong><\/p>\n<ul>\n<li>System przepustek<\/li>\n<li>System go\u015bci<\/li>\n<li>Rezerwacja pralni<\/li>\n<li>System alarmowy i bezpiecze\u0144stwa<\/li>\n<\/ul>\n<p>&nbsp;<\/p>","protected":false},"excerpt":{"rendered":"<p><span style=\"text-decoration: underline\"><strong>Minimalne zam\u00f3wienie to 500 sztuk, je\u015bli chcesz mie\u0107 unikalny numer lub logo.<\/strong><\/span><\/p>\n<p>To jest nasz Uranus HD+ z w\u0142\u00f3kna szklanego z ochronn\u0105 warstw\u0105 \u017cywicy epoksydowej, kt\u00f3ra pozwala uzyska\u0107 kolorowe logo.<\/p>\n<p>Nie dolicza si\u0119 \u017cadnych dodatkowych koszt\u00f3w projektowania ani op\u0142at startowych.<\/p>\n<p><span style=\"text-decoration: underline\"><strong>Wandaloodporne i wodoodporne, co zapewnia wyj\u0105tkowo d\u0142ug\u0105 \u017cywotno\u015b\u0107<\/strong><\/span><\/p>\n<p>&nbsp;Ten produkt posiada certyfikowany chip firmy NXP\u00ae, kt\u00f3ra jest globaln\u0105 firm\u0105 technologiczn\u0105 z siedzib\u0105 w Holandii. NXP\u00ae specjalizuje si\u0119 w RFID i NFC i oferuje szerok\u0105 gam\u0119 produkt\u00f3w z zakresu bezpiecze\u0144stwa, \u0142\u0105czno\u015bci i rozwi\u0105za\u0144 wbudowanych<\/p>","protected":false},"featured_media":133938,"template":"","meta":{"_acf_changed":false},"product_brand":[],"product_cat":[2354],"product_tag":[2436,2074,4146,2958],"class_list":{"0":"post-76634","1":"product","2":"type-product","3":"status-publish","4":"has-post-thumbnail","6":"product_cat-rfid-taggar","7":"product_tag-250-moq-hd","8":"product_tag-ej-lagerfraga","9":"product_tag-nxp","10":"product_tag-stonehouse-produkt","11":"product_shipping_class-postnord-varubrev","12":"pa_brands-stonehouse-security","13":"pa_chip-teknik-mifare1k","14":"pa_farg-svart","15":"pa_tagg-glasfiber-tagg-glasfiber-hd","16":"tm-no-options","18":"first","19":"instock","20":"sale","21":"featured","22":"taxable","23":"shipping-taxable","24":"purchasable","25":"product-type-simple"},"acf":[],"_links":{"self":[{"href":"https:\/\/secureus.se\/pl\/wp-json\/wp\/v2\/product\/76634","targetHints":{"allow":["GET"]}}],"collection":[{"href":"https:\/\/secureus.se\/pl\/wp-json\/wp\/v2\/product"}],"about":[{"href":"https:\/\/secureus.se\/pl\/wp-json\/wp\/v2\/types\/product"}],"wp:featuredmedia":[{"embeddable":true,"href":"https:\/\/secureus.se\/pl\/wp-json\/wp\/v2\/media\/133938"}],"wp:attachment":[{"href":"https:\/\/secureus.se\/pl\/wp-json\/wp\/v2\/media?parent=76634"}],"wp:term":[{"taxonomy":"product_brand","embeddable":true,"href":"https:\/\/secureus.se\/pl\/wp-json\/wp\/v2\/product_brand?post=76634"},{"taxonomy":"product_cat","embeddable":true,"href":"https:\/\/secureus.se\/pl\/wp-json\/wp\/v2\/product_cat?post=76634"},{"taxonomy":"product_tag","embeddable":true,"href":"https:\/\/secureus.se\/pl\/wp-json\/wp\/v2\/product_tag?post=76634"}],"curies":[{"name":"wp","href":"https:\/\/api.w.org\/{rel}","templated":true}]}}