{"id":76711,"date":"2023-05-18T12:29:19","date_gmt":"2023-05-18T10:29:19","guid":{"rendered":"https:\/\/secureus.se\/produkt\/cb-batteri-teknik-4-x-gp130aam-4-8v-1-3ah-battery-pack-for-powermaster-g\/"},"modified":"2026-04-09T11:37:45","modified_gmt":"2026-04-09T09:37:45","slug":"batteri-powermaster-2000mah-visonic","status":"publish","type":"product","link":"https:\/\/secureus.se\/pl\/batteri-powermaster-2000mah-visonic\/","title":{"rendered":"Akumulator PowerMaster 10, RP600 i PG8920 \u2013 4,8 V, 2000 mAh \u2013 Visonic DSC"},"content":{"rendered":"<h1>Akumulator Visonic \u2013 PowerMaster i PowerMax<\/h1>\n<p>Dzi\u0119ki temu akumulatorowi o du\u017cej pojemno\u015bci do urz\u0105dze\u0144 PowerMaster otrzymujesz rozwi\u0105zanie gwarantuj\u0105ce d\u0142u\u017cszy czas sprawno\u015bci i nieprzerwan\u0105 prac\u0119 Twojego systemu bezpiecze\u0144stwa.<\/p>\n<h2 class=\"desc-title info-toggle\">Akumulator jest kompatybilny z nast\u0119puj\u0105cymi modelami<i class=\"far fa-chevron-up\"><\/i><\/h2>\n<div id=\"__BVID__72\" class=\"collapse show\">\n<ul class=\"compatibility\">\n<li>Visonic PowerMaster 10<\/li>\n<li>Panel sterowania Visonic PowerMax 99-301712<\/li>\n<li>Visonic Powermax Express<\/li>\n<li>PG8920<\/li>\n<li>RP600<\/li>\n<\/ul>\n<\/div>\n<h4>Zalety:<\/h4>\n<ul>\n<li><strong>Zgodno\u015b\u0107<\/strong>:Zaprojektowany dla urz\u0105dze\u0144 Visonic, dzi\u0119ki czemu mo\u017cna go \u0142atwo zintegrowa\u0107.<\/li>\n<li><strong>Niezawodno\u015b\u0107<\/strong>:Solidna konstrukcja i stabilna moc gwarantuj\u0105 maksymaln\u0105 wydajno\u015b\u0107.<\/li>\n<li><strong>\u0141atwy w instalacji<\/strong>: Bateri\u0119 mo\u017cna \u0142atwo wymieni\u0107, co pozwala zaoszcz\u0119dzi\u0107 czas i wysi\u0142ek.<\/li>\n<\/ul>\n<p>Zainwestuj w nowy akumulator PowerMaster, aby zwi\u0119kszy\u0107 wydajno\u015b\u0107 i mie\u0107 pewno\u015b\u0107, \u017ce Tw\u00f3j system zawsze b\u0119dzie dzia\u0142a\u0142 tak, jak powinien.<\/p>","protected":false},"excerpt":{"rendered":"<p>Wyd\u0142u\u017c czas dzia\u0142ania urz\u0105dzenia dzi\u0119ki temu akumulatorowi o du\u017cej pojemno\u015bci.<\/p>","protected":false},"featured_media":146428,"template":"","meta":{"_acf_changed":false},"product_brand":[],"product_cat":[3322,3379,1862],"product_tag":[2330,2334],"class_list":{"0":"post-76711","1":"product","2":"type-product","3":"status-publish","4":"has-post-thumbnail","6":"product_cat-batteri-stromforsorjning","7":"product_cat-visonic-batteri-reservdelar","8":"product_cat-batterier-knappcell","9":"product_tag-visonic-manoverpanel","10":"product_tag-visonic-reservdel","11":"product_shipping_class-postnord-varubrev","12":"tm-no-options","14":"first","15":"instock","16":"sale","17":"featured","18":"taxable","19":"shipping-taxable","20":"purchasable","21":"product-type-simple"},"acf":[],"_links":{"self":[{"href":"https:\/\/secureus.se\/pl\/wp-json\/wp\/v2\/product\/76711","targetHints":{"allow":["GET"]}}],"collection":[{"href":"https:\/\/secureus.se\/pl\/wp-json\/wp\/v2\/product"}],"about":[{"href":"https:\/\/secureus.se\/pl\/wp-json\/wp\/v2\/types\/product"}],"wp:featuredmedia":[{"embeddable":true,"href":"https:\/\/secureus.se\/pl\/wp-json\/wp\/v2\/media\/146428"}],"wp:attachment":[{"href":"https:\/\/secureus.se\/pl\/wp-json\/wp\/v2\/media?parent=76711"}],"wp:term":[{"taxonomy":"product_brand","embeddable":true,"href":"https:\/\/secureus.se\/pl\/wp-json\/wp\/v2\/product_brand?post=76711"},{"taxonomy":"product_cat","embeddable":true,"href":"https:\/\/secureus.se\/pl\/wp-json\/wp\/v2\/product_cat?post=76711"},{"taxonomy":"product_tag","embeddable":true,"href":"https:\/\/secureus.se\/pl\/wp-json\/wp\/v2\/product_tag?post=76711"}],"curies":[{"name":"wp","href":"https:\/\/api.w.org\/{rel}","templated":true}]}}