{"id":78469,"date":"2022-11-21T12:06:24","date_gmt":"2022-11-21T11:06:24","guid":{"rendered":"https:\/\/secureus.se\/produkt\/stromfors-agg-24v-50a\/"},"modified":"2026-04-23T10:44:48","modified_gmt":"2026-04-23T08:44:48","slug":"stromfors-agg-24v-50a","status":"publish","type":"product","link":"https:\/\/secureus.se\/pl\/stromfors-agg-24v-50a\/","title":{"rendered":"Zasilany Agg 24V 5.0A"},"content":{"rendered":"<p>SM40 to zasilacz awaryjny z prze\u0142\u0105czanym akumulatorem pierwotnym 24V 5A o wysokiej wydajno\u015bci, idealny do obs\u0142ugi wszelkiego rodzaju instalacji niskopr\u0105dowych, alarmowych, system\u00f3w przeciwpo\u017carowych i przej\u015bcia. Eleganckie, dobrze wentylowane urz\u0105dzenie charakteryzuj\u0105ce si\u0119 ma\u0142ymi wymiarami oraz prostym i szybkim monta\u017cem, wyposa\u017cone w p\u00f3\u0142k\u0119 na baterie na dole oraz wieszak na dziurk\u0119 od klucza. Pozostawia dobrze filtrowane i stabilne napi\u0119cie wyj\u015bciowe, kt\u00f3re jest chronione przed przeci\u0105\u017ceniem i zwarciem. Wyposa\u017cony w wydajne 2-stopniowe \u0142adowanie, kt\u00f3re szybko i bezpiecznie \u0142aduje akumulatory. Mo\u017cna go pod\u0142\u0105czy\u0107 r\u00f3wnolegle, aby uzyska\u0107 wi\u0119ksz\u0105 moc wyj\u015bciow\u0105 lub skompensowa\u0107 spadki napi\u0119cia w kablach. Napi\u0119cie sieciowe jest sygnalizowane zielon\u0105 diod\u0105 LED z przodu, a b\u0142\u0119dy czerwon\u0105 diod\u0105 LED. Wyposa\u017cone s\u0105 w przeka\u017anik alarmowy sygnalizuj\u0105cy awari\u0119 zasilania. Zasilanie, obci\u0105\u017cenie i akumulator s\u0105 zabezpieczone bezpiecznikami. Mo\u017cliwo\u015b\u0107 \u0142atwej rozbudowy o kart\u0119 alarmow\u0105 SM102 lub karty z serii SPM900. Wbudowane zabezpieczenie przed g\u0142\u0119bokim roz\u0142adowaniem akumulator\u00f3w. Baterie nie s\u0105 do\u0142\u0105czone.<\/p>","protected":false},"excerpt":{"rendered":"<p>SM40 jest zasilaczem awaryjnym 24V 5A o du\u017cej wydajno\u015bci, doskonale sprawdzaj\u0105cym si\u0119 do obs\u0142ugi wszelkiego rodzaju instalacji niskopr\u0105dowych, alarmowych, przeciwpo\u017carowych i przej\u015bcia. G\u0142adka, dobrze wentylowana jednostka charakteryzuj\u0105ca si\u0119 ma\u0142ymi wymiarami i<\/p>","protected":false},"featured_media":142446,"template":"","meta":{"_acf_changed":false},"product_brand":[],"product_cat":[2721],"product_tag":[2183,3197],"class_list":{"0":"post-78469","1":"product","2":"type-product","3":"status-publish","4":"has-post-thumbnail","6":"product_cat-batteribackuper","7":"product_tag-backup-0-6-a","8":"product_tag-backup-24v","9":"product_shipping_class-tunga-paket","10":"pa_brands-swansons","11":"tm-no-options","13":"first","14":"instock","15":"sale","16":"featured","17":"taxable","18":"shipping-taxable","19":"purchasable","20":"product-type-simple"},"acf":[],"_links":{"self":[{"href":"https:\/\/secureus.se\/pl\/wp-json\/wp\/v2\/product\/78469","targetHints":{"allow":["GET"]}}],"collection":[{"href":"https:\/\/secureus.se\/pl\/wp-json\/wp\/v2\/product"}],"about":[{"href":"https:\/\/secureus.se\/pl\/wp-json\/wp\/v2\/types\/product"}],"wp:featuredmedia":[{"embeddable":true,"href":"https:\/\/secureus.se\/pl\/wp-json\/wp\/v2\/media\/142446"}],"wp:attachment":[{"href":"https:\/\/secureus.se\/pl\/wp-json\/wp\/v2\/media?parent=78469"}],"wp:term":[{"taxonomy":"product_brand","embeddable":true,"href":"https:\/\/secureus.se\/pl\/wp-json\/wp\/v2\/product_brand?post=78469"},{"taxonomy":"product_cat","embeddable":true,"href":"https:\/\/secureus.se\/pl\/wp-json\/wp\/v2\/product_cat?post=78469"},{"taxonomy":"product_tag","embeddable":true,"href":"https:\/\/secureus.se\/pl\/wp-json\/wp\/v2\/product_tag?post=78469"}],"curies":[{"name":"wp","href":"https:\/\/api.w.org\/{rel}","templated":true}]}}