{"id":78470,"date":"2022-11-21T12:06:24","date_gmt":"2022-11-21T11:06:24","guid":{"rendered":"https:\/\/secureus.se\/produkt\/stromfors-agg-24v-25a\/"},"modified":"2026-03-26T11:39:54","modified_gmt":"2026-03-26T10:39:54","slug":"stromfors-agg-24v-25a","status":"publish","type":"product","link":"https:\/\/secureus.se\/pl\/stromfors-agg-24v-25a\/","title":{"rendered":"Zasilanie Bateria zapasowa 24V 3A"},"content":{"rendered":"<p>SM40 to podstawowy akumulator zapasowy 24 V 3 A o wysokiej wydajno\u015bci, idealny do obs\u0142ugi wszystkich typ\u00f3w instalacji niskopr\u0105dowych, alarm\u00f3w, system\u00f3w przeciwpo\u017carowych i dost\u0119powych. G\u0142adka, dobrze wentylowana jednostka charakteryzuj\u0105ca si\u0119 ma\u0142ymi wymiarami oraz \u0142atw\u0105 i szybk\u0105 instalacj\u0105, kt\u00f3ra ma p\u00f3\u0142k\u0119 na baterie na dole i wieszak na klucz.<\/p>\n<p>Pozostawia dobrze przefiltrowane i stabilne napi\u0119cie wyj\u015bciowe, zabezpieczone przed przeci\u0105\u017ceniem i zwarciem.<\/p>\n<p>Wyposa\u017cone w wydajny dwustopniowy system \u0142adowania, kt\u00f3ry szybko i bezpiecznie \u0142aduje akumulatory.<\/p>\n<p>Mo\u017cna je \u0142\u0105czy\u0107 r\u00f3wnolegle w celu uzyskania wi\u0119kszej mocy wyj\u015bciowej lub kompensacji spadk\u00f3w napi\u0119cia w kablach.<\/p>\n<p>Napi\u0119cie sieciowe jest sygnalizowane zielon\u0105 diod\u0105 LED z przodu, a b\u0142\u0119dy czerwon\u0105 diod\u0105 LED.<\/p>\n<p>Wyposa\u017cone s\u0105 w przeka\u017anik alarmowy informuj\u0105cy o zaniku zasilania. Sie\u0107, obci\u0105\u017cenie i akumulator s\u0105 zabezpieczone bezpiecznikami.<\/p>\n<p>Mo\u017cliwo\u015b\u0107 \u0142atwej rozbudowy za pomoc\u0105 kart alarmowych SM102 lub kart z serii SPM900. Wbudowane zabezpieczenie przed g\u0142\u0119bokim roz\u0142adowaniem akumulator\u00f3w.<\/p>\n<p>Baterie nie s\u0105 do\u0142\u0105czone.<\/p>","protected":false},"excerpt":{"rendered":"<p>SM40 to zasilacz rezerwowy z akumulatorem pierwotnym 24V 3A o du\u017cej wydajno\u015bci, doskona\u0142y do obs\u0142ugi wszelkiego rodzaju instalacji niskopr\u0105dowych, alarmowych, system\u00f3w przeciwpo\u017carowych i przej\u015bcia<\/p>","protected":false},"featured_media":142459,"template":"","meta":{"_acf_changed":false},"product_brand":[],"product_cat":[2721],"product_tag":[2183,3197],"class_list":{"0":"post-78470","1":"product","2":"type-product","3":"status-publish","4":"has-post-thumbnail","6":"product_cat-batteribackuper","7":"product_tag-backup-0-6-a","8":"product_tag-backup-24v","9":"product_shipping_class-tunga-paket","10":"pa_brands-swansons","11":"tm-no-options","13":"first","14":"instock","15":"sale","16":"featured","17":"taxable","18":"shipping-taxable","19":"purchasable","20":"product-type-simple"},"acf":[],"_links":{"self":[{"href":"https:\/\/secureus.se\/pl\/wp-json\/wp\/v2\/product\/78470","targetHints":{"allow":["GET"]}}],"collection":[{"href":"https:\/\/secureus.se\/pl\/wp-json\/wp\/v2\/product"}],"about":[{"href":"https:\/\/secureus.se\/pl\/wp-json\/wp\/v2\/types\/product"}],"wp:featuredmedia":[{"embeddable":true,"href":"https:\/\/secureus.se\/pl\/wp-json\/wp\/v2\/media\/142459"}],"wp:attachment":[{"href":"https:\/\/secureus.se\/pl\/wp-json\/wp\/v2\/media?parent=78470"}],"wp:term":[{"taxonomy":"product_brand","embeddable":true,"href":"https:\/\/secureus.se\/pl\/wp-json\/wp\/v2\/product_brand?post=78470"},{"taxonomy":"product_cat","embeddable":true,"href":"https:\/\/secureus.se\/pl\/wp-json\/wp\/v2\/product_cat?post=78470"},{"taxonomy":"product_tag","embeddable":true,"href":"https:\/\/secureus.se\/pl\/wp-json\/wp\/v2\/product_tag?post=78470"}],"curies":[{"name":"wp","href":"https:\/\/api.w.org\/{rel}","templated":true}]}}