{"id":79599,"date":"2022-05-25T11:48:44","date_gmt":"2022-05-25T09:48:44","guid":{"rendered":"https:\/\/secureus.se\/produkt\/abloy-elektriskt-styrt-las-el402-rattvand\/"},"modified":"2026-04-01T13:03:11","modified_gmt":"2026-04-01T11:03:11","slug":"abloy-elektriskt-styrt-las-el402-rattvand","status":"publish","type":"product","link":"https:\/\/secureus.se\/pl\/abloy-elektriskt-styrt-las-el402-rattvand\/","title":{"rendered":"Zamek sterowany elektrycznie Abloy EL402 \u2013 prawy"},"content":{"rendered":"<h4>Zamek elektryczny Assa Abloy EL402 skierowany prosto do przodu \u2014 bezpieczne i skuteczne blokowanie w ka\u017cdych warunkach<\/h4>\n<p>Assa Abloy EL402 to zaawansowany zamek elektromechaniczny zaprojektowany z my\u015bl\u0105 o potrzebach wej\u015b\u0107 do obiekt\u00f3w komercyjnych, biurowych, przemys\u0142owych, wielorodzinnych i miejsc publicznych. Dzi\u0119ki niezawodnemu i elastycznemu blokowaniu EL402 zapewnia optymalne bezpiecze\u0144stwo i wygod\u0119.<\/p>\n<h4>Obszary zastosowa\u0144<\/h4>\n<p>Assa Abloy EL402 jest idealny do zamykania dziennego i wewn\u0119trznego w:<\/p>\n<ul>\n<li><strong>Handel<\/strong><\/li>\n<li><strong>Biuro<\/strong><\/li>\n<li><strong>Przemys\u0142<\/strong><\/li>\n<li><strong>Wej\u015bcia i pomieszczenia og\u00f3lnodost\u0119pne w apartamentowcach<\/strong><\/li>\n<\/ul>\n<p>Zamek mo\u017cna zintegrowa\u0107 z r\u00f3\u017cnymi funkcjami steruj\u0105cymi, takimi jak system kontroli dost\u0119pu, zamek szyfrowy, przycisk i wy\u0142\u0105cznik czasowy, co czyni go idealnym rozwi\u0105zaniem dla nowoczesnych rozwi\u0105za\u0144 bezpiecze\u0144stwa.<\/p>\n<h4>Funkcje i zalety<\/h4>\n<ul>\n<li><strong>Regulowana g\u0142\u0119boko\u015b\u0107 trzpienia<\/strong>: Dostosuj zamek za pomoc\u0105 trzpienia o g\u0142\u0119boko\u015bci 25, 28, 30, 33 lub 35 mm.<\/li>\n<li><strong>Obudowa dwufunkcyjna<\/strong>: Blokowana, dwufunkcyjna obudowa zapewniaj\u0105ca bezpiecze\u0144stwo i wygod\u0119.<\/li>\n<li><strong>Elektryczne sterowanie<\/strong>: Blokad\u0119 mo\u017cna anulowa\u0107 za pomoc\u0105 sterowania elektrycznego lub za pomoc\u0105 cylindra\/pokr\u0119t\u0142a.<\/li>\n<li><strong>Instalacja lewa i prawa<\/strong>: \u0141atwa regulacja dla drzwi otwieranych na praw\u0105 i lew\u0105 stron\u0119.<\/li>\n<li><strong>Funkcja do przodu lub do ty\u0142u<\/strong>: Mo\u017cna prze\u0142\u0105cza\u0107 pomi\u0119dzy funkcj\u0105 jazdy do przodu i do ty\u0142u.<\/li>\n<li><strong>\u0141atwa instalacja<\/strong>: Wszystkie kable s\u0105 wyposa\u017cone w z\u0142\u0105cza u\u0142atwiaj\u0105ce instalacj\u0119 za pomoc\u0105 kabla po\u0142\u0105czeniowego EA220.<\/li>\n<li><strong>Montowanie<\/strong>: Mo\u017cliwo\u015b\u0107 monta\u017cu poziomego w celu elastycznego zastosowania.<\/li>\n<\/ul>\n<h4>Dane techniczne<\/h4>\n<ul>\n<li><strong>Wolta\u017c<\/strong>: 12 \u2013 24 VDC (-10%\/+15%)<\/li>\n<li><strong>Zu\u017cycie energii<\/strong>: Maks. 550 mA (12 VDC), reszta 240 mA (12 VDC), maks. 270 mA (24 VDC), reszta 110 mA (24 VDC)<\/li>\n<li><strong>Zakres temperatur<\/strong>: -20\u00b0C do +60\u00b0C<\/li>\n<li><strong>Wyst\u0119p regu\u0142y przypadku<\/strong>: 14 mm<\/li>\n<li><strong>G\u0142\u0119boko\u015b\u0107 trzpienia<\/strong>: Regulowane 25, 28, 30, 33 i 35 mm<\/li>\n<li><strong>Post<\/strong>: 25 mm<\/li>\n<li><strong>Szczelina drzwi<\/strong>: 3 \u2013 5 mm<\/li>\n<\/ul>\n<h4>Akcesoria<\/h4>\n<ul>\n<li><strong>Skandynawskie cylindry owalne<\/strong><\/li>\n<li><strong>P\u0142yta ko\u0144cowa<\/strong>: ABLOY 4613, 4614, EA308 lub 443608 do drzwi skrzyd\u0142owych<\/li>\n<li><strong>Kabel po\u0142\u0105czeniowy EA220<\/strong>: 10 m<\/li>\n<li><strong>Transmisja kablowa<\/strong>: EA280\/EA281<\/li>\n<\/ul>\n<h4>Niezawodne rozwi\u0105zanie zabezpieczaj\u0105ce<\/h4>\n<p>Assa Abloy EL402 to idealne rozwi\u0105zanie zapewniaj\u0105ce bezpiecze\u0144stwo i wygod\u0119 w r\u00f3\u017cnych \u015brodowiskach. Dzi\u0119ki solidnej konstrukcji i zaawansowanym funkcjom ten zamek elektromechaniczny idealnie nadaje si\u0119 do integracji nowoczesnych zabezpiecze\u0144. Wybierz Assa Abloy EL402, aby uzyska\u0107 niezawodne i elastyczne rozwi\u0105zanie bezpiecze\u0144stwa.<\/p>\n<p><a href=\"https:\/\/static-mpc-spear-production.assaabloy.com\/asfe\/\/Fetchfile.aspx?id=45330\" rel=\"noopener\">Karta produktu<\/a><\/p>","protected":false},"excerpt":{"rendered":"<header class=\"product-header\" role=\"banner\">\n<div class=\"short description product-short-description\">Assa Abloy EL402 to zamek elektromechaniczny z regulowan\u0105 g\u0142\u0119boko\u015bci\u0105 trzpienia i blokuj\u0105c\u0105 obudow\u0105 dwufunkcyjn\u0105. Idealny do zastosowa\u0144 komercyjnych, biurowych i przemys\u0142owych, zamek ten zapewnia bezpiecze\u0144stwo i wygod\u0119 dzi\u0119ki sterowaniu elektrycznemu i \u0142atwej instalacji. Mo\u017cliwo\u015b\u0107 dostosowania do drzwi prawych i lewych.<\/div>\n<\/header>","protected":false},"featured_media":144393,"template":"","meta":{"_acf_changed":false},"product_brand":[],"product_cat":[2429],"product_tag":[3131,2286],"class_list":{"0":"post-79599","1":"product","2":"type-product","3":"status-publish","4":"has-post-thumbnail","6":"product_cat-ellas","7":"product_tag-el402","8":"product_tag-ellas-eltryckeslas","9":"product_shipping_class-tunga-paket","10":"pa_brands-abloy","11":"tm-no-options","13":"first","14":"instock","15":"sale","16":"featured","17":"taxable","18":"shipping-taxable","19":"purchasable","20":"product-type-simple"},"acf":[],"_links":{"self":[{"href":"https:\/\/secureus.se\/pl\/wp-json\/wp\/v2\/product\/79599","targetHints":{"allow":["GET"]}}],"collection":[{"href":"https:\/\/secureus.se\/pl\/wp-json\/wp\/v2\/product"}],"about":[{"href":"https:\/\/secureus.se\/pl\/wp-json\/wp\/v2\/types\/product"}],"wp:featuredmedia":[{"embeddable":true,"href":"https:\/\/secureus.se\/pl\/wp-json\/wp\/v2\/media\/144393"}],"wp:attachment":[{"href":"https:\/\/secureus.se\/pl\/wp-json\/wp\/v2\/media?parent=79599"}],"wp:term":[{"taxonomy":"product_brand","embeddable":true,"href":"https:\/\/secureus.se\/pl\/wp-json\/wp\/v2\/product_brand?post=79599"},{"taxonomy":"product_cat","embeddable":true,"href":"https:\/\/secureus.se\/pl\/wp-json\/wp\/v2\/product_cat?post=79599"},{"taxonomy":"product_tag","embeddable":true,"href":"https:\/\/secureus.se\/pl\/wp-json\/wp\/v2\/product_tag?post=79599"}],"curies":[{"name":"wp","href":"https:\/\/api.w.org\/{rel}","templated":true}]}}