{"id":79600,"date":"2022-03-10T15:40:00","date_gmt":"2022-03-10T14:40:00","guid":{"rendered":"https:\/\/secureus.se\/produkt\/abloy-el480-split-funktion-35-mm\/"},"modified":"2026-04-15T17:12:57","modified_gmt":"2026-04-15T15:12:57","slug":"abloy-el480-split-funktion-35-mm","status":"publish","type":"product","link":"https:\/\/secureus.se\/pl\/abloy-el480-split-funktion-35-mm\/","title":{"rendered":"Funkcja podzia\u0142u Abloy EL480 35 mm"},"content":{"rendered":"<div>\n<h3>Obszar zastosowania<\/h3>\n<p>Elektryczny zamek dociskowy EL480 to wielofunkcyjny zamek przystosowany do drzwi cz\u0119sto ucz\u0119szczanych, o w\u0105skim profilu.<\/p>\n<p>nadaje si\u0119 jako zamkni\u0119cie dzienne i wewn\u0119trzne w handlu, biurach i przemy\u015ble lub w wej\u015bciach i obszarach publicznych w budynkach wielorodzinnych. ABLOY EL480 mo\u017ce by\u0107 stosowany w granicach ogniw przeciwpo\u017carowych.<\/p>\n<h3>Charakterystyka<\/h3>\n<p>\u2022 Blokowany spadek ci\u015bnienia Zamek mo\u017cna zawsze obs\u0142ugiwa\u0107 za pomoc\u0105 cylindra\/pokr\u0119t\u0142a<\/p>\n<p>\u2022 Wielofunkcyjny<\/p>\n<p>\u2013 12-24VDC, stabilne<\/p>\n<p>\u2013 \u0142atwe prze\u0142\u0105czanie funkcji prz\u00f3d\/ty\u0142<\/p>\n<p>\u2013 \u0142atwe prze\u0142\u0105czanie strony obs\u0142ugiwanej elektrycznie \/ mechanicznie<\/p>\n<p>2 mikroprze\u0142\u0105czniki<\/p>\n<p>\u2013 Blokada (pozycja drzwi)<\/p>\n<p>\u2013 Ruch t\u0142oczony, g\u0142\u0119boko\u015b\u0107 trzpienia 29 lub 35 mm<\/p>\n<p>Wszystkie kable wyposa\u017cone w z\u0142\u0105cza u\u0142atwiaj\u0105ce instalacj\u0119 za pomoc\u0105 kabla po\u0142\u0105czeniowego EA220 W pe\u0142ni przystosowane do stojak\u00f3w gniazdowych ASSA ABLOY<\/p>\n<h3>Funkcjonowa\u0107<\/h3>\n<p>EL480 z funkcj\u0105 podzia\u0142u<\/p>\n<p>\u2013 Sterowanie elektryczne pod ci\u015bnieniem zewn\u0119trznym<\/p>\n<p>- Nacisk od wewn\u0105trz zawsze otwiera zamek mechanicznie<\/p>\n<h3>Dane techniczne<\/h3>\n<p>\u2022 Pob\u00f3r mocy Maks. 350 mA<\/p>\n<p>\u2022 Reszta 120 mA<\/p>\n<p>\u2022 Mikroprze\u0142\u0105cznik Prze\u0142\u0105czanie jednobiegunowe Max. 30 V pr\u0105du sta\u0142ego, 400 mA<\/p>\n<\/div>","protected":false},"excerpt":{"rendered":"<p>Anv\u00e4ndningsomr\u00e5de Eltryckesl\u00e5s EL480 \u00a0\u00e4r ett multifunktionellt l\u00e5s anpassat f\u00f6r h\u00f6gfrekventa d\u00f6rrar i smalprofilutf\u00f6rande. passar bra som dagl\u00e5sning och intern l\u00e5sning inom handel, kontor och industri eller i entr\u00e9er och allm\u00e4nna<\/p>","protected":false},"featured_media":145417,"template":"","meta":{"_acf_changed":false},"product_brand":[],"product_cat":[2429],"product_tag":[2931,2289,2417],"class_list":{"0":"post-79600","1":"product","2":"type-product","3":"status-publish","4":"has-post-thumbnail","6":"product_cat-ellas","7":"product_tag-abloy-el480","8":"product_tag-ellas-split-spindle","9":"product_tag-rel-abloy-ellas","10":"product_shipping_class-tunga-paket","11":"pa_brands-abloy","12":"tm-no-options","14":"first","15":"instock","16":"sale","17":"featured","18":"taxable","19":"shipping-taxable","20":"purchasable","21":"product-type-simple"},"acf":[],"_links":{"self":[{"href":"https:\/\/secureus.se\/pl\/wp-json\/wp\/v2\/product\/79600","targetHints":{"allow":["GET"]}}],"collection":[{"href":"https:\/\/secureus.se\/pl\/wp-json\/wp\/v2\/product"}],"about":[{"href":"https:\/\/secureus.se\/pl\/wp-json\/wp\/v2\/types\/product"}],"wp:featuredmedia":[{"embeddable":true,"href":"https:\/\/secureus.se\/pl\/wp-json\/wp\/v2\/media\/145417"}],"wp:attachment":[{"href":"https:\/\/secureus.se\/pl\/wp-json\/wp\/v2\/media?parent=79600"}],"wp:term":[{"taxonomy":"product_brand","embeddable":true,"href":"https:\/\/secureus.se\/pl\/wp-json\/wp\/v2\/product_brand?post=79600"},{"taxonomy":"product_cat","embeddable":true,"href":"https:\/\/secureus.se\/pl\/wp-json\/wp\/v2\/product_cat?post=79600"},{"taxonomy":"product_tag","embeddable":true,"href":"https:\/\/secureus.se\/pl\/wp-json\/wp\/v2\/product_tag?post=79600"}],"curies":[{"name":"wp","href":"https:\/\/api.w.org\/{rel}","templated":true}]}}