{"id":80828,"date":"2023-06-19T10:00:25","date_gmt":"2023-06-19T08:00:25","guid":{"rendered":"https:\/\/secureus.se\/produkt\/neo-communicator-ethernet-tl280-2\/"},"modified":"2025-12-31T20:48:18","modified_gmt":"2025-12-31T19:48:18","slug":"dsc-communicator-tl280","status":"publish","type":"product","link":"https:\/\/secureus.se\/pl\/dsc-communicator-tl280\/","title":{"rendered":"Komunikator DSC Ethernet TL280"},"content":{"rendered":"<p><strong>Bezpieczne i elastyczne monitorowanie za pomoc\u0105 komunikatora DSC TL280:<\/strong> Komunikator DSC TL280 zosta\u0142 zaprojektowany w celu zapewnienia solidnej i niezawodnej komunikacji IP z systemem alarmowym Neo.<\/p>\n<p>Umo\u017cliwia zdalne programowanie i jest kompatybilny z aplikacjami mobilnymi, co zwi\u0119ksza \u0142atwo\u015b\u0107 obs\u0142ugi.<\/p>\n<p><strong>Funkcje i zalety:<\/strong><\/p>\n<ul>\n<li><strong>Pe\u0142ne wsparcie dla zdalnego programowania DLS:<\/strong> Umo\u017cliwia instalatorom \u0142atwe zdalne przeprogramowanie systemu.<\/li>\n<li><strong>Zarz\u0105dzaj formatami alarm\u00f3w:<\/strong> Obs\u0142uguje formaty alarm\u00f3w SIA i Contact ID, co zapewnia elastyczno\u015b\u0107.<\/li>\n<li><strong>Transfer obrazu:<\/strong> Obs\u0142uguje detektory kamer Neo w celu bezpiecznej transmisji obrazu do centrum alarmowego.<\/li>\n<li><strong>Klasa alarmowa 2:<\/strong> Certyfikowany certyfikatem SBSC.<\/li>\n<\/ul>\n<p><strong>Innowacyjna technologia zapewniaj\u0105ca najwy\u017csze bezpiecze\u0144stwo:<\/strong> PowerSeries Neo \u0142\u0105czy w sobie najlepsz\u0105 technologi\u0119 przewodow\u0105 i bezprzewodow\u0105, oferuj\u0105c kompleksowe rozwi\u0105zanie bezpiecze\u0144stwa. Dzi\u0119ki obs\u0142udze do 128 stref i 8 partycji umo\u017cliwia dostosowanie rozwi\u0105za\u0144 bezpiecze\u0144stwa dla r\u00f3\u017cnych cz\u0119\u015bci domu lub firmy.<\/p>\n<p><strong>Dane techniczne:<\/strong><\/p>\n<ul>\n<li><strong>Pob\u00f3r mocy:<\/strong> 100 mA.<\/li>\n<li><strong>Montowanie:<\/strong> \u0141atwy monta\u017c w g\u0142\u00f3wnej obudowie jednostki steruj\u0105cej za pomoc\u0105 szybkoz\u0142\u0105cza.<\/li>\n<li><strong>\u015arodowisko:<\/strong> Zaprojektowany do pracy w zakresie temperatur od 5\u00b0 do 40\u00b0 C.<\/li>\n<\/ul>","protected":false},"excerpt":{"rendered":"<p>Komunikator DSC TL280 to zintegrowany nadajnik alarm\u00f3w do komunikacji IP poprzez sta\u0142e po\u0142\u0105czenie sieciowe z systemem alarmowym Neo.<\/p>\n<p>Obs\u0142uguje zdalne programowanie DLS i obs\u0142uguje formaty alarm\u00f3w SIA i Contact ID.<\/p>\n<p>Dzi\u0119ki obs\u0142udze aplikacji mobilnej (Connect Alarm) i funkcjom detektora kamery do przesy\u0142ania obrazu do centrum alarmowego, TL280 oferuje niezawodne rozwi\u0105zanie bezpiecze\u0144stwa.<\/p>","protected":false},"featured_media":141188,"template":"","meta":{"_acf_changed":false},"product_brand":[],"product_cat":[3320,1322],"product_tag":[3311,3024],"class_list":{"0":"post-80828","1":"product","2":"type-product","3":"status-publish","4":"has-post-thumbnail","6":"product_cat-larmsandare-dsc-larm-neo-power-hybridlarm","7":"product_cat-dsc-larm-neo-power-hybridlarm","8":"product_tag-dsc-neo-svensk-manual","9":"product_tag-neo-gsm-ip-4g-larmsandare","10":"product_shipping_class-postnord-varubrev","11":"pa_brands-4dsc","12":"tm-has-options","14":"first","15":"instock","16":"sale","17":"featured","18":"taxable","19":"shipping-taxable","20":"purchasable","21":"product-type-simple"},"acf":[],"_links":{"self":[{"href":"https:\/\/secureus.se\/pl\/wp-json\/wp\/v2\/product\/80828","targetHints":{"allow":["GET"]}}],"collection":[{"href":"https:\/\/secureus.se\/pl\/wp-json\/wp\/v2\/product"}],"about":[{"href":"https:\/\/secureus.se\/pl\/wp-json\/wp\/v2\/types\/product"}],"wp:featuredmedia":[{"embeddable":true,"href":"https:\/\/secureus.se\/pl\/wp-json\/wp\/v2\/media\/141188"}],"wp:attachment":[{"href":"https:\/\/secureus.se\/pl\/wp-json\/wp\/v2\/media?parent=80828"}],"wp:term":[{"taxonomy":"product_brand","embeddable":true,"href":"https:\/\/secureus.se\/pl\/wp-json\/wp\/v2\/product_brand?post=80828"},{"taxonomy":"product_cat","embeddable":true,"href":"https:\/\/secureus.se\/pl\/wp-json\/wp\/v2\/product_cat?post=80828"},{"taxonomy":"product_tag","embeddable":true,"href":"https:\/\/secureus.se\/pl\/wp-json\/wp\/v2\/product_tag?post=80828"}],"curies":[{"name":"wp","href":"https:\/\/api.w.org\/{rel}","templated":true}]}}