{"id":81642,"date":"2022-12-27T14:34:56","date_gmt":"2022-12-27T13:34:56","guid":{"rendered":"https:\/\/secureus.se\/produkt\/ajax-hub2-centralapparat-lan-4g-vit\/"},"modified":"2026-03-30T12:07:37","modified_gmt":"2026-03-30T10:07:37","slug":"ajax-hub-2-4g-vit","status":"publish","type":"product","link":"https:\/\/secureus.se\/pl\/ajax-hub-2-4g-vit\/","title":{"rendered":"Ajax Hub 2 Bia\u0142a Jednostka Centralna (4G + Ethernet)"},"content":{"rendered":"<h3><strong>Ajax Hub 2 4G \u2013 nowy standard bezpiecze\u0144stwa<\/strong><\/h3>\n<p>Ajax Hub 2 4G to najnowsza innowacja firmy Ajax Systems, kt\u00f3ra reprezentuje nowy standard bezpiecze\u0144stwa i niezawodno\u015bci. Jest to jednostka centralna systemu bezpiecze\u0144stwa, \u0142\u0105cz\u0105ca bezprzewodowe urz\u0105dzenia Ajax za po\u015brednictwem sieci LAN i 4G.<\/p>\n<p>Zaprojektowany z my\u015bl\u0105 o domach i ma\u0142ych firmach, koncentrator oferuje zaawansowane rozwi\u0105zanie do ochrony mienia i kosztowno\u015bci.<\/p>\n<p><strong>Komunikacja poprzez LAN i 4G<\/strong><\/p>\n<p>Ajax Hub 2 4G oferuje zar\u00f3wno po\u0142\u0105czenie LAN, jak i 4G LTE (FDD B1\/B3\/B5\/B7\/B8\/B20), aby zapewni\u0107 niezawodn\u0105 i elastyczn\u0105 komunikacj\u0119.<\/p>\n<p>\u0141\u0105cz\u0105c si\u0119 z routerem lub Internetem za pomoc\u0105 kabla sieciowego i aktywuj\u0105c 4G, zyskujesz bezpieczn\u0105 i szybk\u0105 transmisj\u0119 alarm\u00f3w, dzi\u0119ki czemu system dzia\u0142a nawet w przypadku zaniku po\u0142\u0105czenia internetowego.<\/p>\n<p>Opcja komunikacji z podw\u00f3jnym po\u0142\u0105czeniem oznacza wysoki poziom bezpiecze\u0144stwa i redundancji.<\/p>\n<p><strong>Zasi\u0119g sieci bezprzewodowej i kompatybilno\u015b\u0107<\/strong><\/p>\n<p>Dzi\u0119ki zasi\u0119gowi bezprzewodowemu do 2000 metr\u00f3w na otwartym terenie, Ajax Hub 2 4G jest w stanie pokry\u0107 du\u017ce obszary bez potrzeby stosowania dodatkowego sprz\u0119tu.<\/p>\n<p>Mo\u017cna tak\u017ce pod\u0142\u0105czy\u0107 do pi\u0119ciu wzmacniaczy, takich jak ReX i ReX2, co pozwala zwi\u0119kszy\u0107 zasi\u0119g do 35 km\u00b2.<\/p>\n<p>Dzi\u0119ki temu system doskonale sprawdza si\u0119 zar\u00f3wno w ma\u0142ych, jak i du\u017cych instalacjach, niezale\u017cnie od tego, czy jest to dom, firma, czy wi\u0119ksza nieruchomo\u015b\u0107.<\/p>\n<p><strong>Zarz\u0105dzanie kamerami i przesy\u0142anie strumieniowe<\/strong><\/p>\n<p>Ajax Hub 2 4G ma wbudowan\u0105 funkcj\u0119 zarz\u0105dzania kamerami Ajax IR i mo\u017ce wysy\u0142a\u0107 seri\u0119 obraz\u00f3w w przypadku alarmu.<\/p>\n<p>Obrazy te s\u0105 dostarczane wy\u0142\u0105cznie w przypadku wyst\u0105pienia alarmu i umo\u017cliwiaj\u0105 u\u017cytkownikowi wizualn\u0105 weryfikacj\u0119 zdarzenia. Ponadto system mo\u017ce przesy\u0142a\u0107 strumieniowo do 25 kamer lub rejestrator\u00f3w NVR popularnych marek, takich jak Ezviz i Hikvision.<\/p>\n<p>Zapewnia to pe\u0142ny monitoring i bezpiecze\u0144stwo, jednocze\u015bnie zapewniaj\u0105c u\u017cytkownikowi szybk\u0105 i niezawodn\u0105 metod\u0119 kontrolowania sytuacji.<\/p>\n<p><strong>Scenariusze i automatyzacja<\/strong><\/p>\n<p>Jedn\u0105 z najbardziej przydatnych funkcji Ajax Hub 2 4G jest mo\u017cliwo\u015b\u0107 tworzenia zautomatyzowanych scenariuszy.<\/p>\n<p>Mo\u017cna na przyk\u0142ad zaprogramowa\u0107 system tak, aby w\u0142\u0105cza\u0142 \u015bwiat\u0142a w przypadku alarmu lub zgodnie z harmonogramem albo wy\u0142\u0105cza\u0142 dop\u0142yw wody, aby zapobiec zalaniu.<\/p>\n<p>Mo\u017cliwe jest r\u00f3wnie\u017c u\u017cycie przycisku ataku lub inteligentnego, aby aktywowa\u0107 akcje za naci\u015bni\u0119ciem przycisku, takie jak w\u0142\u0105czenie \u015bwiat\u0142a lub otwarcie bramy gara\u017cowej.<\/p>\n<p><strong>U\u017cytkownicy, urz\u0105dzenia i grupy<\/strong><\/p>\n<p>Ajax Hub 2 4G mo\u017ce obs\u0142u\u017cy\u0107 do 50 u\u017cytkownik\u00f3w i pod\u0142\u0105czy\u0107 do 100 urz\u0105dze\u0144.<\/p>\n<p>Dzi\u0119ki temu jest odpowiedni zar\u00f3wno dla u\u017cytkownik\u00f3w prywatnych, jak i komercyjnych.<\/p>\n<p>Mo\u017cesz utworzy\u0107 maksymalnie 9 obszar\u00f3w lub grup, aby zapewni\u0107 lepsz\u0105 orientacj\u0119 i zarz\u0105dzanie bezpiecze\u0144stwem, na przyk\u0142ad konfiguruj\u0105c r\u00f3\u017cne pokoje i grupy, aby zobaczy\u0107, gdzie wyst\u0119puj\u0105 alarmy, np. \u201e\u0141azienka 2\u201d lub \u201eDrugie pi\u0119tro\u201d.<\/p>\n<p><strong>Zasilanie i podtrzymanie bateryjne<\/strong><\/p>\n<p>Ajax Hub 2 4G jest wyposa\u017cony w akumulator Li-Ion 2Ah, kt\u00f3ry zapewnia podtrzymanie bateryjne do 16 godzin.<\/p>\n<p>Dzi\u0119ki temu system mo\u017ce kontynuowa\u0107 prac\u0119 nawet w przypadku awarii zasilania, zapewniaj\u0105c ci\u0105g\u0142e bezpiecze\u0144stwo.<\/p>\n<p>Zasilacz jest kompatybilny z napi\u0119ciem 110-240 V, 50\/60 Hz, dzi\u0119ki czemu mo\u017cna go stosowa\u0107 na ca\u0142ym \u015bwiecie.<\/p>\n<p><strong>Dane techniczne:<\/strong><\/p>\n<ul>\n<li><strong>Zasi\u0119g bezprzewodowy:<\/strong> Do 2000 metr\u00f3w na otwartym terenie (w zale\u017cno\u015bci od pod\u0142\u0105czonego produktu)<\/li>\n<li><strong>Przesy\u0142anie strumieniowe z kamery:<\/strong> Do 25 kamer lub rejestrator\u00f3w NVR<\/li>\n<li><strong>Karta SIM:<\/strong> 2 \u00d7 Micro SIM (2G, 3G, 4G LTE)<\/li>\n<li><strong>Bateria zapasowa:<\/strong> Do 16 godzin<\/li>\n<li><strong>Zakres temperatur:<\/strong> -10\u00b0C do +40\u00b0C<\/li>\n<li><strong>Klasa IP:<\/strong> IP50<\/li>\n<li><strong>Jednostki:<\/strong> Do 100 jednostek<\/li>\n<li><strong>U\u017cytkownik:<\/strong> Do 50 u\u017cytkownik\u00f3w<\/li>\n<li><strong>Obszary\/grupy:<\/strong> 9 obszar\u00f3w<\/li>\n<li><strong>Zasilanie:<\/strong> 110-240 V, 50\/60 Hz<\/li>\n<li><strong>Rozmiar:<\/strong> 163 \u00d7 163 \u00d7 36 mm<\/li>\n<li><strong>Waga:<\/strong> 350 gr<\/li>\n<\/ul>\n<p><strong>Zawarto\u015b\u0107 pakietu:<\/strong><\/p>\n<ul>\n<li>Ajax Hub 2 4G<\/li>\n<li>Kabel zasilaj\u0105cy<\/li>\n<li>Kabel sieciowy<\/li>\n<li>Bateria zapasowa<\/li>\n<li>Instrukcja obs\u0142ugi<\/li>\n<\/ul>\n<p><strong>Wniosek:<\/strong><\/p>\n<p>Ajax Hub 2 4G oferuje niezawodne i elastyczne rozwi\u0105zanie bezpiecze\u0144stwa zar\u00f3wno dla dom\u00f3w, jak i ma\u0142ych firm.<\/p>\n<p>Dzi\u0119ki zasi\u0119gowi sieci bezprzewodowej, transmisji strumieniowej z kamer i mo\u017cliwo\u015bci tworzenia niestandardowych scenariuszy ta jednostka centralna zapewnia zar\u00f3wno wysok\u0105 wydajno\u015b\u0107, jak i \u0142atwo\u015b\u0107 obs\u0142ugi.<\/p>\n<p>Jest to idealne rozwi\u0105zanie dla os\u00f3b poszukuj\u0105cych zaawansowanego systemu bezpiecze\u0144stwa z redundancj\u0105 zar\u00f3wno poprzez sie\u0107 LAN, jak i 4G.<\/p>","protected":false},"excerpt":{"rendered":"<p>Ajax Hub 2 4G to jednostka centralna systemu bezpiecze\u0144stwa, kt\u00f3ra wykorzystuje zar\u00f3wno sie\u0107 LAN, jak i 4G do \u0142\u0105czenia si\u0119 z urz\u0105dzeniami bezprzewodowymi Ajax.<\/p>\n<p>Ma zasi\u0119g bezprzewodowy do 2000 metr\u00f3w i mo\u017ce obs\u0142u\u017cy\u0107 do 25 kamer do przesy\u0142ania strumieniowego i transmisji obrazu w przypadku alarmu.<\/p>","protected":false},"featured_media":152095,"template":"","meta":{"_acf_changed":false},"product_brand":[],"product_cat":[3154,1319],"product_tag":[3127,2137,4863],"class_list":{"0":"post-81642","1":"product","2":"type-product","3":"status-publish","4":"has-post-thumbnail","6":"product_cat-centralenheter","7":"product_cat-ajax-larm","8":"product_tag-kontrollprodukt","9":"product_tag-lager-ajax","10":"product_tag-pf","11":"product_shipping_class-tunga-paket","12":"pa_brands-ajax-systems","13":"pa_color-vit","14":"pa_farg-vit","15":"tm-no-options","17":"first","18":"instock","19":"sale","20":"featured","21":"taxable","22":"shipping-taxable","23":"purchasable","24":"product-type-simple"},"acf":[],"_links":{"self":[{"href":"https:\/\/secureus.se\/pl\/wp-json\/wp\/v2\/product\/81642","targetHints":{"allow":["GET"]}}],"collection":[{"href":"https:\/\/secureus.se\/pl\/wp-json\/wp\/v2\/product"}],"about":[{"href":"https:\/\/secureus.se\/pl\/wp-json\/wp\/v2\/types\/product"}],"wp:featuredmedia":[{"embeddable":true,"href":"https:\/\/secureus.se\/pl\/wp-json\/wp\/v2\/media\/152095"}],"wp:attachment":[{"href":"https:\/\/secureus.se\/pl\/wp-json\/wp\/v2\/media?parent=81642"}],"wp:term":[{"taxonomy":"product_brand","embeddable":true,"href":"https:\/\/secureus.se\/pl\/wp-json\/wp\/v2\/product_brand?post=81642"},{"taxonomy":"product_cat","embeddable":true,"href":"https:\/\/secureus.se\/pl\/wp-json\/wp\/v2\/product_cat?post=81642"},{"taxonomy":"product_tag","embeddable":true,"href":"https:\/\/secureus.se\/pl\/wp-json\/wp\/v2\/product_tag?post=81642"}],"curies":[{"name":"wp","href":"https:\/\/api.w.org\/{rel}","templated":true}]}}