{"id":81644,"date":"2022-11-28T11:05:31","date_gmt":"2022-11-28T10:05:31","guid":{"rendered":"https:\/\/secureus.se\/produkt\/ajax-hub2plus-centralapparat-med-ethernet-lan-samt-wifi-och-4g-svart\/"},"modified":"2026-04-21T19:29:49","modified_gmt":"2026-04-21T17:29:49","slug":"ajax-hub-2-plus-eth-wifi-svart","status":"publish","type":"product","link":"https:\/\/secureus.se\/pl\/ajax-hub-2-plus-eth-wifi-svart\/","title":{"rendered":"Ajax Hub 2 Plus Black \u2013 Jednostka centralna (4G, WiFi, Ethernet)"},"content":{"rendered":"<h3><strong>Ajax Hub 2 Plus Wi-Fi 4G<\/strong> to najnowsza innowacja firmy Ajax Systems i doskona\u0142y wyb\u00f3r dla ka\u017cdego, kto szuka wydajnego i niezawodnego centrum bezpiecze\u0144stwa dla swojego domu lub firmy.<\/h3>\n<p>Ta jednostka centralna jest wyposa\u017cona w funkcje o wysokiej wydajno\u015bci, kt\u00f3re czyni\u0105 j\u0105 niezb\u0119dn\u0105 cz\u0119\u015bci\u0105 systemu bezpiecze\u0144stwa.<\/p>\n<p><strong>Zasi\u0119g sieci bezprzewodowej i \u0142\u0105czno\u015b\u0107<\/strong><br \/>\nDzi\u0119ki imponuj\u0105cemu zasi\u0119gowi bezprzewodowemu do 2000 metr\u00f3w, Ajax Hub 2 Plus mo\u017ce skutecznie komunikowa\u0107 si\u0119 ze wszystkimi pod\u0142\u0105czonymi urz\u0105dzeniami, nawet je\u015bli znajduj\u0105 si\u0119 one na wielu pi\u0119trach lub w oddzielnych budynkach.<\/p>\n<p>Urz\u0105dzenie mo\u017cna pod\u0142\u0105czy\u0107 do maksymalnie pi\u0119ciu jednostek ReX (repeater\u00f3w), aby mie\u0107 pewno\u015b\u0107, \u017ce sygna\u0142 dociera daleko i szeroko. To sprawia, \u017ce Hub 2 Plus jest optymalnym wyborem zar\u00f3wno dla budynk\u00f3w mieszkalnych, jak i wi\u0119kszych obiekt\u00f3w komercyjnych.<\/p>\n<p><strong>Integracja kamer i monitorowanie<\/strong><br \/>\nOpr\u00f3cz zarz\u0105dzania urz\u0105dzeniami zabezpieczaj\u0105cymi, takimi jak czujniki ruchu i czujniki drzwi, Hub 2 Plus mo\u017ce tak\u017ce integrowa\u0107 kamery i rejestratory NVR (sieciowe rejestratory wideo) r\u00f3\u017cnych producent\u00f3w, takich jak Ezviz i Hikvision.<\/p>\n<p>Mo\u017cesz zarz\u0105dza\u0107 maksymalnie 100 kamerami jednocze\u015bnie i uzyskiwa\u0107 natychmiastowe migawki w przypadku alarmu. Ta funkcja zapewnia du\u017c\u0105 elastyczno\u015b\u0107 i umo\u017cliwia \u0142atwe monitorowanie obszaru.<\/p>\n<p><strong>Stabilna komunikacja i bezpiecze\u0144stwo<\/strong><br \/>\nAjax Hub 2 Plus wykorzystuje unikalny Ajax <strong>Jubiler<\/strong> I <strong>Skrzyde\u0142ka<\/strong> protok\u00f3\u0142 komunikacji radiowej, kt\u00f3ry gwarantuje szybk\u0105 i bezpieczn\u0105 komunikacj\u0119 pomi\u0119dzy wszystkimi urz\u0105dzeniami w systemie.<\/p>\n<p>Ponadto zapewnia <strong>OS Malewicz<\/strong>, system operacyjny czasu rzeczywistego, aby urz\u0105dzenie by\u0142o stabilne, odporne na wirusy i chronione przed cyberatakami.<\/p>\n<p>System operacyjny umo\u017cliwia tak\u017ce aktualizacje bezprzewodowe, dzi\u0119ki czemu system jest aktualny i bezpieczny.<\/p>\n<p><strong>Zdalny monitoring i automatyzacja<\/strong><br \/>\nZ <strong>Bezpiecze\u0144stwo Ajaksu<\/strong> I <strong>Ajaksu PRO<\/strong> aplikacji, mo\u017cesz \u0142atwo monitorowa\u0107 i konfigurowa\u0107 ca\u0142y system za pomoc\u0105 smartfona lub komputera.<\/p>\n<p>System umo\u017cliwia automatyzacj\u0119 \u015brodk\u00f3w bezpiecze\u0144stwa poprzez <strong>scenariusze<\/strong>np. w\u0142\u0105czenie o\u015bwietlenia czy zamkni\u0119cie dop\u0142ywu wody w przypadku wyst\u0105pienia alarmu, co pozwala dostosowa\u0107 bezpiecze\u0144stwo do swoich potrzeb.<\/p>\n<p><strong>Nieprzerwana ochrona dzi\u0119ki kopii zapasowej<\/strong><br \/>\nHub 2 Plus ma wbudowan\u0105 funkcj\u0119 <strong>akumulator zapasowy<\/strong> o pojemno\u015bci 3 Ah, co oznacza, \u017ce pracuje nawet w przypadku zaniku pr\u0105du.<\/p>\n<p>Dzi\u0119ki temu Tw\u00f3j system b\u0119dzie chroniony 24 godziny na dob\u0119, 7 dni w tygodniu. W przypadku pr\u00f3b sabota\u017cu zostaniesz natychmiast ostrze\u017cony za po\u015brednictwem aplikacji i otrzymasz powiadomienie o zdarzeniu.<\/p>\n<p><strong>Dane techniczne<\/strong>:<\/p>\n<ul>\n<li><strong>Komunikacja<\/strong>: LAN, Wi-Fi, 4G<\/li>\n<li><strong>Zasi\u0119g bezprzewodowy<\/strong>: Do 2000 metr\u00f3w<\/li>\n<li><strong>U\u017cytkownik<\/strong>: Do 200<\/li>\n<li><strong>Jednostki<\/strong>: Do 200<\/li>\n<li><strong>Transmisja strumieniowa z kamery<\/strong>: Do 100 kamer lub rejestrator\u00f3w NVR\n<div><\/div>\n<\/li>\n<li><strong>Scenariusze<\/strong>: Do 64<\/li>\n<li><strong>Protok\u00f3\u0142 alarmowy<\/strong>: Sur-Gard (identyfikator kontaktu), SIA (DC-09)<\/li>\n<li><strong>Karta SIM<\/strong>: 2 szt. (2G, 3G, 4G)<\/li>\n<li><strong>Zasilanie<\/strong>: 110-240 V, 50\/60 Hz<\/li>\n<li><strong>Bateria zapasowa<\/strong>: Li-Ion 3Ah, do 16 godzin<\/li>\n<li><strong>Zakres temperatur i wilgotno\u015b\u0107<\/strong>: -10\u00b0C do +40\u00b0C, 75%<\/li>\n<li><strong>Ocena IP<\/strong>: IP50<\/li>\n<\/ul>\n<p><strong>Pakiet zawiera<\/strong>:<\/p>\n<ul>\n<li>Hub 2 Plus<\/li>\n<li>Kabel zasilaj\u0105cy<\/li>\n<li>Kabel sieciowy<\/li>\n<li>Bateria zapasowa<\/li>\n<\/ul>\n<p><strong>Wszechstronne po\u0142\u0105czenie<br \/>\n<\/strong>Hub 2 Plus obs\u0142uguje \u0142\u0105czno\u015b\u0107 poprzez LAN, WiFi oraz 4G, co zapewnia elastyczno\u015b\u0107 i niezawodno\u015b\u0107 w komunikacji ze \u015bwiatem zewn\u0119trznym. Mo\u017cesz pod\u0142\u0105czy\u0107 go do r\u00f3\u017cnych dostawc\u00f3w Internetu i zapewni\u0107 sta\u0142\u0105 komunikacj\u0119.<\/p>\n<p><strong>Szybka weryfikacja alarmu ze zdj\u0119ciem<br \/>\n<\/strong>W przypadku alarmu Hub 2 Plus mo\u017ce wys\u0142a\u0107 seri\u0119 obraz\u00f3w z detektor\u00f3w MotionCam w zaledwie 9 sekund. Daje to mo\u017cliwo\u015b\u0107 szybkiej oceny sytuacji i przekazania w\u0142a\u015bciwej informacji do centrum monitorowania.<\/p>\n<p><strong>Bardzo \u0142atwa instalacja<br \/>\n<\/strong>Aby zainstalowa\u0107 ten zaawansowany alarm i cieszy\u0107 si\u0119 niezr\u00f3wnanym bezpiecze\u0144stwem, pobierz aplikacj\u0119 Ajax Systems i zeskanuj kody QR na urz\u0105dzeniach. Dzi\u0119ki Hub 2 Plus przejmiesz kontrol\u0119 nad swoim bezpiecze\u0144stwem, gdziekolwiek jeste\u015b, i uzyskasz natychmiastow\u0105 weryfikacj\u0119 alarm\u00f3w z imponuj\u0105c\u0105 szybko\u015bci\u0105 i precyzj\u0105.<\/p>","protected":false},"excerpt":{"rendered":"<p>Ajax Hub 2 Plus WiFi Ethernet i 4G to zaawansowana jednostka centralna systemu bezpiecze\u0144stwa, oferuj\u0105ca doskona\u0142y zasi\u0119g bezprzewodowy, integracj\u0119 z kamerami i nieprzerwan\u0105 komunikacj\u0119. Idealna zar\u00f3wno do zastosowa\u0144 domowych, jak i firmowych.<\/p>","protected":false},"featured_media":152109,"template":"","meta":{"_acf_changed":false},"product_brand":[],"product_cat":[3154,1319],"product_tag":[3127,2137,4863],"class_list":{"0":"post-81644","1":"product","2":"type-product","3":"status-publish","4":"has-post-thumbnail","6":"product_cat-centralenheter","7":"product_cat-ajax-larm","8":"product_tag-kontrollprodukt","9":"product_tag-lager-ajax","10":"product_tag-pf","11":"product_shipping_class-postnord-varubrev","12":"pa_brands-ajax-systems","13":"pa_color-svart","14":"pa_farg-svart","15":"tm-no-options","17":"first","18":"instock","19":"sale","20":"featured","21":"taxable","22":"shipping-taxable","23":"purchasable","24":"product-type-simple"},"acf":[],"_links":{"self":[{"href":"https:\/\/secureus.se\/pl\/wp-json\/wp\/v2\/product\/81644","targetHints":{"allow":["GET"]}}],"collection":[{"href":"https:\/\/secureus.se\/pl\/wp-json\/wp\/v2\/product"}],"about":[{"href":"https:\/\/secureus.se\/pl\/wp-json\/wp\/v2\/types\/product"}],"wp:featuredmedia":[{"embeddable":true,"href":"https:\/\/secureus.se\/pl\/wp-json\/wp\/v2\/media\/152109"}],"wp:attachment":[{"href":"https:\/\/secureus.se\/pl\/wp-json\/wp\/v2\/media?parent=81644"}],"wp:term":[{"taxonomy":"product_brand","embeddable":true,"href":"https:\/\/secureus.se\/pl\/wp-json\/wp\/v2\/product_brand?post=81644"},{"taxonomy":"product_cat","embeddable":true,"href":"https:\/\/secureus.se\/pl\/wp-json\/wp\/v2\/product_cat?post=81644"},{"taxonomy":"product_tag","embeddable":true,"href":"https:\/\/secureus.se\/pl\/wp-json\/wp\/v2\/product_tag?post=81644"}],"curies":[{"name":"wp","href":"https:\/\/api.w.org\/{rel}","templated":true}]}}