{"id":81655,"date":"2022-12-27T14:19:51","date_gmt":"2022-12-27T13:19:51","guid":{"rendered":"https:\/\/secureus.se\/?post_type=product&#038;p=81655"},"modified":"2026-03-30T12:19:33","modified_gmt":"2026-03-30T10:19:33","slug":"ajax-motionprotect-outdoor","status":"publish","type":"product","link":"https:\/\/secureus.se\/pl\/ajax-motionprotect-outdoor\/","title":{"rendered":"Ajax MotionProtect Zewn\u0119trzny detektor podczerwieni \u2013 do u\u017cytku na zewn\u0105trz \u2013 IP55"},"content":{"rendered":"<h3><strong>Chro\u0144 swoj\u0105 przestrze\u0144 na zewn\u0105trz dzi\u0119ki Ajax MotionProtect Outdoor<\/strong><\/h3>\n<p>Aby zapewni\u0107 skuteczne bezpiecze\u0144stwo domu lub firmy, istotne jest zabezpieczenie teren\u00f3w zewn\u0119trznych przed w\u0142amaniami.<\/p>\n<p>Ajax MotionProtect Outdoor to idealne rozwi\u0105zanie do utrzymania wysokiego poziomu bezpiecze\u0144stwa na zewn\u0105trz, dzi\u0119ki zaawansowanej technologii i konstrukcji, kt\u00f3ra zapewnia niezawodn\u0105 detekcj\u0119 ruchu bez fa\u0142szywych alarm\u00f3w.<\/p>\n<p><strong>Dwuetapowy algorytm dla technologii fa\u0142szywych alarm\u00f3w<\/strong><\/p>\n<p>Jednym z najwi\u0119kszych wyzwa\u0144 podczas stosowania czujek ruchu na zewn\u0105trz jest mo\u017cliwo\u015b\u0107 rozr\u00f3\u017cnienia pomi\u0119dzy rzeczywistymi zagro\u017ceniami a fa\u0142szywymi alarmami.<\/p>\n<p>Aby rozwi\u0105za\u0107 ten problem, firma Ajax MotionProtect Outdoor opracowa\u0142a unikalny dwuetapowy algorytm, kt\u00f3ry wykorzystuje dwa czujniki PIR i LISA (algorytm analizy sygna\u0142u) do dok\u0142adnej analizy i filtrowania fa\u0142szywych alarm\u00f3w.<\/p>\n<p>Dzi\u0119ki temu b\u0119dziesz otrzymywa\u0107 powiadomienia tylko wtedy, gdy naprawd\u0119 istnieje zagro\u017cenie, na przyk\u0142ad obecno\u015b\u0107 intruza.<\/p>\n<p><strong>Inteligentne wykrywanie maskowania i sabota\u017cu<\/strong><\/p>\n<p>Aby zapobiec manipulacji lub zablokowaniu urz\u0105dzenia, Ajax MotionProtect Outdoor zosta\u0142 wyposa\u017cony w inteligentny system antymaskingu.<\/p>\n<p>System ten wykrywa, czy kto\u015b pr\u00f3buje zas\u0142oni\u0107 czujnik lub w inny spos\u00f3b zak\u0142\u00f3ci\u0107 jego dzia\u0142anie. Je\u015bli dojdzie do takiej manipulacji, urz\u0105dzenie natychmiast wysy\u0142a alarm, co pozwala szybko podj\u0105\u0107 dzia\u0142ania maj\u0105ce na celu zabezpieczenie Twojego mienia.<\/p>\n<p><strong>Odporno\u015b\u0107 na zwierz\u0119ta i wra\u017cliwo\u015b\u0107 adaptacyjna<\/strong><\/p>\n<p>MotionProtect Outdoor jest r\u00f3wnie\u017c wyposa\u017cony w odporno\u015b\u0107 na zwierz\u0119ta, co oznacza, \u017ce urz\u0105dzenie nie zostanie uruchomione przez ma\u0142e zwierz\u0119ta poruszaj\u0105ce si\u0119 po Twojej posesji.<\/p>\n<p>Urz\u0105dzenie ma regulowan\u0105 czu\u0142o\u015b\u0107 na trzech poziomach, kt\u00f3r\u0105 mo\u017cna dostosowa\u0107 w celu optymalizacji wykrywania w zale\u017cno\u015bci od konkretnych potrzeb i otoczenia. Odleg\u0142o\u015b\u0107 wykrywania ruchu mo\u017cna ustawi\u0107 w zakresie od 3 do 15 metr\u00f3w, co pozwala skutecznie pokry\u0107 du\u017ce obszary.<\/p>\n<p><strong>D\u0142ugi czas pracy baterii i \u0142atwa instalacja<\/strong><\/p>\n<p>Kolejn\u0105 du\u017c\u0105 zalet\u0105 Ajax MotionProtect Outdoor jest d\u0142ugi czas pracy baterii. Urz\u0105dzenie wykorzystuje dwie fabrycznie zainstalowane baterie CR123A, kt\u00f3re wytrzymuj\u0105 nawet 5 lat, dzi\u0119ki czemu mo\u017cna je ustawi\u0107 i zapomnie\u0107 bez konieczno\u015bci cz\u0119stej wymiany baterii.<\/p>\n<p>Instalacja jest szybka i \u0142atwa dzi\u0119ki panelowi monta\u017cowemu SmartBracket, a skanuj\u0105c kod QR za pomoc\u0105 aplikacji Ajax, mo\u017cesz szybko uruchomi\u0107 detektor.<\/p>\n<p><strong>Wysokiej jako\u015bci komunikacja z Ajax Hub<\/strong><\/p>\n<p>Wykorzystuj\u0105c protok\u00f3\u0142 radiowy Jeweler, MotionProtect Outdoor utrzymuje stabiln\u0105 komunikacj\u0119 z Ajax Hub.<\/p>\n<p>Zasi\u0119g sygna\u0142u bezprzewodowego wynosi a\u017c do 1700 metr\u00f3w w terenie otwartym, co umo\u017cliwia zainstalowanie czujki w odleg\u0142ych cz\u0119\u015bciach posesji bez utraty po\u0142\u0105czenia.<\/p>\n<p>Alarmy s\u0105 dostarczane w czasie kr\u00f3tszym ni\u017c 0,15 sekundy, co zapewnia szybk\u0105 reakcj\u0119 na w\u0142amania.<\/p>\n<p><strong>Odporna na warunki atmosferyczne i trwa\u0142a konstrukcja<\/strong><\/p>\n<p>Ajax MotionProtect Outdoor zosta\u0142 zaprojektowany tak, aby wytrzyma\u0107 wszelkie warunki pogodowe, od ekstremalnie zimnego po upa\u0142.<\/p>\n<p>Dzia\u0142a w temperaturach od -25\u00b0C do +60\u00b0C i posiada stopie\u0144 ochrony IP55, kt\u00f3ry chroni przed kurzem i rozpryskami wody.<\/p>\n<p>Dzi\u0119ki temu idealnie nadaje si\u0119 do u\u017cytku na zewn\u0105trz, niezale\u017cnie od tego, czy jest deszczowy dzie\u0144, czy podczas s\u0142onecznej fali upa\u0142\u00f3w.<\/p>\n<p><strong>Dane techniczne:<\/strong><\/p>\n<ul>\n<li><strong>Typ detektora:<\/strong> Bezprzewodowy czujnik ruchu do u\u017cytku na zewn\u0105trz<\/li>\n<li><strong>Czujniki:<\/strong> Dwa czujniki PIR<\/li>\n<li><strong>Odleg\u0142o\u015b\u0107 wykrywania ruchu:<\/strong> Regulowany, do 3-15 m<\/li>\n<li><strong>K\u0105t detekcji:<\/strong> 90\u00b0 w poziomie<\/li>\n<li><strong>Wra\u017cliwo\u015b\u0107:<\/strong> Regulacja w 3 poziomach<\/li>\n<li><strong>Odporno\u015b\u0107 na zwierz\u0119ta:<\/strong> Tak, do 80 cm wysoko\u015bci<\/li>\n<li><strong>Antymasking:<\/strong> Tak, inteligentny system<\/li>\n<li><strong>Zasilanie:<\/strong> 2 baterie CR123A (fabrycznie zainstalowane)<\/li>\n<li><strong>\u017bywotno\u015b\u0107 baterii:<\/strong> Do 5 lat<\/li>\n<li><strong>Obszar komunikacji:<\/strong> Do 2700 mil wolnego terenu<\/li>\n<li><strong>Klasa ochrony:<\/strong> IP55 (do u\u017cytku na zewn\u0105trz)<\/li>\n<li><strong>Temperatura pracy:<\/strong> -25\u00b0C do +60\u00b0C<\/li>\n<li><strong>Wilgotno\u015b\u0107:<\/strong> Do 95%<\/li>\n<li><strong>Protok\u00f3\u0142 komunikacyjny:<\/strong> Jubiler<\/li>\n<li><strong>Wysoko\u015b\u0107 monta\u017cu:<\/strong> Zalecane 0,8\u20131,3 m<\/li>\n<li><strong>Wymiary:<\/strong> 183 \u00d7 70 \u00d7 65 mm<\/li>\n<li><strong>Waga:<\/strong> 322 gr<\/li>\n<\/ul>\n<p><strong>Zawarto\u015b\u0107 pakietu:<\/strong><\/p>\n<ul>\n<li>Zewn\u0119trzny czujnik ruchu Ajax MotionProtect<\/li>\n<li>Panel monta\u017cowy SmartBracket<\/li>\n<li>2 \u00d7 baterie CR123A (fabrycznie zainstalowane)<\/li>\n<li>Zestaw instalacyjny<\/li>\n<li>Instrukcja obs\u0142ugi<\/li>\n<\/ul>\n<p><strong>Wniosek:<\/strong><\/p>\n<p>Ajax MotionProtect Outdoor to najlepszy wyb\u00f3r do ochrony domu lub firmy przed w\u0142amaniami z zewn\u0105trz.<\/p>\n<p>Dzi\u0119ki zaawansowanym funkcjom, takim jak dwustopniowy algorytm fa\u0142szywego alarmu, antymasking i odporno\u015b\u0107 na zwierz\u0119ta, ta bezprzewodowa czujka ruchu zapewnia niezawodne i dok\u0142adne bezpiecze\u0144stwo.<\/p>\n<p>D\u0142ugi czas pracy baterii, \u0142atwa instalacja i trwa\u0142a konstrukcja sprawiaj\u0105, \u017ce jest to doskona\u0142y wyb\u00f3r zar\u00f3wno do prywatnych, jak i komercyjnych rozwi\u0105za\u0144 bezpiecze\u0144stwa.<\/p>","protected":false},"excerpt":{"rendered":"<p>Ajax MotionProtect Outdoor to bezprzewodowa czujka ruchu do u\u017cytku na zewn\u0105trz, zaprojektowana, aby skutecznie chroni\u0107 Tw\u00f3j dom lub firm\u0119.<\/p>\n<p>Dzi\u0119ki zaawansowanej technologii fa\u0142szywych alarm\u00f3w, antymaskingowi i d\u0142ugiej \u017cywotno\u015bci baterii do 5 lat zapewnia niezawodn\u0105 ochron\u0119 obszar\u00f3w zewn\u0119trznych.<\/p>","protected":false},"featured_media":159005,"template":"","meta":{"_acf_changed":false},"product_brand":[],"product_cat":[3157,1319,3156],"product_tag":[3152,3127,2137,4863],"class_list":{"0":"post-81655","1":"product","2":"type-product","3":"status-publish","4":"has-post-thumbnail","6":"product_cat-utomhussakerhet","7":"product_cat-ajax-larm","8":"product_cat-rorelse-och-kamera","9":"product_tag-cr123-tillbehor","10":"product_tag-kontrollprodukt","11":"product_tag-lager-ajax","12":"product_tag-pf","13":"product_shipping_class-postnord-varubrev","14":"pa_brands-ajax-systems","15":"pa_color-vit","16":"pa_farg-vit","17":"tm-no-options","19":"first","20":"instock","21":"sale","22":"featured","23":"taxable","24":"shipping-taxable","25":"purchasable","26":"product-type-simple"},"acf":[],"_links":{"self":[{"href":"https:\/\/secureus.se\/pl\/wp-json\/wp\/v2\/product\/81655","targetHints":{"allow":["GET"]}}],"collection":[{"href":"https:\/\/secureus.se\/pl\/wp-json\/wp\/v2\/product"}],"about":[{"href":"https:\/\/secureus.se\/pl\/wp-json\/wp\/v2\/types\/product"}],"wp:featuredmedia":[{"embeddable":true,"href":"https:\/\/secureus.se\/pl\/wp-json\/wp\/v2\/media\/159005"}],"wp:attachment":[{"href":"https:\/\/secureus.se\/pl\/wp-json\/wp\/v2\/media?parent=81655"}],"wp:term":[{"taxonomy":"product_brand","embeddable":true,"href":"https:\/\/secureus.se\/pl\/wp-json\/wp\/v2\/product_brand?post=81655"},{"taxonomy":"product_cat","embeddable":true,"href":"https:\/\/secureus.se\/pl\/wp-json\/wp\/v2\/product_cat?post=81655"},{"taxonomy":"product_tag","embeddable":true,"href":"https:\/\/secureus.se\/pl\/wp-json\/wp\/v2\/product_tag?post=81655"}],"curies":[{"name":"wp","href":"https:\/\/api.w.org\/{rel}","templated":true}]}}