{"id":81795,"date":"2022-11-28T11:19:38","date_gmt":"2022-11-28T10:19:38","guid":{"rendered":"https:\/\/secureus.se\/produkt\/batteri-li-ion-2ah-for-hub-hub2-hub-plus-rex-och-rex2\/"},"modified":"2026-03-10T11:00:45","modified_gmt":"2026-03-10T10:00:45","slug":"ajax-batteri-li-ion-2ah","status":"publish","type":"product","link":"https:\/\/secureus.se\/pl\/ajax-batteri-li-ion-2ah\/","title":{"rendered":"Akumulator litowo-jonowy Ajax 2Ah do piasty, piasty 2, piasty Plus, ReX i ReX2"},"content":{"rendered":"<h3>Akumulator Ajax Li-ion 2Ah do Hub, Hub 2, Hub Plus, ReX i ReX2 to wa\u017cny element zapewniaj\u0105cy d\u0142ugotrwa\u0142e dzia\u0142anie i niezawodno\u015b\u0107 Twojego systemu bezpiecze\u0144stwa.<\/h3>\n<p>Dzi\u0119ki pojemno\u015bci 2 Ah ta bateria litowo-jonowa jest idealnym rozwi\u0105zaniem zapewniaj\u0105cym dzia\u0142anie urz\u0105dze\u0144 Ajax i zapobiegaj\u0105cym przestojom w przypadku nieoczekiwanych przerw w dostawie pr\u0105du.<\/p>\n<p>Systemy alarmowe Ajax zosta\u0142y zaprojektowane, aby zapewni\u0107 wysokiej jako\u015bci bezpiecze\u0144stwo Twojego domu lub firmy i sk\u0142adaj\u0105 si\u0119 z szerokiej gamy urz\u0105dze\u0144 bezprzewodowych, kt\u00f3re mo\u017cna \u0142atwo pod\u0142\u0105czy\u0107 do centralnej centrali alarmowej.<\/p>\n<p>Aby mie\u0107 pewno\u015b\u0107, \u017ce system b\u0119dzie dzia\u0142a\u0142 nawet w przypadku zaniku zasilania, istotne jest zastosowanie niezawodnego akumulatora, a akumulator Ajax Battery Li-ion 2Ah zosta\u0142 zaprojektowany tak, aby sprosta\u0107 tej potrzebie.<\/p>\n<p>Ta bateria jest kompatybilna z kilkoma urz\u0105dzeniami Ajax, w tym Hub, Hub 2, Hub Plus, ReX i ReX2.<\/p>\n<p>Niezale\u017cnie od tego, czy posiadasz g\u0142\u00f3wny panel sterowania (Hub), czy u\u017cywasz wzmacniacza sygna\u0142u (ReX), mo\u017cesz by\u0107 pewien, \u017ce ta bateria zapewni dzia\u0142anie Twojego systemu bezpiecze\u0144stwa wtedy, gdy b\u0119dzie najbardziej potrzebny.<\/p>\n<p>Jedn\u0105 z najwi\u0119kszych zalet akumulatora litowo-jonowego Ajax 2Ah jest jego d\u0142uga \u017cywotno\u015b\u0107.<\/p>\n<p>Baterie litowo-jonowe s\u0105 znane ze swojej trwa\u0142o\u015bci i niskiego poziomu samoroz\u0142adowania, co oznacza, \u017ce b\u0119d\u0105 dzia\u0142a\u0107 przez lata bez konieczno\u015bci wymiany.<\/p>\n<p>Urz\u0105dzenie zaprojektowano tak, aby by\u0142o \u0142atwe w monta\u017cu, co oznacza, \u017ce bateri\u0119 mo\u017cna wymienia\u0107 szybko i bez problem\u00f3w, co skutkuje minimalnymi przestojami.<\/p>\n<p>Aby mie\u0107 pewno\u015b\u0107, \u017ce bateria jest zawsze w dobrym stanie i \u017ce Tw\u00f3j system dzia\u0142a tak, jak powinien, Ajax Battery Li-ion 2Ah jest wyposa\u017cony w zaawansowane funkcje zarz\u0105dzania energi\u0105 i bezpiecze\u0144stwa.<\/p>\n<p>Jest kompatybilny z protoko\u0142em komunikacyjnym Ajax Jeweler i Wing, co pozwala mu efektywnie komunikowa\u0107 si\u0119 z innymi urz\u0105dzeniami i mie\u0107 pewno\u015b\u0107, \u017ce nie b\u0119dzie problem\u00f3w z komunikacj\u0105.<\/p>\n<p>Dzi\u0119ki temperaturze roboczej w zakresie od -10\u00b0C do +40\u00b0C oraz wysokiemu poziomowi ochrony przed uszkodzeniami i przegrzaniem, akumulator litowo-jonowy 2Ah Ajax jest solidnym i niezawodnym wyborem, kt\u00f3ry zapewni dzia\u0142anie systemu bezpiecze\u0144stwa niezale\u017cnie od warunk\u00f3w pogodowych.<\/p>\n<p><strong>Zalety akumulatora litowo-jonowego Ajax 2Ah:<\/strong><\/p>\n<ul>\n<li>D\u0142uga \u017cywotno\u015b\u0107 baterii i trwa\u0142a wydajno\u015b\u0107.<\/li>\n<li>Kompatybilny z Ajax Hub, Hub 2, Hub Plus, ReX i ReX2.<\/li>\n<li>\u0141atwa instalacja i wymiana bez profesjonalnej pomocy.<\/li>\n<li>Technologia litowo-jonowa zapewnia d\u0142ug\u0105 \u017cywotno\u015b\u0107 i niskie samoroz\u0142adowanie.<\/li>\n<li>Bezpieczne i niezawodne zasilanie nawet podczas przerw w dostawie pr\u0105du.<\/li>\n<li>Kompatybilny z protoko\u0142ami Ajax&#039;s Jeweler i Wing dla wydajnej komunikacji.<\/li>\n<li>Solidna konstrukcja, kt\u00f3ra dzia\u0142a w r\u00f3\u017cnych temperaturach.<\/li>\n<\/ul>\n<p><strong>Dane techniczne:<\/strong><\/p>\n<ul>\n<li>Typ akumulatora: litowo-jonowy<\/li>\n<li>Pojemno\u015b\u0107: 2Ah<\/li>\n<li>Kompatybilno\u015b\u0107: Hub, Hub 2, Hub Plus, ReX, ReX2<\/li>\n<li>Czas \u0142adowania: Szybkie i wydajne \u0142adowanie<\/li>\n<li>Temperatura pracy: -10\u00b0C do +40\u00b0C<\/li>\n<li>Metoda instalacji: \u0141atwa instalacja i wymiana<\/li>\n<\/ul>","protected":false},"excerpt":{"rendered":"<p>Ajax Battery Li-ion 2Ah do Hub, Hub 2, Hub Plus, ReX i ReX2 to wysokiej jako\u015bci akumulator, kt\u00f3ry zapewnia bezpieczne i d\u0142ugotrwa\u0142e zasilanie Twojego sprz\u0119tu bezpiecze\u0144stwa.<\/p>\n<p>Dzi\u0119ki tej baterii Tw\u00f3j system Ajax b\u0119dzie zawsze sprawny, nawet w przypadku awarii zasilania.<\/p>","protected":false},"featured_media":0,"template":"","meta":{"_acf_changed":false},"product_brand":[],"product_cat":[3128,1862],"product_tag":[],"class_list":{"0":"post-81795","1":"product","2":"type-product","3":"status-publish","5":"product_cat-ajax-reservdelar-fasten","6":"product_cat-batterier-knappcell","7":"product_shipping_class-postnord-varubrev","8":"pa_brands-ajax-systems","9":"pa_color-vit","10":"pa_farg-vit","11":"tm-no-options","13":"first","14":"instock","15":"sale","16":"featured","17":"taxable","18":"shipping-taxable","19":"purchasable","20":"product-type-simple"},"acf":[],"_links":{"self":[{"href":"https:\/\/secureus.se\/pl\/wp-json\/wp\/v2\/product\/81795","targetHints":{"allow":["GET"]}}],"collection":[{"href":"https:\/\/secureus.se\/pl\/wp-json\/wp\/v2\/product"}],"about":[{"href":"https:\/\/secureus.se\/pl\/wp-json\/wp\/v2\/types\/product"}],"wp:attachment":[{"href":"https:\/\/secureus.se\/pl\/wp-json\/wp\/v2\/media?parent=81795"}],"wp:term":[{"taxonomy":"product_brand","embeddable":true,"href":"https:\/\/secureus.se\/pl\/wp-json\/wp\/v2\/product_brand?post=81795"},{"taxonomy":"product_cat","embeddable":true,"href":"https:\/\/secureus.se\/pl\/wp-json\/wp\/v2\/product_cat?post=81795"},{"taxonomy":"product_tag","embeddable":true,"href":"https:\/\/secureus.se\/pl\/wp-json\/wp\/v2\/product_tag?post=81795"}],"curies":[{"name":"wp","href":"https:\/\/api.w.org\/{rel}","templated":true}]}}