{"id":81844,"date":"2022-11-28T12:54:08","date_gmt":"2022-11-28T11:54:08","guid":{"rendered":"https:\/\/secureus.se\/produkt\/monteringsfaste-ridadetektor-svart\/"},"modified":"2026-05-04T12:23:40","modified_gmt":"2026-05-04T10:23:40","slug":"ajax-smart-bracket-svart-7","status":"publish","type":"product","link":"https:\/\/secureus.se\/pl\/ajax-smart-bracket-svart-7\/","title":{"rendered":"Ajax Smart Bracket Cz\u0119\u015b\u0107 zamienna Uchwyt monta\u017cowy \/ akcesoria Czujnik kurtynowy czarny"},"content":{"rendered":"<h3><strong>Uchwyt monta\u017cowy Ajax Smart Bracket do czujki kurtynowej \u2014 \u0142atwa instalacja i stabilne umiejscowienie<\/strong><\/h3>\n<p>Inteligentny wspornik Ajax to idealne akcesorium zapewniaj\u0105ce \u0142atw\u0105 instalacj\u0119 i prawid\u0142owe umieszczenie czujki kurtynowej Ajax.<\/p>\n<p>To trwa\u0142e i elastyczne rozwi\u0105zanie monta\u017cowe pozwala na przymocowanie czujki kurtynowej do powierzchni pionowej lub w rogu pomieszczenia, aby mie\u0107 pewno\u015b\u0107, \u017ce obszar detekcji najlepiej pokryje \u017c\u0105dan\u0105 powierzchni\u0119.<\/p>\n<p>Czujki kurtynowe s\u0105 szczeg\u00f3lnie przydatne do ochrony wi\u0119kszych otwartych przestrzeni, takich jak okna, drzwi lub inne punkty w\u0142amania, w kt\u00f3rych mo\u017cna wykry\u0107 ruch.<\/p>\n<p>Aby zoptymalizowa\u0107 dzia\u0142anie czujki kurtynowej, niezb\u0119dna jest prawid\u0142owa instalacja, a uchwyt monta\u017cowy Smart Bracket pozwala uzyska\u0107 najlepsze mo\u017cliwe rezultaty bez skomplikowanej instalacji.<\/p>\n<p><strong>\u0141atwa i szybka instalacja<\/strong><\/p>\n<p>Wspornik Smart Bracket zosta\u0142 zaprojektowany tak, aby by\u0142 \u0142atwy w u\u017cyciu i trwa\u0142y.<\/p>\n<p>Aby zainstalowa\u0107, nale\u017cy zdj\u0105\u0107 panel monta\u017cowy z czujki kurtynowej i przymocowa\u0107 panel Smart Bracket do powierzchni pionowej lub w rogu pomieszczenia za pomoc\u0105 ta\u015bmy dwustronnej lub innych tymczasowych element\u00f3w mocuj\u0105cych.<\/p>\n<p>Zalecana wysoko\u015b\u0107 monta\u017cu wspornika wynosi 2,4 metra, aby zapewni\u0107 najlepszy mo\u017cliwy zasi\u0119g czujki. Po umieszczeniu wspornika mo\u017cna \u0142atwo dostosowa\u0107 po\u0142o\u017cenie czujnika, aby zapewni\u0107 jego skuteczne dzia\u0142anie.<\/p>\n<p><strong>Optymalna si\u0142a sygna\u0142u i zasi\u0119g<\/strong><\/p>\n<p>Inteligentny wspornik Ajax umo\u017cliwia \u0142atwe przetestowanie si\u0142y sygna\u0142u po instalacji.<\/p>\n<p>Korzystaj\u0105c z aplikacji Ajax, mo\u017cesz szybko wykona\u0107 testy si\u0142y sygna\u0142u, aby mie\u0107 pewno\u015b\u0107, \u017ce czujka kurtynowa ma stabilny i mocny sygna\u0142.<\/p>\n<p>Je\u015bli si\u0142a sygna\u0142u jest niska, proste dostosowanie lokalizacji urz\u0105dzenia mo\u017ce znacznie poprawi\u0107 odbi\u00f3r sygna\u0142u.<\/p>\n<p>Je\u015bli po przeprowadzce si\u0142a sygna\u0142u jest nadal niewystarczaj\u0105ca, mo\u017cna zastosowa\u0107 przed\u0142u\u017cacz zasi\u0119gu sygna\u0142u radiowego ReX 2 w celu dalszego wzmocnienia sygna\u0142u.<\/p>\n<p><strong>Elastyczna i trwa\u0142a konstrukcja<\/strong><\/p>\n<p>Inteligentny wspornik Ajax zosta\u0142 zaprojektowany tak, aby by\u0142 trwa\u0142y i elastyczny.<\/p>\n<p>Jest zbudowany do obs\u0142ugi detektora kurtynowego Ajax i innych podobnych urz\u0105dze\u0144, co czyni go u\u017cytecznym dodatkiem do Twojego systemu bezpiecze\u0144stwa.<\/p>\n<p>Uchwyt Smart Bracket zosta\u0142 wyprodukowany w taki spos\u00f3b, aby zapewni\u0107 bezpieczny monta\u017c urz\u0105dze\u0144 i ochron\u0119 przed uszkodzeniami, kt\u00f3re mog\u0105 wyst\u0105pi\u0107 podczas instalacji lub u\u017cytkowania.<\/p>\n<p><strong>Kompatybilno\u015b\u0107 i bezpiecze\u0144stwo<\/strong><\/p>\n<p>Uchwyt monta\u017cowy Smart Bracket jest kompatybilny z czujk\u0105 kurtynow\u0105 Ajax i idealnie nadaje si\u0119 zar\u00f3wno do nowych instalacji, jak i modernizacji istniej\u0105cych system\u00f3w.<\/p>\n<p>Korzystaj\u0105c z aplikacji Ajax, mo\u017cesz \u0142atwo zaprogramowa\u0107 i dostosowa\u0107 system, aby mie\u0107 pewno\u015b\u0107, \u017ce wszystkie komponenty b\u0119d\u0105 dzia\u0142a\u0107 najlepiej.<\/p>\n<p>Stabilna instalacja i bezpiecze\u0144stwo zapobiegaj\u0105 manipulacji lub uszkodzeniu urz\u0105dzenia, a tak\u017ce zapewniaj\u0105 najlepsze dzia\u0142anie czujki w przypadku w\u0142amania.<\/p>\n<p><strong>Dane techniczne:<\/strong><\/p>\n<ul>\n<li><strong>Rodzaj akcesori\u00f3w:<\/strong> Uchwyt monta\u017cowy do czujki kurtynowej Ajax<\/li>\n<li><strong>Wysoko\u015b\u0107 monta\u017cu:<\/strong> Zalecane 2,4 metra<\/li>\n<li><strong>Metoda instalacji:<\/strong> Mocuje si\u0119 do powierzchni pionowych lub naro\u017cnik\u00f3w<\/li>\n<li><strong>Tworzywo:<\/strong> Trwa\u0142e i odporne na warunki atmosferyczne<\/li>\n<li><strong>Zgodno\u015b\u0107:<\/strong> Pasuje do detektora kurtynowego Ajax<\/li>\n<li><strong>Test si\u0142y sygna\u0142u:<\/strong> Tak, poprzez aplikacj\u0119 Ajax<\/li>\n<li><strong>Elementy z\u0142\u0105czne:<\/strong> Zawiera \u015bruby i mo\u017cliwo\u015b\u0107 u\u017cycia innych element\u00f3w z\u0142\u0105cznych<\/li>\n<\/ul>\n<p><strong>Wniosek:<\/strong><\/p>\n<p>Inteligentny wspornik Ajax to praktyczne i wydajne rozwi\u0105zanie umo\u017cliwiaj\u0105ce instalacj\u0119 czujki kurtynowej Ajax.<\/p>\n<p>Zapewniaj\u0105c prawid\u0142owe umiejscowienie i optymalizuj\u0105c si\u0142\u0119 sygna\u0142u, mo\u017cesz mie\u0107 pewno\u015b\u0107, \u017ce Tw\u00f3j system bezpiecze\u0144stwa dzia\u0142a optymalnie.<\/p>\n<p>Dzi\u0119ki \u0142atwej instalacji i d\u0142ugotrwa\u0142ej wydajno\u015bci, inteligentny wspornik jest wa\u017cn\u0105 cz\u0119\u015bci\u0105 systemu bezpiecze\u0144stwa Ajax.<\/p>","protected":false},"excerpt":{"rendered":"<p>Ajax Smart Bracket to uchwyt monta\u017cowy do czujki kurtynowej Ajax, kt\u00f3ry sprawia, \u017ce instalacja jest \u0142atwa i bezpieczna.<\/p>\n<p>Za pomoc\u0105 tego uchwytu mo\u017cna szybko zamontowa\u0107 czujk\u0119 kurtynow\u0105 na powierzchni pionowej lub w rogu, aby zapewni\u0107 optymalne pokrycie systemu bezpiecze\u0144stwa.<\/p>","protected":false},"featured_media":0,"template":"","meta":{"_acf_changed":false},"product_brand":[],"product_cat":[3128],"product_tag":[2137,4863],"class_list":{"0":"post-81844","1":"product","2":"type-product","3":"status-publish","5":"product_cat-ajax-reservdelar-fasten","6":"product_tag-lager-ajax","7":"product_tag-pf","8":"product_shipping_class-postnord-varubrev","9":"pa_brands-ajax-systems","10":"pa_color-svart","11":"pa_farg-svart","12":"tm-no-options","14":"first","15":"instock","16":"sale","17":"featured","18":"taxable","19":"shipping-taxable","20":"purchasable","21":"product-type-simple"},"acf":[],"_links":{"self":[{"href":"https:\/\/secureus.se\/pl\/wp-json\/wp\/v2\/product\/81844","targetHints":{"allow":["GET"]}}],"collection":[{"href":"https:\/\/secureus.se\/pl\/wp-json\/wp\/v2\/product"}],"about":[{"href":"https:\/\/secureus.se\/pl\/wp-json\/wp\/v2\/types\/product"}],"wp:attachment":[{"href":"https:\/\/secureus.se\/pl\/wp-json\/wp\/v2\/media?parent=81844"}],"wp:term":[{"taxonomy":"product_brand","embeddable":true,"href":"https:\/\/secureus.se\/pl\/wp-json\/wp\/v2\/product_brand?post=81844"},{"taxonomy":"product_cat","embeddable":true,"href":"https:\/\/secureus.se\/pl\/wp-json\/wp\/v2\/product_cat?post=81844"},{"taxonomy":"product_tag","embeddable":true,"href":"https:\/\/secureus.se\/pl\/wp-json\/wp\/v2\/product_tag?post=81844"}],"curies":[{"name":"wp","href":"https:\/\/api.w.org\/{rel}","templated":true}]}}