{"id":81849,"date":"2022-11-28T11:05:23","date_gmt":"2022-11-28T10:05:23","guid":{"rendered":"https:\/\/secureus.se\/produkt\/ajax-hub2-vit-centralapparat-med-ethernet-lan-samt-2g\/"},"modified":"2026-04-05T17:36:30","modified_gmt":"2026-04-05T15:36:30","slug":"ajax-hub-2-entralapparat-med-eth-vit","status":"publish","type":"product","link":"https:\/\/secureus.se\/pl\/ajax-hub-2-entralapparat-med-eth-vit\/","title":{"rendered":"Jednostka centralna Ajax Hub 2 - Ethernet bia\u0142y"},"content":{"rendered":"<h3>Ajax Hub 2 Ethernet to m\u00f3zg Twojego systemu bezpiecze\u0144stwa i centralny koncentrator do \u0142\u0105czenia wszystkich urz\u0105dze\u0144 bezprzewodowych Ajax.<\/h3>\n<p>Dzi\u0119ki mo\u017cliwo\u015bci po\u0142\u0105czenia kablem sieciowym z routerem ta jednostka centralna zapewnia stabiln\u0105 i szybk\u0105 komunikacj\u0119 dla ca\u0142ego systemu bezpiecze\u0144stwa.<\/p>\n<p>Idealny zar\u00f3wno dla dom\u00f3w, jak i ma\u0142ych firm, Hub 2 Ethernet ma imponuj\u0105cy zasi\u0119g do 2000 metr\u00f3w w otwartym terenie i mo\u017cliwo\u015b\u0107 pod\u0142\u0105czenia do pi\u0119ciu wzmacniaczy (ReX\/ReX2), co daje ca\u0142kowity zasi\u0119g bezprzewodowy a\u017c 35 km\u00b2.<\/p>\n<p><strong>Integracja kamery i scenariusz<\/strong>:<br \/>\nJedn\u0105 z najpot\u0119\u017cniejszych funkcji Ajax Hub 2 Ethernet jest jego zdolno\u015b\u0107 do obs\u0142ugi maksymalnie 25 kamer i rejestrator\u00f3w NVR.<\/p>\n<p>Dzi\u0119ki transmisji strumieniowej z kamery mo\u017cesz szybko uzyska\u0107 zdj\u0119cia w przypadku alarmu, co umo\u017cliwi wizualn\u0105 weryfikacj\u0119 zdarzenia. Funkcj\u0119 t\u0119 mo\u017cna \u0142atwo dostosowa\u0107 do wsp\u00f3\u0142pracy z kamerami r\u00f3\u017cnych producent\u00f3w, w tym popularnych marek, takich jak Ezviz i Hikvision, zapewniaj\u0105c elastyczno\u015b\u0107 i mo\u017cliwo\u015b\u0107 dostosowania do r\u00f3\u017cnych potrzeb w zakresie bezpiecze\u0144stwa.<\/p>\n<p><strong>\u0141atwa instalacja i u\u017cytkowanie<\/strong>:<br \/>\n\u0141atwa instalacja i u\u017cytkowanie to oczywisto\u015b\u0107 w przypadku Ajax Hub 2 Ethernet. Wystarczy pod\u0142\u0105czy\u0107 urz\u0105dzenie do routera za pomoc\u0105 kabla sieciowego i skonfigurowa\u0107 je za pomoc\u0105 aplikacji Ajax, aby zacz\u0105\u0107 z niego korzysta\u0107.<\/p>\n<p>Mo\u017cesz tak\u017ce utworzy\u0107 do 32 scenariuszy automatyzacji systemu bezpiecze\u0144stwa, takich jak w\u0142\u0105czenie \u015bwiate\u0142 w przypadku alarmu lub wy\u0142\u0105czenie dop\u0142ywu wody, aby zapobiec wyciekom.<\/p>\n<p><strong>Aktualizacje oprogramowania sprz\u0119towego i zabezpieczenia<\/strong>:<br \/>\nHub 2 Ethernet jest automatycznie aktualizowany poprzez aktualizacje oprogramowania sprz\u0119towego, dzi\u0119ki czemu system jest zawsze na bie\u017c\u0105co z najnowszymi funkcjami zabezpiecze\u0144.<\/p>\n<p>Aktualizacje odbywaj\u0105 si\u0119 szybko i sprawnie, bez zak\u0142\u00f3cania bezpiecze\u0144stwa. Hub posiada r\u00f3wnie\u017c zapasowy akumulator Li-Ion, kt\u00f3ry zapewnia a\u017c do 16 godzin pracy w przypadku zaniku zasilania, co gwarantuje ci\u0105g\u0142e bezpiecze\u0144stwo nawet w przypadku zak\u0142\u00f3ce\u0144 w dostawie pr\u0105du.<\/p>\n<p><strong>Kompatybilno\u015b\u0107 i skalowalno\u015b\u0107<\/strong>:<br \/>\nHub 2 Ethernet jest kompatybilny ze wszystkimi urz\u0105dzeniami Ajax, co czyni go elastycznym wyborem dla r\u00f3\u017cnych rozwi\u0105za\u0144 bezpiecze\u0144stwa.<\/p>\n<p>Mo\u017cesz pod\u0142\u0105czy\u0107 do 100 urz\u0105dze\u0144 i utworzy\u0107 a\u017c 9 grup lub obszar\u00f3w, aby \u0142atwiej zarz\u0105dza\u0107 bezpiecze\u0144stwem w r\u00f3\u017cnych cz\u0119\u015bciach budynku.<\/p>\n<p>Aby zapewni\u0107 bardziej szczeg\u00f3\u0142owy przegl\u0105d, mo\u017cesz utworzy\u0107 do 50 pokoi i \u015bledzi\u0107 tryby zabezpiecze\u0144 i alarmy z ka\u017cdego urz\u0105dzenia.<\/p>\n<p><strong>Informacje techniczne<\/strong>:<\/p>\n<ul>\n<li><strong>Komunikacja<\/strong>: LAN, 2G (GSM900\/DCS1800)<\/li>\n<li><strong>Zasi\u0119g bezprzewodowy<\/strong>: Do 2000 metr\u00f3w w otwartym terenie<\/li>\n<li><strong>Transmisja strumieniowa z kamery<\/strong>: Do 25 kamer lub rejestrator\u00f3w NVR<\/li>\n<li><strong>Karta SIM<\/strong>: 2 szt. (dla sieci 2G)<\/li>\n<li><strong>Zasilanie<\/strong>: 110-240 V, 50\/60 Hz<\/li>\n<li><strong>Bateria zapasowa<\/strong>: Li-Ion 2Ah (do 16 godzin)<\/li>\n<li><strong>Zakres temperatur<\/strong>: -10\u00b0C do +40\u00b0C<\/li>\n<li><strong>Ocena IP<\/strong>: IP50<\/li>\n<li><strong>Mierzy\u0107<\/strong>: 160 \u00d7 160 \u00d7 36 mm<\/li>\n<li><strong>Waga<\/strong>: 400 gr<\/li>\n<\/ul>\n<p><strong>Co zawiera pakiet<\/strong>:<\/p>\n<ul>\n<li>Hub 2 Ethernet<\/li>\n<li>Kabel zasilaj\u0105cy<\/li>\n<li>Kabel sieciowy<\/li>\n<li>Bateria zapasowa<\/li>\n<\/ul>","protected":false},"excerpt":{"rendered":"<p>Ajax Hub 2 Ethernet to wydajne i niezawodne urz\u0105dzenie centralne, kt\u00f3re umo\u017cliwia pod\u0142\u0105czenie urz\u0105dze\u0144 bezprzewodowych Ajax do systemu bezpiecze\u0144stwa za pomoc\u0105 kabla sieciowego.<\/p>\n<p>Idealny zar\u00f3wno dla domu, jak i ma\u0142ych firm, z doskona\u0142ym zasi\u0119giem i zaawansowan\u0105 funkcjonalno\u015bci\u0105 do przesy\u0142ania strumieniowego z kamery i scenariuszy.<\/p>","protected":false},"featured_media":152095,"template":"","meta":{"_acf_changed":false},"product_brand":[],"product_cat":[3154,1319],"product_tag":[3127,2137,4863],"class_list":{"0":"post-81849","1":"product","2":"type-product","3":"status-publish","4":"has-post-thumbnail","6":"product_cat-centralenheter","7":"product_cat-ajax-larm","8":"product_tag-kontrollprodukt","9":"product_tag-lager-ajax","10":"product_tag-pf","11":"product_shipping_class-postnord-varubrev","12":"pa_brands-ajax-systems","13":"pa_color-vit","14":"pa_farg-vit","15":"tm-no-options","17":"first","18":"instock","19":"sale","20":"featured","21":"taxable","22":"shipping-taxable","23":"purchasable","24":"product-type-simple"},"acf":[],"_links":{"self":[{"href":"https:\/\/secureus.se\/pl\/wp-json\/wp\/v2\/product\/81849","targetHints":{"allow":["GET"]}}],"collection":[{"href":"https:\/\/secureus.se\/pl\/wp-json\/wp\/v2\/product"}],"about":[{"href":"https:\/\/secureus.se\/pl\/wp-json\/wp\/v2\/types\/product"}],"wp:featuredmedia":[{"embeddable":true,"href":"https:\/\/secureus.se\/pl\/wp-json\/wp\/v2\/media\/152095"}],"wp:attachment":[{"href":"https:\/\/secureus.se\/pl\/wp-json\/wp\/v2\/media?parent=81849"}],"wp:term":[{"taxonomy":"product_brand","embeddable":true,"href":"https:\/\/secureus.se\/pl\/wp-json\/wp\/v2\/product_brand?post=81849"},{"taxonomy":"product_cat","embeddable":true,"href":"https:\/\/secureus.se\/pl\/wp-json\/wp\/v2\/product_cat?post=81849"},{"taxonomy":"product_tag","embeddable":true,"href":"https:\/\/secureus.se\/pl\/wp-json\/wp\/v2\/product_tag?post=81849"}],"curies":[{"name":"wp","href":"https:\/\/api.w.org\/{rel}","templated":true}]}}