{"id":81864,"date":"2022-11-28T12:53:57","date_gmt":"2022-11-28T11:53:57","guid":{"rendered":"https:\/\/secureus.se\/produkt\/monteringsfaste-magnetkontakt-vit\/"},"modified":"2026-03-13T13:18:24","modified_gmt":"2026-03-13T12:18:24","slug":"ajax-smart-bracket-monteringsfaste-dorrsensor-magnetkontakt","status":"publish","type":"product","link":"https:\/\/secureus.se\/pl\/ajax-smart-bracket-monteringsfaste-dorrsensor-magnetkontakt\/","title":{"rendered":"Cz\u0119\u015b\u0107 zamienna Ajax \u2013 uchwyt monta\u017cowy do DoorProtect\/GlassProtect (tylko jednostka czujnika, nie cz\u0119\u015b\u0107 magnetyczna) \u2013 bia\u0142y"},"content":{"rendered":"<h3><strong>Ajax Smart Bracket Wspornik monta\u017cowy do czujnika drzwi i styku magnetycznego<\/strong><\/h3>\n<p>Inteligentny wspornik Ajax to wydajny i przyjazny dla u\u017cytkownika wspornik monta\u017cowy zaprojektowany w celu u\u0142atwienia instalacji czujnik\u00f3w drzwiowych Ajax i styk\u00f3w magnetycznych.<\/p>\n<p>Ten wspornik monta\u017cowy umo\u017cliwia szybkie i \u0142atwe przymocowanie czujnik\u00f3w do powierzchni pionowych lub w naro\u017cnikach, optymalizuj\u0105c zasi\u0119g i zapewniaj\u0105c niezawodne dzia\u0142anie systemu bezpiecze\u0144stwa Ajax.<\/p>","protected":false},"excerpt":{"rendered":"<p>Uchwyt monta\u017cowy jako cz\u0119\u015b\u0107 zamienna do Ajax DoorProtect i GlassProtect.<br \/>\n<strong><br \/>\nNotatka<\/strong>:Ten uchwyt jest przeznaczony do monta\u017cu samej cz\u0119\u015bci czujnikowej (czujnik drzwi\/okna), a nie do cz\u0119\u015bci magnetycznej.<\/p>","protected":false},"featured_media":0,"template":"","meta":{"_acf_changed":false},"product_brand":[],"product_cat":[3128],"product_tag":[4863],"class_list":{"0":"post-81864","1":"product","2":"type-product","3":"status-publish","5":"product_cat-ajax-reservdelar-fasten","6":"product_tag-pf","7":"product_shipping_class-postnord-varubrev","8":"pa_brands-ajax-systems","9":"pa_color-vit","10":"pa_farg-vit","11":"tm-no-options","13":"first","14":"instock","15":"featured","16":"taxable","17":"shipping-taxable","18":"purchasable","19":"product-type-simple"},"acf":[],"_links":{"self":[{"href":"https:\/\/secureus.se\/pl\/wp-json\/wp\/v2\/product\/81864","targetHints":{"allow":["GET"]}}],"collection":[{"href":"https:\/\/secureus.se\/pl\/wp-json\/wp\/v2\/product"}],"about":[{"href":"https:\/\/secureus.se\/pl\/wp-json\/wp\/v2\/types\/product"}],"wp:attachment":[{"href":"https:\/\/secureus.se\/pl\/wp-json\/wp\/v2\/media?parent=81864"}],"wp:term":[{"taxonomy":"product_brand","embeddable":true,"href":"https:\/\/secureus.se\/pl\/wp-json\/wp\/v2\/product_brand?post=81864"},{"taxonomy":"product_cat","embeddable":true,"href":"https:\/\/secureus.se\/pl\/wp-json\/wp\/v2\/product_cat?post=81864"},{"taxonomy":"product_tag","embeddable":true,"href":"https:\/\/secureus.se\/pl\/wp-json\/wp\/v2\/product_tag?post=81864"}],"curies":[{"name":"wp","href":"https:\/\/api.w.org\/{rel}","templated":true}]}}