{"id":81877,"date":"2022-11-28T12:06:12","date_gmt":"2022-11-28T11:06:12","guid":{"rendered":"https:\/\/secureus.se\/produkt\/ajax-combiprotect-ir-glaskrossdetektor-12m-tradlos-svart\/"},"modified":"2026-03-15T09:17:29","modified_gmt":"2026-03-15T08:17:29","slug":"ajax-combiprotect-ir-glaskross-12m-svart","status":"publish","type":"product","link":"https:\/\/secureus.se\/pl\/ajax-combiprotect-ir-glaskross-12m-svart\/","title":{"rendered":"Czujnik ruchu Ajax CombiProtect + Wbudowany czujnik st\u0142uczenia szyby Czarny"},"content":{"rendered":"<h3>Ajax CombiProtect to innowacyjne i zaawansowane rozwi\u0105zanie bezpiecze\u0144stwa, kt\u00f3re \u0142\u0105czy w jednym urz\u0105dzeniu dwie wa\u017cne funkcje \u2013 wykrywanie ruchu i wykrywanie st\u0142uczenia szyby.<\/h3>\n<p>Ta bezprzewodowa czujka zapewnia pe\u0142n\u0105 ochron\u0119, zapewniaj\u0105c szybkie wykrycie zar\u00f3wno wtargni\u0119cia przez drzwi i okna, jak i potencjalnego st\u0142uczenia szk\u0142a.<\/p>\n<p>Czujnik ruchu ma zasi\u0119g do 12 metr\u00f3w, co pozwala na monitorowanie du\u017cego obszaru, a do wykrywania ruchu wykorzystuje czujnik PIR (pasywna podczerwie\u0144).<\/p>\n<p>Czujnik wyposa\u017cony jest tak\u017ce w odporno\u015b\u0107 na zwierz\u0119ta, co oznacza, \u017ce zwierz\u0119ta o wadze do 20 kg i wzro\u015bcie do 50 cm s\u0105 ignorowane, minimalizuj\u0105c ryzyko fa\u0142szywych alarm\u00f3w spowodowanych przez poruszaj\u0105ce si\u0119 zwierz\u0119ta.<\/p>\n<p>Detektor st\u0142uczonego szk\u0142a ma zasi\u0119g do 9 metr\u00f3w i jest wyposa\u017cony w mikrofon elektretowy, kt\u00f3ry reaguje na d\u017awi\u0119k t\u0142uczonego szk\u0142a.<\/p>\n<p>Aby zapobiec fa\u0142szywym alarmom, wymagana jest okre\u015blona sekwencja d\u017awi\u0119k\u00f3w (najpierw st\u0142umiony cios, a nast\u0119pnie d\u017awi\u0119k spadaj\u0105cego szk\u0142a), co pozwala unikn\u0105\u0107 niepo\u017c\u0105danych aktywacji spowodowanych np. piorunem lub szczekaniem psa.<\/p>\n<p>Urz\u0105dzenie zosta\u0142o zaprojektowane tak, aby by\u0142o wysoce niezawodne i bezpieczne. CombiProtect posiada wbudowane funkcje uwierzytelniania zapobiegaj\u0105ce manipulacji i sabota\u017cowi.<\/p>\n<p>Pr\u00f3by manipulacji urz\u0105dzeniem uruchamiaj\u0105 alarm sabota\u017cowy, kt\u00f3ry natychmiast wysy\u0142a sygna\u0142 do koncentratora systemu Ajax.<\/p>\n<p>Czujka mo\u017ce pracowa\u0107 do 5 lat z fabrycznie zainstalowan\u0105 bateri\u0105 CR123A i dzia\u0142a sprawnie w temperaturach od -10\u00b0C do +40\u00b0C.<\/p>\n<p>Komunikuje si\u0119 z koncentratorem bezprzewodowo za po\u015brednictwem bezpiecznego protoko\u0142u Ajax Jeweler, kt\u00f3ry gwarantuje niezawodn\u0105 i bezpieczn\u0105 transmisj\u0119 danych do 1200 metr\u00f3w w otwartym terenie.<\/p>\n<p>W przypadku jakichkolwiek zak\u0142\u00f3ce\u0144 lub zablokowania sygna\u0142u, system Ajax prze\u0142\u0105cza si\u0119 na inn\u0105 cz\u0119stotliwo\u015b\u0107 radiow\u0105, aby zapewni\u0107 ci\u0105g\u0142\u0105 komunikacj\u0119.<\/p>\n<p>CombiProtect mo\u017cna \u0142atwo zainstalowa\u0107 i skonfigurowa\u0107 za pomoc\u0105 aplikacji mobilnej Ajax, dzi\u0119ki kt\u00f3rej u\u017cytkownik mo\u017ce szybko doda\u0107 urz\u0105dzenie do systemu i dostosowa\u0107 ustawienia, takie jak czu\u0142o\u015b\u0107 i funkcje alarmowe.<\/p>\n<p>Dzi\u0119ki po\u0142\u0105czeniu funkcji wykrywania ruchu i st\u0142uczenia szk\u0142a, Ajax CombiProtect jest idealnym wyborem do ochrony Twojego domu lub firmy zar\u00f3wno przed w\u0142amaniem, jak i st\u0142uczeniem szk\u0142a.<\/p>\n<p><strong>Dane techniczne<\/strong>:<\/p>\n<ul>\n<li><strong>Wykrywanie ruchu<\/strong>: Do 12 metr\u00f3w<\/li>\n<li><strong>Wykrywanie st\u0142uczenia szk\u0142a<\/strong>: Do 9 metr\u00f3w<\/li>\n<li><strong>Odporno\u015b\u0107 zwierz\u0105t<\/strong>: Tak, do 20 kg, wysoko\u015b\u0107 50 cm<\/li>\n<li><strong>\u017bywotno\u015b\u0107 baterii<\/strong>: Do 5 lat<\/li>\n<li><strong>Temperatura robocza<\/strong>: -10\u00b0C do +40\u00b0C<\/li>\n<li><strong>Komunikacja<\/strong>: Protok\u00f3\u0142 Ajax Jeweler (zasi\u0119g do 1200 metr\u00f3w)<\/li>\n<li><strong>Alarm sabota\u017cowy<\/strong>: Tak<\/li>\n<li><strong>Zasilanie<\/strong>: 1 x bateria CR123A (3 V, zainstalowana fabrycznie)<\/li>\n<li><strong>Klasa ochrony<\/strong>: IP55<\/li>\n<li><strong>Waga<\/strong>: 92 gr<\/li>\n<li><strong>Rozmiar<\/strong>: 110 x 65 x 50 mm<\/li>\n<\/ul>","protected":false},"excerpt":{"rendered":"<p>Ajax CombiProtect to bezprzewodowy czujnik ruchu i czujnik st\u0142uczenia szyby, kt\u00f3ry \u0142\u0105czy w sobie dwie funkcje bezpiecze\u0144stwa w jednym urz\u0105dzeniu.<\/p>\n<p>Wykrywa ruch w odleg\u0142o\u015bci do 12 metr\u00f3w i st\u0142uczone szk\u0142o w odleg\u0142o\u015bci do 9 metr\u00f3w od okna.<\/p>\n<p>Dzi\u0119ki zaawansowanej technologii, obejmuj\u0105cej odporno\u015b\u0107 na zwierz\u0119ta i szyfrowane kana\u0142y komunikacji, detektor ten zapewnia niezawodne bezpiecze\u0144stwo w domach i firmach.<\/p>","protected":false},"featured_media":155439,"template":"","meta":{"_acf_changed":false},"product_brand":[],"product_cat":[3156,1319,3162,3155],"product_tag":[3127,4863],"class_list":{"0":"post-81877","1":"product","2":"type-product","3":"status-publish","4":"has-post-thumbnail","6":"product_cat-rorelse-och-kamera","7":"product_cat-ajax-larm","8":"product_cat-glaskrossdetektor","9":"product_cat-larmenheter","10":"product_tag-kontrollprodukt","11":"product_tag-pf","12":"product_shipping_class-postnord-varubrev","13":"pa_brands-ajax-systems","14":"pa_color-svart","15":"pa_farg-svart","16":"tm-no-options","18":"first","19":"instock","20":"sale","21":"featured","22":"taxable","23":"shipping-taxable","24":"purchasable","25":"product-type-simple"},"acf":[],"_links":{"self":[{"href":"https:\/\/secureus.se\/pl\/wp-json\/wp\/v2\/product\/81877","targetHints":{"allow":["GET"]}}],"collection":[{"href":"https:\/\/secureus.se\/pl\/wp-json\/wp\/v2\/product"}],"about":[{"href":"https:\/\/secureus.se\/pl\/wp-json\/wp\/v2\/types\/product"}],"wp:featuredmedia":[{"embeddable":true,"href":"https:\/\/secureus.se\/pl\/wp-json\/wp\/v2\/media\/155439"}],"wp:attachment":[{"href":"https:\/\/secureus.se\/pl\/wp-json\/wp\/v2\/media?parent=81877"}],"wp:term":[{"taxonomy":"product_brand","embeddable":true,"href":"https:\/\/secureus.se\/pl\/wp-json\/wp\/v2\/product_brand?post=81877"},{"taxonomy":"product_cat","embeddable":true,"href":"https:\/\/secureus.se\/pl\/wp-json\/wp\/v2\/product_cat?post=81877"},{"taxonomy":"product_tag","embeddable":true,"href":"https:\/\/secureus.se\/pl\/wp-json\/wp\/v2\/product_tag?post=81877"}],"curies":[{"name":"wp","href":"https:\/\/api.w.org\/{rel}","templated":true}]}}