{"id":81927,"date":"2022-11-28T11:21:18","date_gmt":"2022-11-28T10:21:18","guid":{"rendered":"https:\/\/secureus.se\/produkt\/ajax-doublebutton-vit-overfallsknapp-dubbeltryck-tradlos\/"},"modified":"2026-03-30T12:24:42","modified_gmt":"2026-03-30T10:24:42","slug":"ajax-doublebutton-dubbeltryck-vit","status":"publish","type":"product","link":"https:\/\/secureus.se\/pl\/ajax-doublebutton-dubbeltryck-vit\/","title":{"rendered":"Ajax DoubleButton - alarm bezpiecze\u0144stwa - przycisk napadowy - bezprzewodowy bia\u0142y"},"content":{"rendered":"<h3><strong>Ajax DoubleButton \u2014 bezprzewodowy przycisk ataku zapewniaj\u0105cy bezpiecze\u0144stwo i niezawodno\u015b\u0107<\/strong><\/h3>\n<p>Ajax DoubleButton to bezprzewodowy sygna\u0142 alarmowy, kt\u00f3ry \u0142\u0105czy w sobie prostot\u0119 i bezpiecze\u0144stwo, aby zapewni\u0107 u\u017cytkownikowi spok\u00f3j ducha w sytuacjach awaryjnych.<\/p>\n<p>Jest niezb\u0119dnym elementem systemu bezpiecze\u0144stwa Ajax i ma za zadanie zapewni\u0107 natychmiastow\u0105 pomoc poprzez wys\u0142anie potwierdzonego alarmu w przypadku zagro\u017cenia.<\/p>\n<p>Dzi\u0119ki solidnej konstrukcji i funkcjonalnemu projektowi zapewnia skuteczn\u0105 ochron\u0119 bez ryzyka przypadkowych nacisk\u00f3w.<\/p>\n<p><strong>Bezpiecze\u0144stwo bez fa\u0142szywych alarm\u00f3w<\/strong><\/p>\n<p>DoubleButton ma na celu zminimalizowanie ryzyka fa\u0142szywych alarm\u00f3w. Aby w\u0142\u0105czy\u0107 alarm, u\u017cytkownik musi nacisn\u0105\u0107 oba przyciski jednocze\u015bnie, co eliminuje ryzyko przypadkowego naci\u015bni\u0119cia przycisku, np. podczas noszenia przycisku w kieszeni lub torbie.<\/p>\n<p>Aby dodatkowo mie\u0107 pewno\u015b\u0107, \u017ce alarm zostanie uruchomiony celowo, a nie przypadkowo, przyciski s\u0105 oddzielone plastikow\u0105 przegrod\u0105.<\/p>\n<p>Ta funkcja sprawia, \u017ce DoubleButton jest idealnym rozwi\u0105zaniem zar\u00f3wno dla u\u017cytkownik\u00f3w prywatnych, jak i profesjonalnych, kt\u00f3rzy potrzebuj\u0105 niezawodnego i bezpiecznego sygna\u0142u alarmowego.<\/p>\n<p><strong>Potwierdzone alarmy zapewniaj\u0105ce pe\u0142ne bezpiecze\u0144stwo<\/strong><\/p>\n<p>DoubleButton oferuje alarmy potwierdzone, co oznacza, \u017ce alarm nie zostanie aktywowany, dop\u00f3ki oba przyciski nie zostan\u0105 naci\u015bni\u0119te w okre\u015blonej kolejno\u015bci.<\/p>\n<p>Gwarantuje to, \u017ce alarm zostanie uruchomiony wy\u0142\u0105cznie przez uprawnionego u\u017cytkownika i zmniejsza ryzyko przypadkowych alarm\u00f3w.<\/p>\n<p><strong>Daleki zasi\u0119g i stabilna komunikacja<\/strong><\/p>\n<p>Bezprzewodowa komunikacja pomi\u0119dzy DoubleButton a koncentratorem Ajax odbywa si\u0119 za po\u015brednictwem Jeweller, dwukierunkowego protoko\u0142u radiowego, kt\u00f3ry gwarantuje stabilny sygna\u0142 o zasi\u0119gu do 1300 metr\u00f3w.<\/p>\n<p>Aby jeszcze bardziej zwi\u0119kszy\u0107 bezpiecze\u0144stwo, wszystkie dane przesy\u0142ane pomi\u0119dzy urz\u0105dzeniami s\u0105 szyfrowane algorytmem AES, co zabezpiecza przed nieuprawnionym dost\u0119pem i fa\u0142szowaniem alarm\u00f3w.<\/p>\n<p>W przypadku jakichkolwiek zak\u0142\u00f3ce\u0144 system automatycznie prze\u0142\u0105cza si\u0119 na woln\u0105 cz\u0119stotliwo\u015b\u0107 radiow\u0105, aby alarm zawsze dotar\u0142 do u\u017cytkownika i firmy ochroniarskiej.<\/p>\n<p>W przypadku wyst\u0105pienia zag\u0142uszania wysy\u0142ane jest ostrze\u017cenie zar\u00f3wno do u\u017cytkownika, jak i do firmy ochroniarskiej.<\/p>\n<p><strong>Elastyczne u\u017cytkowanie i d\u0142uga \u017cywotno\u015b\u0107 baterii<\/strong><\/p>\n<p>DoubleButton jest wyposa\u017cony w fabrycznie zainstalowan\u0105 bateri\u0119 CR2032, kt\u00f3ra zapewnia do 5 lat \u017cywotno\u015bci baterii, zmniejszaj\u0105c potrzeb\u0119 konserwacji.<\/p>\n<p>Stopie\u0144 ochrony IP55 oznacza, \u017ce urz\u0105dzenie jest odporne na kurz i zachlapania, dzi\u0119ki czemu nadaje si\u0119 do stosowania w r\u00f3\u017cnych \u015brodowiskach i warunkach pogodowych.<\/p>\n<p>Bezprzewodowe po\u0142\u0105czenie z koncentratorem umo\u017cliwia umieszczenie DoubleButton w dowolnym miejscu w domu lub miejscu pracy \u2013 pod biurkiem, w kieszeni pracownika biurowego, a nawet na \u015bcianie przy drzwiach wej\u015bciowych lub \u0142\u00f3\u017cku.<\/p>\n<p><strong>Funkcje automatyzacji<\/strong><\/p>\n<p>Opr\u00f3cz tego, \u017ce jest przyciskiem ataku, DoubleButton mo\u017ce s\u0142u\u017cy\u0107 do aktywacji r\u00f3\u017cnych scenariuszy automatyzacji.<\/p>\n<p>Przyciskiem mo\u017cna na przyk\u0142ad uruchomi\u0107 wytwornic\u0119 dymu, zamkn\u0105\u0107 elektrozamki czy opu\u015bci\u0107 rolety \u2013 dzi\u0119ki temu jest to wszechstronne urz\u0105dzenie w Twoim systemie bezpiecze\u0144stwa.<\/p>\n<p><strong>\u0141atwa instalacja i integracja<\/strong><\/p>\n<p>Pod\u0142\u0105czenie DoubleButton do systemu bezpiecze\u0144stwa Ajax jest szybkie i \u0142atwe. Urz\u0105dzenie dodaje si\u0119 poprzez aplikacj\u0119 Ajax i nie wymaga demonta\u017cu.<\/p>\n<p>Przymocuj DoubleButton do powierzchni za pomoc\u0105 do\u0142\u0105czonego uchwytu lub no\u015b go na breloczku do kluczy lub smyczy. Ju\u017c po kilku minutach urz\u0105dzenie jest gotowe do u\u017cycia.<\/p>\n<p><strong>Dane techniczne:<\/strong><\/p>\n<ul>\n<li><strong>Klasyfikacja:<\/strong> Bezprzewodowy przycisk awaryjny<\/li>\n<li><strong>Zgodno\u015b\u0107:<\/strong> Wsp\u00f3\u0142pracuje ze wszystkimi koncentratorami i wzmacniaczami zasi\u0119gu Ajax z systemem operacyjnym Malewicz 2.10 i nowszym<\/li>\n<li><strong>Zapobieganie fa\u0142szywym alarmom:<\/strong> Tak<\/li>\n<li><strong>Liczba przycisk\u00f3w:<\/strong> 2<\/li>\n<li><strong>Transmisja alarmu:<\/strong> Nie d\u0142u\u017cej ni\u017c 0,15 s<\/li>\n<li><strong>Technologia radiowa jubilera:<\/strong>\n<ul>\n<li>Zasi\u0119g komunikacji z koncentratorem \u2014 do 2300 km w otwartym terenie<\/li>\n<li>Komunikacja dwukierunkowa<\/li>\n<li>Samoreguluj\u0105ca moc wyj\u015bciowa RF \u2014 do 20 mW<\/li>\n<li>Blokuj szyfrowanie w oparciu o algorytm AES<\/li>\n<li>Przeskakiwanie cz\u0119stotliwo\u015bci<\/li>\n<\/ul>\n<\/li>\n<li><strong>Zasilanie:<\/strong> Bateria CR2032, 3V<\/li>\n<li><strong>\u017bywotno\u015b\u0107 baterii:<\/strong> Do 5 lat<\/li>\n<li><strong>Zakres temperatur pracy:<\/strong> Od -10\u00b0C do +40\u00b0C<\/li>\n<li><strong>Dopuszczalna wilgotno\u015b\u0107:<\/strong> Do 75%<\/li>\n<li><strong>Klasa ochrony:<\/strong> IP55<\/li>\n<li><strong>Rozmiar:<\/strong> 47 \u00d7 35 \u00d7 16 mm<\/li>\n<li><strong>Waga:<\/strong> 17 gr<\/li>\n<li><strong>Gwarancja:<\/strong> Wymiana i naprawa w ci\u0105gu 24 miesi\u0119cy od daty sprzeda\u017cy. Baterie nie s\u0105 obj\u0119te gwarancj\u0105.<\/li>\n<\/ul>\n<p><strong>Pakiet zawiera:<\/strong><\/p>\n<ul>\n<li>Podw\u00f3jny przycisk<\/li>\n<li>Fabrycznie zainstalowana bateria CR2032<\/li>\n<li>Skr\u00f3cona instrukcja obs\u0142ugi<\/li>\n<\/ul>\n<p>&nbsp;<\/p>","protected":false},"excerpt":{"rendered":"<p>Ajax DoubleButton to bezprzewodowy przycisk ataku, kt\u00f3ry zapewnia bezpieczne i szybkie rozwi\u0105zanie do zg\u0142aszania sytuacji awaryjnych.<\/p>\n<p>Aktywacja alarmu wymaga podw\u00f3jnego naci\u015bni\u0119cia, co zapobiega przypadkowym naci\u015bni\u0119ciom i zapewnia niezawodne alarmy.<\/p>","protected":false},"featured_media":155471,"template":"","meta":{"_acf_changed":false},"product_brand":[],"product_cat":[3165,1319],"product_tag":[3127,2137,4863],"class_list":{"0":"post-81927","1":"product","2":"type-product","3":"status-publish","4":"has-post-thumbnail","6":"product_cat-overfallslarm-knappar","7":"product_cat-ajax-larm","8":"product_tag-kontrollprodukt","9":"product_tag-lager-ajax","10":"product_tag-pf","11":"product_shipping_class-postnord-varubrev","12":"pa_brands-ajax-systems","13":"pa_color-vit","14":"pa_farg-vit","15":"tm-no-options","17":"first","18":"instock","19":"sale","20":"featured","21":"taxable","22":"shipping-taxable","23":"purchasable","24":"product-type-simple"},"acf":[],"_links":{"self":[{"href":"https:\/\/secureus.se\/pl\/wp-json\/wp\/v2\/product\/81927","targetHints":{"allow":["GET"]}}],"collection":[{"href":"https:\/\/secureus.se\/pl\/wp-json\/wp\/v2\/product"}],"about":[{"href":"https:\/\/secureus.se\/pl\/wp-json\/wp\/v2\/types\/product"}],"wp:featuredmedia":[{"embeddable":true,"href":"https:\/\/secureus.se\/pl\/wp-json\/wp\/v2\/media\/155471"}],"wp:attachment":[{"href":"https:\/\/secureus.se\/pl\/wp-json\/wp\/v2\/media?parent=81927"}],"wp:term":[{"taxonomy":"product_brand","embeddable":true,"href":"https:\/\/secureus.se\/pl\/wp-json\/wp\/v2\/product_brand?post=81927"},{"taxonomy":"product_cat","embeddable":true,"href":"https:\/\/secureus.se\/pl\/wp-json\/wp\/v2\/product_cat?post=81927"},{"taxonomy":"product_tag","embeddable":true,"href":"https:\/\/secureus.se\/pl\/wp-json\/wp\/v2\/product_tag?post=81927"}],"curies":[{"name":"wp","href":"https:\/\/api.w.org\/{rel}","templated":true}]}}