{"id":82370,"date":"2023-07-03T14:53:56","date_gmt":"2023-07-03T12:53:56","guid":{"rendered":"https:\/\/secureus.se\/produkt\/plomberingstrad-gron\/"},"modified":"2026-04-08T08:56:37","modified_gmt":"2026-04-08T06:56:37","slug":"plomberingstrad-gron","status":"publish","type":"product","link":"https:\/\/secureus.se\/pl\/plomberingstrad-gron\/","title":{"rendered":"Drut plombowniczy zielony \u2013 do Assa"},"content":{"rendered":"<h2 data-start=\"687\" data-end=\"737\" data-section-id=\"1rni14v\">Drut plombuj\u0105cy do drzwi ewakuacyjnych i ga\u015bnic<\/h2>\n<p>Druty uszczelniaj\u0105ce o d\u0142ugo\u015bci 250 mm do osprz\u0119tu ewakuacyjnego ASSA, np. 179A, 179A S4 lub 179B S4.<\/p>\n<p>S\u0142u\u017cy do wyra\u017anego wskazania, \u017ce wyj\u015bcie mo\u017ce by\u0107 u\u017cyte wy\u0142\u0105cznie w sytuacjach awaryjnych.<\/p>\n<p>Dost\u0119pny r\u00f3wnie\u017c w kolorze czerwonym i niebieskim, ale bez ikony ewakuacji.<\/p>\n<p data-start=\"738\" data-end=\"945\">Ta zielona plomba s\u0142u\u017cy do plombowania i oznaczania sprz\u0119tu bezpiecze\u0144stwa, kt\u00f3ry powinien by\u0107 u\u017cywany wy\u0142\u0105cznie w razie potrzeby. Zerwanie plomby natychmiast ujawnia, \u017ce sprz\u0119t zosta\u0142 otwarty lub naruszony.<\/p>\n<p data-start=\"947\" data-end=\"990\">Drut plombowniczy jest cz\u0119sto stosowany na przyk\u0142ad w:<\/p>\n<ul data-start=\"992\" data-end=\"1085\">\n<li data-start=\"992\" data-end=\"1005\" data-section-id=\"pburat\">\n<p data-start=\"994\" data-end=\"1005\">drzwi awaryjne<\/p>\n<\/li>\n<li data-start=\"1006\" data-end=\"1023\" data-section-id=\"xjulw6\">\n<p data-start=\"1008\" data-end=\"1023\">ga\u015bnica<\/p>\n<\/li>\n<li data-start=\"1024\" data-end=\"1039\" data-section-id=\"1l4lnz0\">\n<p data-start=\"1026\" data-end=\"1039\">hydrant przeciwpo\u017carowy<\/p>\n<\/li>\n<li data-start=\"1040\" data-end=\"1057\" data-section-id=\"1f72y04\">\n<p data-start=\"1042\" data-end=\"1057\">sejf<\/p>\n<\/li>\n<li data-start=\"1058\" data-end=\"1085\" data-section-id=\"yfkruv\">\n<p data-start=\"1060\" data-end=\"1085\">instalacje techniczne<\/p>\n<\/li>\n<\/ul>\n<p data-start=\"1087\" data-end=\"1179\">Dzi\u0119ki temu kontrola bezpiecze\u0144stwa przebiega szybciej, poniewa\u017c od razu wida\u0107, czy sprz\u0119t by\u0142 otwierany.<\/p>\n<hr data-start=\"1181\" data-end=\"1184\" \/>\n<h2 data-start=\"1186\" data-end=\"1243\" data-section-id=\"q26pcq\">Cz\u0119sto stosowany w instalacjach nieruchomo\u015bci i systemach bezpiecze\u0144stwa<\/h2>\n<p data-start=\"1244\" data-end=\"1454\">Drut plombuj\u0105cy to powszechne rozwi\u0105zanie w zarz\u0105dzaniu nieruchomo\u015bciami i systematycznych pracach przeciwpo\u017carowych. Umo\u017cliwia on szybk\u0105 kontrol\u0119 stanu urz\u0105dze\u0144 bezpiecze\u0144stwa bez konieczno\u015bci otwierania ka\u017cdego urz\u0105dzenia.<\/p>\n<p data-start=\"1456\" data-end=\"1563\">Model ten jest szczeg\u00f3lnie odpowiedni do instalacji, w kt\u00f3rych <strong data-start=\"1513\" data-end=\"1554\">Komponenty ASSA lub okucia drzwi awaryjnych<\/strong> jest u\u017cywany.<\/p>\n<hr data-start=\"1565\" data-end=\"1568\" \/>\n<h2 data-start=\"1570\" data-end=\"1588\" data-section-id=\"1floner\">\u0141atwy monta\u017c<\/h2>\n<p data-start=\"1589\" data-end=\"1797\">Drut plombuj\u0105cy montuje si\u0119 poprzez przeci\u0105gni\u0119cie ta\u015bmy, na przyk\u0142ad przez trzpie\u0144 lub uchwyt, a nast\u0119pnie zablokowanie jej w cz\u0119\u015bci plombuj\u0105cej. Po zablokowaniu plomby nie mo\u017cna jej otworzy\u0107 bez jej zerwania lub przeci\u0119cia.<\/p>\n<p data-start=\"1799\" data-end=\"1855\">Dzi\u0119ki temu jest to proste, ale skuteczne rozwi\u0105zanie zapewniaj\u0105ce bezpiecze\u0144stwo.<\/p>\n<hr data-start=\"1857\" data-end=\"1860\" \/>\n<h1 data-start=\"1862\" data-end=\"1872\" data-section-id=\"16fopcq\">Korzy\u015bci<\/h1>\n<ul data-start=\"1874\" data-end=\"2070\">\n<li data-start=\"1874\" data-end=\"1916\" data-section-id=\"ls77ve\">\n<p data-start=\"1876\" data-end=\"1916\">Natychmiast pokazuje, czy sprz\u0119t zosta\u0142 otwarty<\/p>\n<\/li>\n<li data-start=\"1917\" data-end=\"1962\" data-section-id=\"1pqowha\">\n<p data-start=\"1919\" data-end=\"1962\">Zapobiega niepotrzebnemu korzystaniu z drzwi ewakuacyjnych<\/p>\n<\/li>\n<li data-start=\"1963\" data-end=\"1998\" data-section-id=\"136scw8\">\n<p data-start=\"1965\" data-end=\"1998\">U\u0142atwia kontrole ochrony przeciwpo\u017carowej<\/p>\n<\/li>\n<li data-start=\"1999\" data-end=\"2032\" data-section-id=\"1ofabbw\">\n<p data-start=\"2001\" data-end=\"2032\">\u0141atwy w monta\u017cu i u\u017cyciu<\/p>\n<\/li>\n<li data-start=\"2033\" data-end=\"2070\" data-section-id=\"d31n5h\">\n<p data-start=\"2035\" data-end=\"2070\">Ekonomiczne rozwi\u0105zanie bezpiecze\u0144stwa<\/p>\n<\/li>\n<\/ul>\n<hr data-start=\"2072\" data-end=\"2075\" \/>\n<h1 data-start=\"2077\" data-end=\"2105\" data-section-id=\"brc9ws\">Typowe zastosowania<\/h1>\n<ul data-start=\"2107\" data-end=\"2201\">\n<li data-start=\"2107\" data-end=\"2120\" data-section-id=\"1hfb5n9\">\n<p data-start=\"2109\" data-end=\"2120\">Drzwi awaryjne<\/p>\n<\/li>\n<li data-start=\"2121\" data-end=\"2138\" data-section-id=\"1glgnsm\">\n<p data-start=\"2123\" data-end=\"2138\">Ga\u015bnica<\/p>\n<\/li>\n<li data-start=\"2139\" data-end=\"2154\" data-section-id=\"ybft18\">\n<p data-start=\"2141\" data-end=\"2154\">Hydranty przeciwpo\u017carowe<\/p>\n<\/li>\n<li data-start=\"2155\" data-end=\"2172\" data-section-id=\"hh5nt0\">\n<p data-start=\"2157\" data-end=\"2172\">Sejf<\/p>\n<\/li>\n<li data-start=\"2173\" data-end=\"2201\" data-section-id=\"1d7qlpj\">\n<p data-start=\"2175\" data-end=\"2201\">Instalacje nieruchomo\u015bci<\/p>\n<\/li>\n<\/ul>\n<hr data-start=\"2203\" data-end=\"2206\" \/>\n<h1 data-start=\"2208\" data-end=\"2225\" data-section-id=\"vb28v8\">Dane techniczne<\/h1>\n<p data-start=\"2227\" data-end=\"2384\">Rozmiar: <strong data-start=\"2236\" data-end=\"2251\">250 \u00d7 20 mm<\/strong><br data-start=\"2251\" data-end=\"2254\" \/>Farba: <strong data-start=\"2260\" data-end=\"2268\">Zielony<\/strong><br data-start=\"2268\" data-end=\"2271\" \/>Typ: <strong data-start=\"2276\" data-end=\"2317\">Drut plombowniczy \/ plomba zabezpieczaj\u0105ca<\/strong><br data-start=\"2317\" data-end=\"2320\" \/>U\u017cywa\u0107: <strong data-start=\"2332\" data-end=\"2384\">Drzwi ewakuacyjne, ga\u015bnice i sprz\u0119t bezpiecze\u0144stwa<\/strong><\/p>\n<p>Chcesz dowiedzie\u0107 si\u0119 wi\u0119cej o tym, jak dzia\u0142a uszczelnianie?<br data-start=\"3597\" data-end=\"3600\" \/><a href=\"https:\/\/secureus.se\/pl\/vad-ar-plomberingstrad-sa-fungerar-sakerhetsplombering\/\" target=\"_blank\" rel=\"noopener\"><strong>Przeczytaj nasz przewodnik: <em data-start=\"3617\" data-end=\"3694\">Czym jest drut plombowniczy i jak si\u0119 go wykorzystuje w ga\u015bnicach i drzwiach ewakuacyjnych?<\/em><\/strong><\/a><\/p>\n<p>&nbsp;<\/p>","protected":false},"excerpt":{"rendered":"<p data-start=\"335\" data-end=\"528\">Zielona ni\u0107 uszczelniaj\u0105ca do oznaczania i plombowania drzwi ewakuacyjnych, ga\u015bnic i innego sprz\u0119tu bezpiecze\u0144stwa.<\/p>\n<p data-start=\"335\" data-end=\"528\">Dzi\u0119ki plombie mo\u017cna szybko i \u0142atwo stwierdzi\u0107, czy urz\u0105dzenie by\u0142o otwierane lub naruszane.<\/p>\n<p data-start=\"530\" data-end=\"653\">Jest on cz\u0119sto stosowany w budynkach, miejscach publicznych i ga\u0142\u0119ziach przemys\u0142u, w kt\u00f3rych konieczna jest regularna kontrola sprz\u0119tu bezpiecze\u0144stwa.<\/p>\n<p><span style=\"text-decoration: underline\"><strong><span class=\"ui-provider a b c d e f g h i j k l m n o p q r s t u v w x y z ab ac ae af ag ah ai aj ak\" dir=\"ltr\">Zdj\u0119cie przedstawia opakowanie zawieraj\u0105ce 10 sztuk, ale produkt sprzedawany jest na sztuki - je\u015bli kupisz 10 sztuk, b\u0119dzie to zgodne ze zdj\u0119ciem.<\/span><\/strong><\/span><\/p>\n<div class=\"product-presentation__column is--accordion\">\n<div class=\"product-presentation__accordion\"><\/div>\n<\/div>","protected":false},"featured_media":140638,"template":"","meta":{"_acf_changed":false},"product_brand":[],"product_cat":[3224,1332],"product_tag":[],"class_list":{"0":"post-82370","1":"product","2":"type-product","3":"status-publish","4":"has-post-thumbnail","6":"product_cat-nodutrymning","7":"product_cat-utrymning-tillbehor","8":"product_shipping_class-postnord-varubrev","9":"pa_brands-stonehouse-security","10":"pa_farg-gron","11":"tm-no-options","13":"first","14":"instock","15":"sale","16":"featured","17":"taxable","18":"shipping-taxable","19":"purchasable","20":"product-type-simple"},"acf":[],"_links":{"self":[{"href":"https:\/\/secureus.se\/pl\/wp-json\/wp\/v2\/product\/82370","targetHints":{"allow":["GET"]}}],"collection":[{"href":"https:\/\/secureus.se\/pl\/wp-json\/wp\/v2\/product"}],"about":[{"href":"https:\/\/secureus.se\/pl\/wp-json\/wp\/v2\/types\/product"}],"wp:featuredmedia":[{"embeddable":true,"href":"https:\/\/secureus.se\/pl\/wp-json\/wp\/v2\/media\/140638"}],"wp:attachment":[{"href":"https:\/\/secureus.se\/pl\/wp-json\/wp\/v2\/media?parent=82370"}],"wp:term":[{"taxonomy":"product_brand","embeddable":true,"href":"https:\/\/secureus.se\/pl\/wp-json\/wp\/v2\/product_brand?post=82370"},{"taxonomy":"product_cat","embeddable":true,"href":"https:\/\/secureus.se\/pl\/wp-json\/wp\/v2\/product_cat?post=82370"},{"taxonomy":"product_tag","embeddable":true,"href":"https:\/\/secureus.se\/pl\/wp-json\/wp\/v2\/product_tag?post=82370"}],"curies":[{"name":"wp","href":"https:\/\/api.w.org\/{rel}","templated":true}]}}