{"id":82466,"date":"2022-03-10T15:47:00","date_gmt":"2022-03-10T14:47:00","guid":{"rendered":"https:\/\/secureus.se\/produkt\/magnetkontakt-mc440-vit-utanpaliggande\/"},"modified":"2026-04-22T15:55:09","modified_gmt":"2026-04-22T13:55:09","slug":"magnetkontakt-mc440-vit-utanpaliggande","status":"publish","type":"product","link":"https:\/\/secureus.se\/pl\/magnetkontakt-mc440-vit-utanpaliggande\/","title":{"rendered":"Styk magnetyczny MC440 Bia\u0142y - Monta\u017c powierzchniowy"},"content":{"rendered":"<div>\n<p>Dla szybkiego i \u0142atwego monta\u017cu posiada zacisk \u015brubowy z zabezpieczeniem przewodu oraz styk sabota\u017cowy przed nieupowa\u017cnionym otwarciem.<\/p>\n<p>Czujka magnetyczna posiada du\u017c\u0105 szczelin\u0119, co sprawia, \u017ce z \u0142atwo\u015bci\u0105 mo\u017cna j\u0105 zamontowa\u0107 na wi\u0119kszo\u015bci materia\u0142\u00f3w takich jak drewno, plastik, aluminiowe drzwi i okna.<\/p>\n<p>\u0141\u0105cznik doskonale nadaje si\u0119 do monta\u017cu na drzwiach stalowych i drzwiach antyw\u0142amaniowych, nale\u017cy jednak w\u00f3wczas u\u017cy\u0107 dostarczonych plastikowych przek\u0142adek. Istniej\u0105 r\u00f3\u017cne typy k\u0105townik\u00f3w monta\u017cowych, kt\u00f3re pasuj\u0105 do wi\u0119kszo\u015bci instalacji. Je\u015bli potrzebne s\u0105 dodatkowe plastikowe elementy dystansowe, nale\u017cy zastosowa\u0107 MC 400-6 lub MC 400-7.<\/p>\n<\/div>","protected":false},"excerpt":{"rendered":"<p>Produkty z rynku profesjonalnego - Alarmtech - Zawsze niska cena<\/p>","protected":false},"featured_media":145315,"template":"","meta":{"_acf_changed":false},"product_brand":[],"product_cat":[3086],"product_tag":[],"class_list":{"0":"post-82466","1":"product","2":"type-product","3":"status-publish","4":"has-post-thumbnail","6":"product_cat-magnetkontakter","7":"product_shipping_class-postnord-varubrev","8":"pa_brands-alarmtech","9":"tm-no-options","11":"first","12":"instock","13":"featured","14":"taxable","15":"shipping-taxable","16":"purchasable","17":"product-type-simple"},"acf":[],"_links":{"self":[{"href":"https:\/\/secureus.se\/pl\/wp-json\/wp\/v2\/product\/82466","targetHints":{"allow":["GET"]}}],"collection":[{"href":"https:\/\/secureus.se\/pl\/wp-json\/wp\/v2\/product"}],"about":[{"href":"https:\/\/secureus.se\/pl\/wp-json\/wp\/v2\/types\/product"}],"wp:featuredmedia":[{"embeddable":true,"href":"https:\/\/secureus.se\/pl\/wp-json\/wp\/v2\/media\/145315"}],"wp:attachment":[{"href":"https:\/\/secureus.se\/pl\/wp-json\/wp\/v2\/media?parent=82466"}],"wp:term":[{"taxonomy":"product_brand","embeddable":true,"href":"https:\/\/secureus.se\/pl\/wp-json\/wp\/v2\/product_brand?post=82466"},{"taxonomy":"product_cat","embeddable":true,"href":"https:\/\/secureus.se\/pl\/wp-json\/wp\/v2\/product_cat?post=82466"},{"taxonomy":"product_tag","embeddable":true,"href":"https:\/\/secureus.se\/pl\/wp-json\/wp\/v2\/product_tag?post=82466"}],"curies":[{"name":"wp","href":"https:\/\/api.w.org\/{rel}","templated":true}]}}