{"id":82470,"date":"2022-03-10T15:47:00","date_gmt":"2022-03-10T14:47:00","guid":{"rendered":"https:\/\/secureus.se\/produkt\/magnetkontakt-dc107-2-meter-kabel\/"},"modified":"2026-04-17T14:43:04","modified_gmt":"2026-04-17T12:43:04","slug":"magnetkontakt-dc107-2-meter-kabel","status":"publish","type":"product","link":"https:\/\/secureus.se\/pl\/magnetkontakt-dc107-2-meter-kabel\/","title":{"rendered":"Czujnik magnetyczny DC 107 \u2013 kabel o d\u0142ugo\u015bci 2 metr\u00f3w"},"content":{"rendered":"<p>Styk magnetyczny DC107 przeznaczony jest do monta\u017cu wpuszczanego w drewnie lub metalu.<\/p>\n<p>Czujki magnetyczne s\u0142u\u017c\u0105 do wykrywania otwarcia np. drzwi, okien czy w\u0142az\u00f3w.<\/p>\n<p>Wpuszczany styk magnetyczny z 2-metrowym 4-\u017cy\u0142owym kablem po\u0142\u0105czeniowym<\/p>\n<p>Odleg\u0142o\u015b\u0107 robocza (maks.): 9 mm<\/p>\n<p>Otw\u00f3r wiertniczy: 18,8 mm<\/p>\n<p>Funkcja dzia\u0142aj\u0105ca: Normalnie zamkni\u0119ty<\/p>\n<p>Wymiary: Styk: (\u0158xL) 22,2\u00d728,6 mm Magnes: (\u0158xL) 22,2\u00d739,7 mm<\/p>","protected":false},"excerpt":{"rendered":"<p>Czujnik magnetyczny DC107 \u2013 kabel o d\u0142ugo\u015bci 2 metr\u00f3w<\/p>","protected":false},"featured_media":145394,"template":"","meta":{"_acf_changed":false},"product_brand":[],"product_cat":[3086],"product_tag":[],"class_list":{"0":"post-82470","1":"product","2":"type-product","3":"status-publish","4":"has-post-thumbnail","6":"product_cat-magnetkontakter","7":"product_shipping_class-postnord-varubrev","8":"pa_brands-utc","9":"tm-no-options","11":"first","12":"instock","13":"sale","14":"featured","15":"taxable","16":"shipping-taxable","17":"purchasable","18":"product-type-simple"},"acf":[],"_links":{"self":[{"href":"https:\/\/secureus.se\/pl\/wp-json\/wp\/v2\/product\/82470","targetHints":{"allow":["GET"]}}],"collection":[{"href":"https:\/\/secureus.se\/pl\/wp-json\/wp\/v2\/product"}],"about":[{"href":"https:\/\/secureus.se\/pl\/wp-json\/wp\/v2\/types\/product"}],"wp:featuredmedia":[{"embeddable":true,"href":"https:\/\/secureus.se\/pl\/wp-json\/wp\/v2\/media\/145394"}],"wp:attachment":[{"href":"https:\/\/secureus.se\/pl\/wp-json\/wp\/v2\/media?parent=82470"}],"wp:term":[{"taxonomy":"product_brand","embeddable":true,"href":"https:\/\/secureus.se\/pl\/wp-json\/wp\/v2\/product_brand?post=82470"},{"taxonomy":"product_cat","embeddable":true,"href":"https:\/\/secureus.se\/pl\/wp-json\/wp\/v2\/product_cat?post=82470"},{"taxonomy":"product_tag","embeddable":true,"href":"https:\/\/secureus.se\/pl\/wp-json\/wp\/v2\/product_tag?post=82470"}],"curies":[{"name":"wp","href":"https:\/\/api.w.org\/{rel}","templated":true}]}}