{"id":82472,"date":"2022-03-10T15:48:00","date_gmt":"2022-03-10T14:48:00","guid":{"rendered":"https:\/\/secureus.se\/produkt\/fjarrkontroll-opt-1-for-slimline-detektorer\/"},"modified":"2025-12-31T19:49:06","modified_gmt":"2025-12-31T18:49:06","slug":"opt-1-fjarrkontroll-for-slimline-detektorer","status":"publish","type":"product","link":"https:\/\/secureus.se\/pl\/opt-1-fjarrkontroll-for-slimline-detektorer\/","title":{"rendered":"Pilot Satel OPT-1 do czujek Slimline do programowania i sterowania"},"content":{"rendered":"<div>\n<div>\n<div>\n<div>\n<div>\n<div data-tid=\"messageBodyContainer\">\n<div data-tid=\"messageBodyContent\">\n<div>\n<div>\n<div>\n<h1>Pilot OPT-1 to innowacyjne rozwi\u0105zanie w zakresie instalacji i serwisu czujek Slimline firmy SATEL.<\/h1>\n<p>Pilot na podczerwie\u0144 umo\u017cliwia szybk\u0105 i \u0142atw\u0105 zmian\u0119 parametr\u00f3w pracy czujek, bez konieczno\u015bci otwierania urz\u0105dzenia.<\/p>\n<p>Dzi\u0119ki zasi\u0119gowi 15 metr\u00f3w mo\u017cesz dostosowa\u0107 wa\u017cne ustawienia, takie jak czu\u0142o\u015b\u0107 czujnika, test przej\u015bcia i wiele wi\u0119cej, dzi\u0119ki czemu instalacja jest szybsza i \u0142atwiejsza.<\/p>\n<p>Pilot ten jest urz\u0105dzeniem oszcz\u0119dzaj\u0105cym czas i pieni\u0105dze, skracaj\u0105cym proces instalacji i serwisu.<\/p>\n<p>Mo\u017cliwo\u015b\u0107 sterowania i testowania czujek bez konieczno\u015bci fizycznego otwierania obudowy zmniejsza ryzyko uszkodzenia urz\u0105dze\u0144 i zwi\u0119ksza wydajno\u015b\u0107 podczas rozwi\u0105zywania problem\u00f3w i konfiguracji.<\/p>\n<p>Oznacza to r\u00f3wnie\u017c ni\u017csze koszty operacyjne zar\u00f3wno instalacji, jak i konserwacji, co czyni go niezb\u0119dnym narz\u0119dziem zar\u00f3wno dla instalator\u00f3w, jak i technik\u00f3w.<\/p>\n<p>Pilot OPT-1 jest kompatybilny z szerok\u0105 gam\u0105 detektor\u00f3w Slimline, w tym LUNA, LUNA-PET, PRO, DUAL-LUNA, DUAL-LUNA-PET, DUAL-PRO, OPAL Plus i OPAL Pro.<\/p>\n<p>Dzi\u0119ki temu mo\u017cna go stosowa\u0107 zar\u00f3wno w prostych, jak i zaawansowanych czujkach w r\u00f3\u017cnych systemach bezpiecze\u0144stwa.<\/p>\n<p>Niezale\u017cnie od tego, czy pracujesz z prostym czujnikiem ruchu, czy z bardziej zaawansowanym urz\u0105dzeniem dualnym, pilot OPT-1 zapewnia wygodne rozwi\u0105zanie umo\u017cliwiaj\u0105ce dostosowanie funkcji urz\u0105dzenia do konkretnych potrzeb.<\/p>\n<p><strong>Funkcje i zalety:<\/strong><\/p>\n<ul>\n<li><strong>\u0141atwa instalacja i regulacja:<\/strong> Dostosuj parametry pracy bez otwierania urz\u0105dzenia.<\/li>\n<li><strong>Zasi\u0119g 15 metr\u00f3w:<\/strong> Wygodna obs\u0142uga na odleg\u0142o\u015b\u0107 podczas instalacji i serwisu.<\/li>\n<li><strong>Zgodno\u015b\u0107:<\/strong> Pasuje do kilku detektor\u00f3w Slimline, w tym LUNA, OPAL Plus i OPAL Pro.<\/li>\n<li><strong>Op\u0142acalne:<\/strong> Oszcz\u0119dza czas i pieni\u0105dze dzi\u0119ki szybkiemu i wydajnemu programowaniu.<\/li>\n<li><strong>Bezpieczne i niezawodne:<\/strong> Umo\u017cliwia regulacj\u0119 bez ryzyka uszkodzenia urz\u0105dzenia.<\/li>\n<\/ul>\n<p><strong>Dane techniczne:<\/strong><\/p>\n<ul>\n<li><strong>Zakres:<\/strong> Do 15 metr\u00f3w<\/li>\n<li><strong>Zgodno\u015b\u0107:<\/strong> Detektor SLIM-IR -LUNA, detektor SLIM-IR -LUNA-PET, detektor SLIM-IR -PRO, SLIM-DUAL-LUNA, SLIM-DUAL-LUNA-PET, SLIM-DUAL-PRO, OPAL Plus, OPAL Pro<\/li>\n<li><strong>U\u017cywa\u0107:<\/strong> Zdalne sterowanie czujnikami ruchu bez otwierania obudowy<\/li>\n<li><strong>Cechy:<\/strong> Regulacja czu\u0142o\u015bci czujnika, test przej\u015bcia i innych parametr\u00f3w pracy<\/li>\n<\/ul>\n<\/div>\n<\/div>\n<\/div>\n<\/div>\n<\/div>\n<\/div>\n<\/div>\n<\/div>\n<\/div>\n<\/div>","protected":false},"excerpt":{"rendered":"<p>Pilot OPT-1 do czujek typu Slimline \u2013 praktyczne i ekonomiczne rozwi\u0105zanie do zdalnego sterowania i programowania czujek ruchu.<\/p>\n<p>Dzi\u0119ki zasi\u0119gowi 15 metr\u00f3w mo\u017cesz regulowa\u0107 czu\u0142o\u015b\u0107 czujnika i inne ustawienia bez otwierania obudowy.<\/p>","protected":false},"featured_media":145028,"template":"","meta":{"_acf_changed":false},"product_brand":[],"product_cat":[1325],"product_tag":[],"class_list":{"0":"post-82472","1":"product","2":"type-product","3":"status-publish","4":"has-post-thumbnail","6":"product_cat-larmgivare-skalskydd","7":"product_shipping_class-postnord-varubrev","8":"pa_brands-satel","9":"tm-no-options","11":"first","12":"instock","13":"sale","14":"featured","15":"taxable","16":"shipping-taxable","17":"purchasable","18":"product-type-simple"},"acf":[],"_links":{"self":[{"href":"https:\/\/secureus.se\/pl\/wp-json\/wp\/v2\/product\/82472","targetHints":{"allow":["GET"]}}],"collection":[{"href":"https:\/\/secureus.se\/pl\/wp-json\/wp\/v2\/product"}],"about":[{"href":"https:\/\/secureus.se\/pl\/wp-json\/wp\/v2\/types\/product"}],"wp:featuredmedia":[{"embeddable":true,"href":"https:\/\/secureus.se\/pl\/wp-json\/wp\/v2\/media\/145028"}],"wp:attachment":[{"href":"https:\/\/secureus.se\/pl\/wp-json\/wp\/v2\/media?parent=82472"}],"wp:term":[{"taxonomy":"product_brand","embeddable":true,"href":"https:\/\/secureus.se\/pl\/wp-json\/wp\/v2\/product_brand?post=82472"},{"taxonomy":"product_cat","embeddable":true,"href":"https:\/\/secureus.se\/pl\/wp-json\/wp\/v2\/product_cat?post=82472"},{"taxonomy":"product_tag","embeddable":true,"href":"https:\/\/secureus.se\/pl\/wp-json\/wp\/v2\/product_tag?post=82472"}],"curies":[{"name":"wp","href":"https:\/\/api.w.org\/{rel}","templated":true}]}}