{"id":82473,"date":"2022-03-10T15:48:00","date_gmt":"2022-03-10T14:48:00","guid":{"rendered":"https:\/\/secureus.se\/produkt\/ct-cl-lins-i-kapsling-gardinlins-for-slim-pro-luna-ej-pet\/"},"modified":"2025-12-31T19:48:59","modified_gmt":"2025-12-31T18:48:59","slug":"gardinlins-for-slim-pro-och-luna","status":"publish","type":"product","link":"https:\/\/secureus.se\/pl\/gardinlins-for-slim-pro-och-luna\/","title":{"rendered":"Soczewka kurtynowa do SLIM-PRO i LUNA (Not Pet)"},"content":{"rendered":"<div>\n<h1>Soczewka kurtynowa do SLIM-PRO i SLIM-LUNA \u2013 precyzja i bezpiecze\u0144stwo<\/h1>\n<p>Usprawnij swoj\u0105 instalacj\u0119 bezpiecze\u0144stwa dzi\u0119ki tej kurtynie \u015bwietlnej, przeznaczonej do czujek SLIM-PRO i SLIM-LUNA firmy SATEL.<\/p>\n<p>Obiektyw oferuje eleganckie i funkcjonalne rozwi\u0105zanie do precyzyjnego wykrywania w zastosowaniach profesjonalnych.<\/p>\n<p>Idealnie nadaje si\u0119 do obszar\u00f3w wymagaj\u0105cych \u015bcis\u0142ego monitorowania, bez niepotrzebnej ingerencji ze strony ruch\u00f3w zwierz\u0105t.<\/p>\n<p><strong>G\u0142\u00f3wne cechy:<\/strong><\/p>\n<ul>\n<li><strong>Zaawansowana technologia Fresnella<\/strong>: Zapewnia wysok\u0105 precyzj\u0119 i stabilno\u015b\u0107 wykrywania.<\/li>\n<li><strong>Elastyczna instalacja<\/strong>: \u0141atwa instalacja w istniej\u0105cych czujkach SLIM-PRO i SLIM-LUNA.<\/li>\n<li><strong>Wysoka kompatybilno\u015b\u0107<\/strong>: Dopasowane do serii SLIM-PRO i SLIM-LUNA (nie PET).<\/li>\n<\/ul>\n<p><strong>Obszary zastosowania:<\/strong><\/p>\n<ul>\n<li>Lokale u\u017cytkowe i magazyny<\/li>\n<li>Szko\u0142y i budynki u\u017cyteczno\u015bci publicznej<\/li>\n<li>Wra\u017cliwe obszary wymagaj\u0105ce dok\u0142adnego monitorowania ruchu<\/li>\n<\/ul>\n<p>Ulepsz sw\u00f3j system bezpiecze\u0144stwa za pomoc\u0105 obiektywu, kt\u00f3ry \u0142\u0105czy w sobie precyzj\u0119 i niezawodno\u015b\u0107.<\/p>\n<p>Nadaje si\u0119 do najbardziej wymagaj\u0105cych \u015brodowisk bezpiecze\u0144stwa.<\/p>\n<\/div>\n<div><\/div>","protected":false},"excerpt":{"rendered":"<h4>Soczewka kurtynowa do SLIM-PRO i LUNA<\/h4>\n<p>Zoptymalizuj bezpiecze\u0144stwo dzi\u0119ki soczewce kurtynowej Fresnell do czujek SLIM-PRO i SLIM-LUNA.<\/p>\n<p>Idealny do precyzyjnego wykrywania w \u015brodowiskach profesjonalnych.<\/p>\n<p>Nie nadaje si\u0119 do detektor\u00f3w zwierz\u0105t.<\/p>","protected":false},"featured_media":145022,"template":"","meta":{"_acf_changed":false},"product_brand":[],"product_cat":[1325],"product_tag":[2145],"class_list":{"0":"post-82473","1":"product","2":"type-product","3":"status-publish","4":"has-post-thumbnail","6":"product_cat-larmgivare-skalskydd","7":"product_tag-rorelsedetektor-ir-detektorer","8":"product_shipping_class-postnord-varubrev","9":"pa_brands-satel","10":"tm-no-options","12":"first","13":"instock","14":"sale","15":"featured","16":"taxable","17":"shipping-taxable","18":"purchasable","19":"product-type-simple"},"acf":[],"_links":{"self":[{"href":"https:\/\/secureus.se\/pl\/wp-json\/wp\/v2\/product\/82473","targetHints":{"allow":["GET"]}}],"collection":[{"href":"https:\/\/secureus.se\/pl\/wp-json\/wp\/v2\/product"}],"about":[{"href":"https:\/\/secureus.se\/pl\/wp-json\/wp\/v2\/types\/product"}],"wp:featuredmedia":[{"embeddable":true,"href":"https:\/\/secureus.se\/pl\/wp-json\/wp\/v2\/media\/145022"}],"wp:attachment":[{"href":"https:\/\/secureus.se\/pl\/wp-json\/wp\/v2\/media?parent=82473"}],"wp:term":[{"taxonomy":"product_brand","embeddable":true,"href":"https:\/\/secureus.se\/pl\/wp-json\/wp\/v2\/product_brand?post=82473"},{"taxonomy":"product_cat","embeddable":true,"href":"https:\/\/secureus.se\/pl\/wp-json\/wp\/v2\/product_cat?post=82473"},{"taxonomy":"product_tag","embeddable":true,"href":"https:\/\/secureus.se\/pl\/wp-json\/wp\/v2\/product_tag?post=82473"}],"curies":[{"name":"wp","href":"https:\/\/api.w.org\/{rel}","templated":true}]}}