{"id":82476,"date":"2022-03-10T15:48:00","date_gmt":"2022-03-10T14:48:00","guid":{"rendered":"https:\/\/secureus.se\/produkt\/slim-ir-detektor-pet-klass-grade2-15x20-meter-husdjur-20-kg\/"},"modified":"2026-04-22T16:29:53","modified_gmt":"2026-04-22T14:29:53","slug":"slim-pir-pet-klass-grade2","status":"publish","type":"product","link":"https:\/\/secureus.se\/pl\/slim-pir-pet-klass-grade2\/","title":{"rendered":"SLIM-PIR-PET Klasa\/Klasa2 \u2013 15\u00d720 metr\u00f3w + Zwierz\u0119ta"},"content":{"rendered":"<h1>SLIM-PIR-PET Czujnik ruchu z odporno\u015bci\u0105 na zwierz\u0119ta<\/h1>\n<p>SLIM-PIR-PET to inteligentna i niezawodna czujka ruchu zaprojektowana z my\u015bl\u0105 o po\u0142\u0105czeniu bezpiecze\u0144stwa i wygody.<\/p>\n<p>Dzi\u0119ki odporno\u015bci na zwierz\u0119ta do 20 kg idealnie nadaje si\u0119 do dom\u00f3w ze zwierz\u0119tami, bez uszczerbku dla bezpiecze\u0144stwa.<\/p>\n<p>Czujka wykorzystuje zaawansowany pasywny czujnik podczerwieni (PIR) do wykrywania ruchu w chronionym obszarze.<\/p>\n<p>Dzi\u0119ki o\u015bmiostopniowej regulacji czu\u0142o\u015bci mo\u017cna j\u0105 \u0142atwo dostosowa\u0107 do r\u00f3\u017cnych \u015brodowisk. Urz\u0105dzenie ma r\u00f3wnie\u017c wbudowane rezystory ko\u0144ca okresu eksploatacji (2EOL), kt\u00f3re upraszczaj\u0105 instalacj\u0119, a wska\u017anik LED oferuje cztery r\u00f3\u017cne kolory, aby dopasowa\u0107 si\u0119 do konfiguracji bezpiecze\u0144stwa.<\/p>\n<p><strong>Funkcje i zalety<\/strong>:<\/p>\n<ul>\n<li><strong>Odporno\u015b\u0107 na zwierz\u0119ta<\/strong>: Wykrywa ruchy zwierz\u0105t o wadze do 20 kg bez fa\u0142szywych alarm\u00f3w.<\/li>\n<li><strong>Zaawansowane wykrywanie<\/strong>: Technologia PIR z cyfrow\u0105 kompensacj\u0105 temperatury zapewniaj\u0105c\u0105 maksymaln\u0105 wydajno\u015b\u0107.<\/li>\n<li><strong>Mo\u017cliwo\u015b\u0107 wyboru wska\u017anika LED<\/strong>: Mo\u017cliwo\u015b\u0107 dostosowania do r\u00f3\u017cnych kolor\u00f3w sygnalizacyjnych.<\/li>\n<li><strong>\u0141atwy w instalacji<\/strong>: Kompatybilny ze wszystkimi nowoczesnymi systemami bezpiecze\u0144stwa.<\/li>\n<\/ul>\n<p>Niezale\u017cnie od tego, czy chodzi o nieruchomo\u015bci mieszkalne, czy komercyjne, SLIM-PIR-PET zapewnia idealn\u0105 r\u00f3wnowag\u0119 pomi\u0119dzy technologi\u0105 i \u0142atwo\u015bci\u0105 u\u017cytkowania.<\/p>\n<p>Dzi\u0119ki kompaktowej i solidnej konstrukcji jest zar\u00f3wno estetyczny, jak i funkcjonalny.<\/p>\n<p>&nbsp;<\/p>","protected":false},"excerpt":{"rendered":"<p><strong>SLIM-PIR-PET Czujnik ruchu z odporno\u015bci\u0105 na zwierz\u0119ta<\/strong><br \/>\nSLIM-PIR-PET to wysokowydajna czujka ruchu odporna na zwierz\u0119ta o wadze do 20 kg.<\/p>\n<p>Idealny zar\u00f3wno do obiekt\u00f3w mieszkalnych, jak i komercyjnych, \u0142\u0105czy w sobie zaawansowan\u0105 technologi\u0119 z \u0142atwo\u015bci\u0105 obs\u0142ugi.<\/p>","protected":false},"featured_media":144928,"template":"","meta":{"_acf_changed":false},"product_brand":[],"product_cat":[1325],"product_tag":[2963,2145],"class_list":{"0":"post-82476","1":"product","2":"type-product","3":"status-publish","4":"has-post-thumbnail","6":"product_cat-larmgivare-skalskydd","7":"product_tag-grade-2","8":"product_tag-rorelsedetektor-ir-detektorer","9":"product_shipping_class-postnord-varubrev","10":"pa_brands-satel","11":"tm-no-options","13":"first","14":"instock","15":"sale","16":"featured","17":"taxable","18":"shipping-taxable","19":"purchasable","20":"product-type-simple"},"acf":[],"_links":{"self":[{"href":"https:\/\/secureus.se\/pl\/wp-json\/wp\/v2\/product\/82476","targetHints":{"allow":["GET"]}}],"collection":[{"href":"https:\/\/secureus.se\/pl\/wp-json\/wp\/v2\/product"}],"about":[{"href":"https:\/\/secureus.se\/pl\/wp-json\/wp\/v2\/types\/product"}],"wp:featuredmedia":[{"embeddable":true,"href":"https:\/\/secureus.se\/pl\/wp-json\/wp\/v2\/media\/144928"}],"wp:attachment":[{"href":"https:\/\/secureus.se\/pl\/wp-json\/wp\/v2\/media?parent=82476"}],"wp:term":[{"taxonomy":"product_brand","embeddable":true,"href":"https:\/\/secureus.se\/pl\/wp-json\/wp\/v2\/product_brand?post=82476"},{"taxonomy":"product_cat","embeddable":true,"href":"https:\/\/secureus.se\/pl\/wp-json\/wp\/v2\/product_cat?post=82476"},{"taxonomy":"product_tag","embeddable":true,"href":"https:\/\/secureus.se\/pl\/wp-json\/wp\/v2\/product_tag?post=82476"}],"curies":[{"name":"wp","href":"https:\/\/api.w.org\/{rel}","templated":true}]}}