{"id":82479,"date":"2022-03-10T15:48:00","date_gmt":"2022-03-10T14:48:00","guid":{"rendered":"https:\/\/secureus.se\/produkt\/slim-dual-luna-pet-kombi-med-for-nattbelysning-samt-husdjursaker\/"},"modified":"2026-04-01T13:47:25","modified_gmt":"2026-04-01T11:47:25","slug":"slim-dual-luna-pet-kombi-med-for-nattbelysning-samt-husdjursaker","status":"publish","type":"product","link":"https:\/\/secureus.se\/pl\/slim-dual-luna-pet-kombi-med-for-nattbelysning-samt-husdjursaker\/","title":{"rendered":"SLIM-DUAL-LUNA-PET - mo\u017cliwo\u015b\u0107 wyboru funkcji o\u015bwietlenia nocnego"},"content":{"rendered":"<h1>Satel SLIM-DUAL-LUNA-PET \u2013 Detektor Combi z funkcj\u0105 Night Light i odporno\u015bci\u0105 na zwierz\u0119ta<\/h1>\n<p>Satel SLIM-DUAL-LUNA-PET to innowacyjne rozwi\u0105zanie bezpiecze\u0144stwa, kt\u00f3re \u0142\u0105czy w sobie detekcj\u0119 ruchu z dodatkowymi funkcjami, takimi jak o\u015bwietlenie nocne i odporno\u015b\u0107 na zwierz\u0119ta.<\/p>\n<p>Jest idealny zar\u00f3wno dla dom\u00f3w, jak i firm, kt\u00f3re potrzebuj\u0105 rozwi\u0105zania bezpiecze\u0144stwa dostosowanego do nowoczesnego stylu \u017cycia i wysokich wymaga\u0144 w zakresie niezawodno\u015bci.<\/p>\n<h3>Funkcje i zalety:<\/h3>\n<ul>\n<li><strong>Podw\u00f3jna technologia:<\/strong> Po\u0142\u0105czenie czujnik\u00f3w IR i MW zapewnia dok\u0142adne wykrywanie ruchu i minimalizuje fa\u0142szywe alarmy.<\/li>\n<li><strong>Odporno\u015b\u0107 na zwierz\u0119ta:<\/strong> Ignoruje ruchy zwierz\u0105t o wadze do 20 kg.<\/li>\n<li><strong>O\u015bwietlenie nocne:<\/strong> Wbudowane \u015bwiat\u0142a LED mo\u017cna aktywowa\u0107 za pomoc\u0105 ruchu lub pilota i zapewniaj\u0105 o\u015bwietlenie awaryjne w ciemno\u015bci.<\/li>\n<li><strong>Zdalna konfiguracja:<\/strong> Z \u0142atwo\u015bci\u0105 dostosuj czu\u0142o\u015b\u0107 i parametry za pomoc\u0105 pilota OPT-1.<\/li>\n<li><strong>Regulowane wska\u017aniki LED:<\/strong> Wybierz jeden z 4 kolor\u00f3w sygnalizacji alarmu i ruchu.<\/li>\n<li><strong>Ochrona przed manipulacj\u0105:<\/strong> Wbudowane prze\u0142\u0105czniki zabezpieczaj\u0105ce przed manipulacj\u0105.<\/li>\n<\/ul>\n<h3>Certyfikacja i bezpiecze\u0144stwo:<\/h3>\n<p>Dzi\u0119ki certyfikatowi EN50131-2-4 Grade 2, SLIM-DUAL-LUNA-PET spe\u0142nia mi\u0119dzynarodowe standardy bezpiecze\u0144stwa.<\/p>\n<p>Zosta\u0142 r\u00f3wnie\u017c zaprojektowany tak, aby wytrzyma\u0107 trudne warunki pracy w temperaturach od -10\u00b0C do +55\u00b0C.<\/p>\n<h3>Obszary zastosowania:<\/h3>\n<ul>\n<li><strong>Rezydencje:<\/strong> Bezpiecze\u0144stwo dom\u00f3w ze zwierz\u0119tami.<\/li>\n<li><strong>Biznes:<\/strong> Nadaje si\u0119 do biur, magazyn\u00f3w i sklep\u00f3w detalicznych.<\/li>\n<li><strong>Budynki u\u017cyteczno\u015bci publicznej:<\/strong> Bezpieczne rozwi\u0105zanie dla szk\u00f3\u0142 i szpitali.<\/li>\n<\/ul>\n<h3>\u0141atwa instalacja:<\/h3>\n<p>Dzi\u0119ki regulowanym uchwytom \u015bciennym i sufitowym instalacja jest szybka i \u0142atwa.<\/p>\n<p>Wbudowana zdalna konfiguracja umo\u017cliwia zmian\u0119 ustawie\u0144 bez konieczno\u015bci otwierania urz\u0105dzenia.<\/p>\n<p>Dzi\u0119ki SLIM-DUAL-LUNA-PET otrzymujesz wydajne i wszechstronne rozwi\u0105zanie bezpiecze\u0144stwa, kt\u00f3re \u0142\u0105czy w sobie wykrywanie ruchu, o\u015bwietlenie i odporno\u015b\u0107 na zwierz\u0119ta w eleganckim wygl\u0105dzie.<\/p>","protected":false},"excerpt":{"rendered":"<p>Satel SLIM-DUAL-LUNA-PET to zaawansowana czujka kombi, pracuj\u0105ca zar\u00f3wno w technologii IR, jak i MW.<\/p>\n<p>Dzi\u0119ki odporno\u015bci na zwierz\u0119ta do 20 kg i o\u015bwietleniu nocnemu idealnie nadaje si\u0119 do dom\u00f3w i firm poszukuj\u0105cych najwy\u017cszego bezpiecze\u0144stwa.<\/p>\n<p>Czujka ta oferuje regulowan\u0105 czu\u0142o\u015b\u0107, w\u0142\u0105cznik sabota\u017cowy i certyfikat EN50131-2-4 Grade 2.<\/p>\n<p>\u0141atwa instalacja i zdalna konfiguracja za pomoc\u0105 pilota OPT-1.<\/p>","protected":false},"featured_media":144989,"template":"","meta":{"_acf_changed":false},"product_brand":[],"product_cat":[1325],"product_tag":[2146],"class_list":{"0":"post-82479","1":"product","2":"type-product","3":"status-publish","4":"has-post-thumbnail","6":"product_cat-larmgivare-skalskydd","7":"product_tag-rorelsedetektor-kombidetektorer","8":"product_shipping_class-postnord-varubrev","9":"pa_brands-satel","10":"tm-no-options","12":"first","13":"instock","14":"sale","15":"featured","16":"taxable","17":"shipping-taxable","18":"purchasable","19":"product-type-simple"},"acf":[],"_links":{"self":[{"href":"https:\/\/secureus.se\/pl\/wp-json\/wp\/v2\/product\/82479","targetHints":{"allow":["GET"]}}],"collection":[{"href":"https:\/\/secureus.se\/pl\/wp-json\/wp\/v2\/product"}],"about":[{"href":"https:\/\/secureus.se\/pl\/wp-json\/wp\/v2\/types\/product"}],"wp:featuredmedia":[{"embeddable":true,"href":"https:\/\/secureus.se\/pl\/wp-json\/wp\/v2\/media\/144989"}],"wp:attachment":[{"href":"https:\/\/secureus.se\/pl\/wp-json\/wp\/v2\/media?parent=82479"}],"wp:term":[{"taxonomy":"product_brand","embeddable":true,"href":"https:\/\/secureus.se\/pl\/wp-json\/wp\/v2\/product_brand?post=82479"},{"taxonomy":"product_cat","embeddable":true,"href":"https:\/\/secureus.se\/pl\/wp-json\/wp\/v2\/product_cat?post=82479"},{"taxonomy":"product_tag","embeddable":true,"href":"https:\/\/secureus.se\/pl\/wp-json\/wp\/v2\/product_tag?post=82479"}],"curies":[{"name":"wp","href":"https:\/\/api.w.org\/{rel}","templated":true}]}}