{"id":82480,"date":"2022-03-10T15:48:00","date_gmt":"2022-03-10T14:48:00","guid":{"rendered":"https:\/\/secureus.se\/produkt\/slim-dual-pro-kombidetektor-klass-grade3-20x24-meter-antimask\/"},"modified":"2026-04-22T16:12:26","modified_gmt":"2026-04-22T14:12:26","slug":"slim-dual-pro-kombidetektor-klass-grade3-20x24-meter-antimask","status":"publish","type":"product","link":"https:\/\/secureus.se\/pl\/slim-dual-pro-kombidetektor-klass-grade3-20x24-meter-antimask\/","title":{"rendered":"Detektor Satel Combi SLIM DUAL PRO Grade3 \u2013 20\u00d724 m"},"content":{"rendered":"<h1>Satel Slim-Dual-Pro \u2013 bezpiecze\u0144stwo na profesjonalnym poziomie<\/h1>\n<p>Satel Slim Dual Pro to doskona\u0142a czujka ruchu do instalacji bezpiecze\u0144stwa wymagaj\u0105cych najwy\u017cszej precyzji i niezawodno\u015bci.<\/p>\n<p>Dzi\u0119ki po\u0142\u0105czeniu technologii pasywnej podczerwieni (PIR) i mikrofal (MW) czujka ta oferuje niezr\u00f3wnan\u0105 czu\u0142o\u015b\u0107 i minimalizuje ryzyko fa\u0142szywych alarm\u00f3w.<\/p>\n<h5>Funkcje i zalety:<\/h5>\n<ul>\n<li><strong>Podw\u00f3jna technologia<\/strong>: Czujniki PIR i MW dla optymalnej detekcji.<\/li>\n<li><strong>Antywirus<\/strong>: Chroni przed pr\u00f3bami sabota\u017cu czujki poprzez zakrycie lub zamalowanie soczewki.<\/li>\n<li><strong>Regulowane soczewki<\/strong>: Wybierz spo\u015br\u00f3d szerokiego k\u0105ta, kurtyny lub du\u017cej odleg\u0142o\u015bci, aby dopasowa\u0107 si\u0119 do potrzeb instalacji.<\/li>\n<li><strong>Wska\u017aniki LED<\/strong>: Pokazuje status i mo\u017cna go dostosowa\u0107 za pomoc\u0105 siedmiu r\u00f3\u017cnych kolor\u00f3w.<\/li>\n<li><strong>Zdalna konfiguracja<\/strong>: Z \u0142atwo\u015bci\u0105 zmieniaj ustawienia i przeprowadzaj testy chodzenia za pomoc\u0105 pilota OPT-1.<\/li>\n<li><strong>Orzecznictwo<\/strong>: Spe\u0142nia EN 50131-2-4 stopie\u0144 3 dla instalacji o wysokim poziomie bezpiecze\u0144stwa.<\/li>\n<\/ul>\n<p>Dzi\u0119ki zasi\u0119gowi do 20x24 metr\u00f3w i mo\u017cliwo\u015bci regulacji czu\u0142o\u015bci ka\u017cdego czujnika, Slim Dual Pro jest idealnym rozwi\u0105zaniem zar\u00f3wno dla obiekt\u00f3w komercyjnych, jak i prywatnych.<\/p>","protected":false},"excerpt":{"rendered":"<p><strong>Satel Slim Dual Pro \u2013 Profesjonalny czujnik ruchu<\/strong> Satel Slim Dual Pro to zaawansowana czujka ruchu wykorzystuj\u0105ca technologi\u0119 dualn\u0105 (IR i MW), zaprojektowana z my\u015bl\u0105 o maksymalnym bezpiecze\u0144stwie zgodnie z norm\u0105 EN 50131 Grade 3.<\/p>\n<p>Dzi\u0119ki zasi\u0119gowi 20x24 m, ochronie przed robakami i elastycznym opcjom monta\u017cu pasuje zar\u00f3wno do obiekt\u00f3w komercyjnych, jak i prywatnych.<\/p>","protected":false},"featured_media":145300,"template":"","meta":{"_acf_changed":false},"product_brand":[],"product_cat":[1325],"product_tag":[2146],"class_list":{"0":"post-82480","1":"product","2":"type-product","3":"status-publish","4":"has-post-thumbnail","6":"product_cat-larmgivare-skalskydd","7":"product_tag-rorelsedetektor-kombidetektorer","8":"product_shipping_class-postnord-varubrev","9":"pa_brands-satel","10":"tm-no-options","12":"first","13":"instock","14":"sale","15":"featured","16":"taxable","17":"shipping-taxable","18":"purchasable","19":"product-type-simple"},"acf":[],"_links":{"self":[{"href":"https:\/\/secureus.se\/pl\/wp-json\/wp\/v2\/product\/82480","targetHints":{"allow":["GET"]}}],"collection":[{"href":"https:\/\/secureus.se\/pl\/wp-json\/wp\/v2\/product"}],"about":[{"href":"https:\/\/secureus.se\/pl\/wp-json\/wp\/v2\/types\/product"}],"wp:featuredmedia":[{"embeddable":true,"href":"https:\/\/secureus.se\/pl\/wp-json\/wp\/v2\/media\/145300"}],"wp:attachment":[{"href":"https:\/\/secureus.se\/pl\/wp-json\/wp\/v2\/media?parent=82480"}],"wp:term":[{"taxonomy":"product_brand","embeddable":true,"href":"https:\/\/secureus.se\/pl\/wp-json\/wp\/v2\/product_brand?post=82480"},{"taxonomy":"product_cat","embeddable":true,"href":"https:\/\/secureus.se\/pl\/wp-json\/wp\/v2\/product_cat?post=82480"},{"taxonomy":"product_tag","embeddable":true,"href":"https:\/\/secureus.se\/pl\/wp-json\/wp\/v2\/product_tag?post=82480"}],"curies":[{"name":"wp","href":"https:\/\/api.w.org\/{rel}","templated":true}]}}