{"id":82481,"date":"2023-07-07T11:54:44","date_gmt":"2023-07-07T09:54:44","guid":{"rendered":"https:\/\/secureus.se\/produkt\/kodlas-act5-10-koder\/"},"modified":"2026-01-06T20:51:23","modified_gmt":"2026-01-06T19:51:23","slug":"kodlas-act5-10-koder","status":"publish","type":"product","link":"https:\/\/secureus.se\/pl\/kodlas-act5-10-koder\/","title":{"rendered":"Zamek szyfrowy ACT5 Vanderbilt na 1 zamek i 10 kod\u00f3w"},"content":{"rendered":"<h4>Niezale\u017cny zamek szyfrowy ACT5 firmy Vanderbilt \u2013 bezpieczna i niezawodna kontrola Twoich drzwi<\/h4>\n<p>Samodzielny zamek szyfrowy ACT5 to solidne i niezawodne rozwi\u0105zanie do sterowania drzwiami, obs\u0142uguj\u0105ce do 10 kod\u00f3w u\u017cytkownika. Zamek ma obudow\u0119 z poliw\u0119glanu i pod\u015bwietlane przyciski ze stali nierdzewnej, dzi\u0119ki czemu nadaje si\u0119 do u\u017cytku zar\u00f3wno wewn\u0105trz, jak i na zewn\u0105trz. Dzi\u0119ki stopniowi ochrony IP67, ACT5 zosta\u0142 zaprojektowany tak, aby wytrzyma\u0107 najbardziej wymagaj\u0105ce \u015brodowiska i zapewni\u0107 niezawodn\u0105 wydajno\u015b\u0107.<\/p>\n<h3>Funkcje i zalety<\/h3>\n<ul>\n<li><strong>10 kod\u00f3w u\u017cytkownika<\/strong>: Mo\u017cliwo\u015b\u0107 zarz\u0105dzania maksymalnie 10 indywidualnymi kodami w celu elastycznej kontroli dost\u0119pu.<\/li>\n<li><strong>Pod\u015bwietlane przyciski<\/strong>: Przyciski ze stali nierdzewnej z pod\u015bwietleniem u\u0142atwiaj\u0105ce obs\u0142ug\u0119 w ciemnym otoczeniu.<\/li>\n<li><strong>Wysokie bezpiecze\u0144stwo<\/strong>: Funkcja blokuje klawiatur\u0119 na 20 sekund po trzech b\u0142\u0119dnych wpisach kodu, uniemo\u017cliwiaj\u0105c nieautoryzowany dost\u0119p.<\/li>\n<li><strong>Solidna konstrukcja<\/strong>: Obudowa z poliw\u0119glanu, kt\u00f3ra wytrzymuje trudne warunki i sprawia, \u017ce nadaje si\u0119 do u\u017cytku na zewn\u0105trz.<\/li>\n<li><strong>Wyj\u015bcie przeka\u017anikowe<\/strong>: Sterowanie za pomoc\u0105 wyj\u015bcia przeka\u017anikowego 5A dla bezpiecznego i skutecznego blokowania.<\/li>\n<li><strong>Proste programowanie<\/strong>: Szybkie i \u0142atwe programowanie bezpo\u015brednio za pomoc\u0105 klawiatury, zapewniaj\u0105ce wygodn\u0105 instalacj\u0119 i konserwacj\u0119.<\/li>\n<li><strong>Stopie\u0144 ochrony IP67<\/strong>: Ochrona przed kurzem i wod\u0105, dzi\u0119ki czemu idealnie nadaje si\u0119 do instalacji na zewn\u0105trz.<\/li>\n<\/ul>\n<h3>Specyfikacja techniczna<\/h3>\n<ul>\n<li><strong>Napi\u0119cie robocze<\/strong>: 12 \u2013 24 V AC\/DC<\/li>\n<li><strong>Zu\u017cycie energii<\/strong>: 30 mA (nominalnie), 120 mA (maks.)<\/li>\n<li><strong>Temperatura pracy<\/strong>: -40 do +70\u00b0C<\/li>\n<li><strong>Klasa ochrony<\/strong>: IP67<\/li>\n<li><strong>Wymiary<\/strong>: 94 x 130 x 25 mm<\/li>\n<li><strong>Waga<\/strong>: 0,225 kg<\/li>\n<li><strong>Liczba drzwi<\/strong>: 1<\/li>\n<li><strong>U\u017cytkownik<\/strong>: 10<\/li>\n<\/ul>\n<h3>Instalacja i u\u017cytkowanie<\/h3>\n<ol>\n<li><strong>Zapi\u0119cie<\/strong>: Mo\u017cliwo\u015b\u0107 monta\u017cu zar\u00f3wno natynkowego, jak i wpuszczanego, co zapewnia elastyczno\u015b\u0107 instalacji.<\/li>\n<li><strong>Programowanie<\/strong>: \u0141atwe programowanie kod\u00f3w u\u017cytkownika i ustawie\u0144 bezpo\u015brednio za pomoc\u0105 klawiatury.<\/li>\n<li><strong>Konserwacja<\/strong>: Niskie wymagania konserwacyjne, d\u0142uga \u017cywotno\u015b\u0107 i wysoka niezawodno\u015b\u0107.<\/li>\n<\/ol>\n<h3>Obszary zastosowa\u0144<\/h3>\n<p>Zamek szyfrowy ACT5 idealnie nadaje si\u0119 do stosowania zar\u00f3wno w \u015brodowiskach komercyjnych, jak i mieszkalnych, w tym:<\/p>\n<ul>\n<li><strong>Biura i budynki korporacyjne<\/strong><\/li>\n<li><strong>Budynek mieszkalny<\/strong><\/li>\n<li><strong>Magazyny i obiekty przemys\u0142owe<\/strong><\/li>\n<li><strong>Obszary zewn\u0119trzne, gdzie wymagana jest wytrzyma\u0142o\u015b\u0107<\/strong><\/li>\n<\/ul>\n<ul class=\"content--list list--unstyled\">\n<li class=\"list--entry\"><a href=\"http:\/\/V54521-C110-A100\">\u00a0Arkusz danych \u2013 (szwedzki) \u2013 arkusz danych rodziny ACT5, ACT5-EM i ACT10.pdf<\/a><\/li>\n<li class=\"list--entry\"><a class=\"content--link link--download\" title=\" Instrukcja instalacji \u2014 (szwedzki) \u2014 InstallGuide\" href=\"https:\/\/ams.acresecurity.com\/assets\/55257\/download\" target=\"_blank\" rel=\"nofollow noopener\">\u00a0Instrukcja instalacji \u2013 (szwedzki) \u2013 InstallGuide.pdf<\/a><\/li>\n<li class=\"list--entry\"><a class=\"content--link link--download\" title=\" Przewodnik wsparcia produktu \u2014 (w j\u0119zyku angielskim) \u2014 Instalacja zamka szyfrowego \u2014 ty\u0142em do siebie (po jednym z ka\u017cdej strony drzwi)\" href=\"https:\/\/ams.acresecurity.com\/assets\/62694\/download\" target=\"_blank\" rel=\"nofollow noopener\">Przewodnik wsparcia produktu \u2013 (w j\u0119zyku angielskim) \u2013 Instalacja zamka szyfrowego \u2013 Monta\u017c ty\u0142em do siebie (po jednym z ka\u017cdej strony drzwi).pdf<\/a><\/li>\n<li class=\"list--entry\"><a class=\"content--link link--download\" title=\" Przewodnik wsparcia produktu \u2014 (w j\u0119zyku angielskim) \u2014 Dodatkowe funkcje u\u017cytkownika\/przeka\u017anika zamk\u00f3w kodowych ACT5\/10\" href=\"https:\/\/ams.acresecurity.com\/assets\/63015\/download\" target=\"_blank\" rel=\"nofollow noopener\">Przewodnik wsparcia produktu \u2013 (w j\u0119zyku angielskim) \u2013 Dodatkowe funkcje u\u017cytkownika\/przeka\u017anika blokady kod\u00f3w ACT5\/10.pdf<br \/>\n<\/a><\/li>\n<\/ul>","protected":false},"excerpt":{"rendered":"<p><strong>Niezale\u017cny zamek szyfrowy ACT5 \u2013 10 kod\u00f3w u\u017cytkownika, do u\u017cytku wewn\u0105trz i na zewn\u0105trz, IP67<\/strong><\/p>\n<p>ACT5 to samodzielny zamek szyfrowy z 10 kodami u\u017cytkownika i pod\u015bwietlanymi przyciskami ze stali nierdzewnej, idealny do u\u017cytku wewn\u0105trz i na zewn\u0105trz. Proste programowanie i wysokie bezpiecze\u0144stwo dzi\u0119ki funkcji blokady w przypadku wprowadzenia b\u0142\u0119dnego kodu.<\/p>","protected":false},"featured_media":140626,"template":"","meta":{"_acf_changed":false},"product_brand":[],"product_cat":[1481,1324],"product_tag":[],"class_list":{"0":"post-82481","1":"product","2":"type-product","3":"status-publish","4":"has-post-thumbnail","6":"product_cat-kodlas-kodlas","7":"product_cat-outlet","8":"product_shipping_class-postnord-varubrev","9":"pa_brands-6vanderbilt","10":"tm-no-options","12":"first","13":"outofstock","14":"sale","15":"featured","16":"taxable","17":"shipping-taxable","18":"purchasable","19":"product-type-simple"},"acf":[],"_links":{"self":[{"href":"https:\/\/secureus.se\/pl\/wp-json\/wp\/v2\/product\/82481","targetHints":{"allow":["GET"]}}],"collection":[{"href":"https:\/\/secureus.se\/pl\/wp-json\/wp\/v2\/product"}],"about":[{"href":"https:\/\/secureus.se\/pl\/wp-json\/wp\/v2\/types\/product"}],"wp:featuredmedia":[{"embeddable":true,"href":"https:\/\/secureus.se\/pl\/wp-json\/wp\/v2\/media\/140626"}],"wp:attachment":[{"href":"https:\/\/secureus.se\/pl\/wp-json\/wp\/v2\/media?parent=82481"}],"wp:term":[{"taxonomy":"product_brand","embeddable":true,"href":"https:\/\/secureus.se\/pl\/wp-json\/wp\/v2\/product_brand?post=82481"},{"taxonomy":"product_cat","embeddable":true,"href":"https:\/\/secureus.se\/pl\/wp-json\/wp\/v2\/product_cat?post=82481"},{"taxonomy":"product_tag","embeddable":true,"href":"https:\/\/secureus.se\/pl\/wp-json\/wp\/v2\/product_tag?post=82481"}],"curies":[{"name":"wp","href":"https:\/\/api.w.org\/{rel}","templated":true}]}}