{"id":82492,"date":"2022-03-10T15:48:00","date_gmt":"2022-03-10T14:48:00","guid":{"rendered":"https:\/\/secureus.se\/produkt\/magnetkontakt-mc240-infalld-6-meter\/"},"modified":"2025-12-31T19:45:02","modified_gmt":"2025-12-31T18:45:02","slug":"magnetkontakt-mc240-infalld-6-meter","status":"publish","type":"product","link":"https:\/\/secureus.se\/pl\/magnetkontakt-mc240-infalld-6-meter\/","title":{"rendered":"Styk magnetyczny MC 240 wpuszczany 6 metr\u00f3w"},"content":{"rendered":"<p><span style=\"white-space: pre-line\">MC 240 to uniwersalny czujnik magnetyczny z funkcj\u0105 NC z 6-metrowym kablem. Mo\u017ce by\u0107 stosowany zar\u00f3wno w systemach alarmowych, jak i dost\u0119powych do monitorowania m.in. drzwi, bramy i okna, przed nieupowa\u017cnionym otwarciem. Zar\u00f3wno cz\u0119\u015b\u0107 stykowa, jak i magnesowa s\u0105 wykonane z metalu i zaprojektowane w formie \u015bruby z gwintem, co umo\u017cliwia \u0142atwy monta\u017c w drewnie lub tworzywie sztucznym. Dzi\u0119ki naszej bogatej ofercie akcesori\u00f3w instalacyjnych monta\u017c z\u0142\u0105cza zar\u00f3wno podtynkowego, jak i powierzchniowego jest \u0142atwy, nawet na metalu i innych materia\u0142ach. Przy odpowiednim doborze akcesori\u00f3w \u0142\u0105cznik mo\u017cna zamontowa\u0107 tak\u017ce na drzwiach stalowych, sejfach, bramach gara\u017cowych itp.<\/span><\/p>\n<p><span style=\"white-space: pre-line\">Typ magnesu: Alnico 5<\/span><\/p>\n<p><span style=\"white-space: pre-line\">Typowa warto\u015b\u0107 zamkni\u0119cia (materia\u0142 niemagnetyczny): 27 mm <\/span><\/p>\n<p><span style=\"white-space: pre-line\">Maksymalne obci\u0105\u017cenie: 48 VDC\/500 mA\/10 VA<\/span><\/p>\n<p><span style=\"white-space: pre-line\">Zakres temperatur: -40 do +70\u00b0C<\/span><\/p>\n<p><span style=\"white-space: pre-line\">Stopie\u0144 ochrony IP: 67<\/span><\/p>\n<p><span style=\"white-space: pre-line\">\u015arednica wiert\u0142a: 9-10 mm<\/span><\/p>\n<p><span style=\"white-space: pre-line\">Wymiary cz\u0119\u015bci stykowej: (d\u0142. x \u00d8) 37\u00d711 mm<\/span><\/p>","protected":false},"excerpt":{"rendered":"<p>Czujniki dymu - Alarm CO2 - Czujnik temperatury - Wibracje - T\u0142uczek szyby - Zawsze niska cena<\/p>","protected":false},"featured_media":145552,"template":"","meta":{"_acf_changed":false},"product_brand":[],"product_cat":[3086],"product_tag":[],"class_list":{"0":"post-82492","1":"product","2":"type-product","3":"status-publish","4":"has-post-thumbnail","6":"product_cat-magnetkontakter","7":"product_shipping_class-postnord-varubrev","8":"pa_brands-alarmtech","9":"tm-no-options","11":"first","12":"onbackorder","13":"sale","14":"featured","15":"taxable","16":"shipping-taxable","17":"purchasable","18":"product-type-simple"},"acf":[],"_links":{"self":[{"href":"https:\/\/secureus.se\/pl\/wp-json\/wp\/v2\/product\/82492","targetHints":{"allow":["GET"]}}],"collection":[{"href":"https:\/\/secureus.se\/pl\/wp-json\/wp\/v2\/product"}],"about":[{"href":"https:\/\/secureus.se\/pl\/wp-json\/wp\/v2\/types\/product"}],"wp:featuredmedia":[{"embeddable":true,"href":"https:\/\/secureus.se\/pl\/wp-json\/wp\/v2\/media\/145552"}],"wp:attachment":[{"href":"https:\/\/secureus.se\/pl\/wp-json\/wp\/v2\/media?parent=82492"}],"wp:term":[{"taxonomy":"product_brand","embeddable":true,"href":"https:\/\/secureus.se\/pl\/wp-json\/wp\/v2\/product_brand?post=82492"},{"taxonomy":"product_cat","embeddable":true,"href":"https:\/\/secureus.se\/pl\/wp-json\/wp\/v2\/product_cat?post=82492"},{"taxonomy":"product_tag","embeddable":true,"href":"https:\/\/secureus.se\/pl\/wp-json\/wp\/v2\/product_tag?post=82492"}],"curies":[{"name":"wp","href":"https:\/\/api.w.org\/{rel}","templated":true}]}}