{"id":82831,"date":"2023-02-20T14:28:55","date_gmt":"2023-02-20T13:28:55","guid":{"rendered":"https:\/\/secureus.se\/produkt\/flx-s-st-flipx-standard-indoor-pir-sensor-with-rotatable-lens\/"},"modified":"2026-04-01T13:11:45","modified_gmt":"2026-04-01T11:11:45","slug":"optex-flx-s-st-flipx-standard-indoor-pir-sensor-with-rotatable-lens","status":"publish","type":"product","link":"https:\/\/secureus.se\/pl\/optex-flx-s-st-flipx-standard-indoor-pir-sensor-with-rotatable-lens\/","title":{"rendered":"Detektor PIR Optex FLX-S-ST FlipX Professional o k\u0105cie 15 metr\u00f3w lub d\u0142ugiej wi\u0105zce 24 metry"},"content":{"rendered":"<h1>Czujnik PIR Optex FLX-S-ST FlipX Standard to najnowszy produkt firmy Optex oferuj\u0105cy zaawansowan\u0105 technologi\u0119 do zastosowa\u0144 wewn\u0119trznych.<\/h1>\n<p>Wyposa\u017cony w obrotow\u0105 soczewk\u0119, ten czujnik PIR umo\u017cliwia prze\u0142\u0105czanie pomi\u0119dzy detekcj\u0105 szerok\u0105 i w\u0105sk\u0105.<\/p>\n<p>Dzi\u0119ki szerokiemu zakresowi wykrywania do 12 metr\u00f3w i w\u0105skiemu wykrywaniu do 18 metr\u00f3w czujnik zapewnia elastyczne rozwi\u0105zanie spe\u0142niaj\u0105ce r\u00f3\u017cne potrzeby w zakresie bezpiecze\u0144stwa.<\/p>\n<p>Jedn\u0105 z najbardziej godnych uwagi cech FLX-S-ST jest zastosowanie nowego czujnika piroelektrycznego i elementu wychwytuj\u0105cego cz\u0142owieka.<\/p>\n<p>Dzi\u0119ki temu czujnik jest bardzo dok\u0142adny w wykrywaniu ruchu, a dodatkowo wyposa\u017cony jest w ulepszon\u0105 technologi\u0119 przetwarzania sygna\u0142u, kt\u00f3ra zmniejsza ryzyko fa\u0142szywych alarm\u00f3w.<\/p>\n<p>Cyfrowy procesor sygna\u0142u i soczewka sferyczna optymalizuj\u0105 wykrywanie w ca\u0142ym obszarze monitorowania.<\/p>\n<p>Dzi\u0119ki regulowanej czu\u0142o\u015bci i mo\u017cliwo\u015bci umieszczenia czujnika na wysoko\u015bci od 2,0 do 3,0 metr\u00f3w, FLX-S-ST idealnie nadaje si\u0119 zar\u00f3wno do obiekt\u00f3w mieszkalnych, jak i mniejszych obiekt\u00f3w komercyjnych.<\/p>\n<p>Ponadto zapewnia wysok\u0105 tolerancj\u0119 na zwierz\u0119ta, dzi\u0119ki czemu nadaje si\u0119 do \u015brodowisk ze zwierz\u0119tami.<\/p>\n<p>Solidna konstrukcja i wygodne funkcje FLX-S-ST sprawiaj\u0105, \u017ce jest to niezawodne rozwi\u0105zanie zapewniaj\u0105ce bezpieczne i wygodne monitorowanie zar\u00f3wno w domach, jak i ma\u0142ych firmach.<\/p>\n<p>Opr\u00f3cz niezawodnej funkcjonalno\u015bci, jest \u0142atwy w instalacji dzi\u0119ki do\u0142\u0105czonemu wska\u017anikowi LED, kt\u00f3ry u\u0142atwia rozwi\u0105zywanie problem\u00f3w i instalacj\u0119.<\/p>","protected":false},"excerpt":{"rendered":"<p>Optex FLX-S-ST to wysokowydajny wewn\u0119trzny czujnik PIR z obrotow\u0105 soczewk\u0105.<\/p>\n<p>Oferuje zar\u00f3wno szerokie, jak i w\u0105skie wykrywanie, idealne do zastosowa\u0144 mieszkaniowych i mniejszych obiekt\u00f3w komercyjnych.<\/p>\n<p>Dzi\u0119ki innowacyjnemu czujnikowi piroelektrycznemu i elementowi wychwytuj\u0105cemu cz\u0142owieka zapewnia niezawodne i dok\u0142adne wykrywanie.<\/p>","protected":false},"featured_media":140675,"template":"","meta":{"_acf_changed":false},"product_brand":[],"product_cat":[1325],"product_tag":[2989,2145,2465],"class_list":{"0":"post-82831","1":"product","2":"type-product","3":"status-publish","4":"has-post-thumbnail","6":"product_cat-larmgivare-skalskydd","7":"product_tag-egen-logo-ej-taggar-kort","8":"product_tag-rorelsedetektor-ir-detektorer","9":"product_tag-sbsc-larmklass2","10":"product_shipping_class-postnord-varubrev","11":"pa_brands-optex","12":"tm-no-options","14":"first","15":"instock","16":"featured","17":"taxable","18":"shipping-taxable","19":"purchasable","20":"product-type-simple"},"acf":[],"_links":{"self":[{"href":"https:\/\/secureus.se\/pl\/wp-json\/wp\/v2\/product\/82831","targetHints":{"allow":["GET"]}}],"collection":[{"href":"https:\/\/secureus.se\/pl\/wp-json\/wp\/v2\/product"}],"about":[{"href":"https:\/\/secureus.se\/pl\/wp-json\/wp\/v2\/types\/product"}],"wp:featuredmedia":[{"embeddable":true,"href":"https:\/\/secureus.se\/pl\/wp-json\/wp\/v2\/media\/140675"}],"wp:attachment":[{"href":"https:\/\/secureus.se\/pl\/wp-json\/wp\/v2\/media?parent=82831"}],"wp:term":[{"taxonomy":"product_brand","embeddable":true,"href":"https:\/\/secureus.se\/pl\/wp-json\/wp\/v2\/product_brand?post=82831"},{"taxonomy":"product_cat","embeddable":true,"href":"https:\/\/secureus.se\/pl\/wp-json\/wp\/v2\/product_cat?post=82831"},{"taxonomy":"product_tag","embeddable":true,"href":"https:\/\/secureus.se\/pl\/wp-json\/wp\/v2\/product_tag?post=82831"}],"curies":[{"name":"wp","href":"https:\/\/api.w.org\/{rel}","templated":true}]}}