{"id":82917,"date":"2022-10-04T13:11:18","date_gmt":"2022-10-04T11:11:18","guid":{"rendered":"https:\/\/secureus.se\/produkt\/elko-rs-stromstallare-valfri-gravyr-oppnaknapp-valfritt-med-er-logo\/"},"modified":"2025-12-12T13:17:33","modified_gmt":"2025-12-12T12:17:33","slug":"elko-rs-stromstallare-valfri-gravyr-oppnaknapp-valfritt-med-er-logo","status":"publish","type":"product","link":"https:\/\/secureus.se\/pl\/elko-rs-stromstallare-valfri-gravyr-oppnaknapp-valfritt-med-er-logo\/","title":{"rendered":"Prze\u0142\u0105cznik ELKO (RS) - Opcjonalny grawer \u201ePrzycisk Otw\u00f3rz\u201d opcjonalnie z Twoim Logo"},"content":{"rendered":"<p>Funkcja otwierania z przyciskiem i spr\u0119\u017cynowym zamkni\u0119ciem z wybranym wzorem \u2013 Korekta zawsze jest wliczona w cen\u0119 nowych produkt\u00f3w. Grawerunek jest jednokolorowy.<\/p>\n<p>Czas dostawy wynosi 2-5 dni, a ceny zawieraj\u0105 grawer i projekt.<\/p>\n<p>Je\u015bli chcesz, aby otwarte przyciski by\u0142y publikowane na warstwie unikalnej dla klienta, daj nam zna\u0107.<\/p>\n<p>ELKO Zewn\u0119trzny (RS) E: nr 1841221<\/p>\n<p>&nbsp;<\/p>","protected":false},"excerpt":{"rendered":"<p>\u00d6ppnaknapp slutande funktion och \u00e5terfj\u00e4drande med ert val av design &#8211; Korrektur kommer allid p\u00e5 nya produkter. Obsevera att gravyr \u00e4r 1-f\u00e4rgad. Leveranstiden \u00e4r 2-5 dagar och priser inkluderar gravyr<\/p>","protected":false},"featured_media":141849,"template":"","meta":{"_acf_changed":false},"product_brand":[],"product_cat":[4827],"product_tag":[2989,2936,2937],"class_list":{"0":"post-82917","1":"product","2":"type-product","3":"status-publish","4":"has-post-thumbnail","6":"product_cat-elko","7":"product_tag-egen-logo-ej-taggar-kort","8":"product_tag-oppna-brand-design-produkt","9":"product_tag-oppnaknappar","10":"product_shipping_class-postnord-varubrev","11":"pa_brands-stonehouse-security","12":"tm-has-options","14":"first","15":"instock","16":"sale","17":"featured","18":"taxable","19":"shipping-taxable","20":"purchasable","21":"product-type-simple"},"acf":[],"_links":{"self":[{"href":"https:\/\/secureus.se\/pl\/wp-json\/wp\/v2\/product\/82917","targetHints":{"allow":["GET"]}}],"collection":[{"href":"https:\/\/secureus.se\/pl\/wp-json\/wp\/v2\/product"}],"about":[{"href":"https:\/\/secureus.se\/pl\/wp-json\/wp\/v2\/types\/product"}],"wp:featuredmedia":[{"embeddable":true,"href":"https:\/\/secureus.se\/pl\/wp-json\/wp\/v2\/media\/141849"}],"wp:attachment":[{"href":"https:\/\/secureus.se\/pl\/wp-json\/wp\/v2\/media?parent=82917"}],"wp:term":[{"taxonomy":"product_brand","embeddable":true,"href":"https:\/\/secureus.se\/pl\/wp-json\/wp\/v2\/product_brand?post=82917"},{"taxonomy":"product_cat","embeddable":true,"href":"https:\/\/secureus.se\/pl\/wp-json\/wp\/v2\/product_cat?post=82917"},{"taxonomy":"product_tag","embeddable":true,"href":"https:\/\/secureus.se\/pl\/wp-json\/wp\/v2\/product_tag?post=82917"}],"curies":[{"name":"wp","href":"https:\/\/api.w.org\/{rel}","templated":true}]}}