{"id":83004,"date":"2023-09-08T10:34:08","date_gmt":"2023-09-08T08:34:08","guid":{"rendered":"https:\/\/secureus.se\/?post_type=product&#038;p=83004"},"modified":"2026-03-26T10:11:53","modified_gmt":"2026-03-26T09:11:53","slug":"paxton-214-326-desktop-reader-and-keyboard","status":"publish","type":"product","link":"https:\/\/secureus.se\/pl\/paxton-214-326-desktop-reader-and-keyboard\/","title":{"rendered":"Czytnik stacjonarny i klawiatura Paxton 214-326"},"content":{"rendered":"<p>Ten czytnik stacjonarny Paxton 214-326 jest przeznaczony do umieszczenia przy komputerze i s\u0142u\u017cy do dodawania brelok\u00f3w do systemu Net2. Czytnik i klawiatura umo\u017cliwiaj\u0105 szybkie i dok\u0142adne dodawanie brelok\u00f3w, a tak\u017ce umo\u017cliwiaj\u0105 zlokalizowanie w\u0142a\u015bciciela zagubionego breloka.<\/p>\n<ul>\n<li>Po\u0142\u0105czenie USB<\/li>\n<li>Czytnik stacjonarny, kt\u00f3ry dodaje breloki\/tokeny do system\u00f3w<\/li>\n<li>Znajd\u017a w\u0142a\u015bciciela zagubionych brelok\u00f3w\/\u017ceton\u00f3w<\/li>\n<\/ul>\n<p><strong><br \/>\nWaga produktu:<br \/>\n0,30 kg<br \/>\n<\/strong><\/p>","protected":false},"excerpt":{"rendered":"<p>Ten czytnik stacjonarny Paxton 214-326 jest przeznaczony do umieszczenia przy komputerze i s\u0142u\u017cy do dodawania brelok\u00f3w do systemu Net2. Czytnik i klawiatura szybko i dok\u0142adnie dodaj\u0105 breloki,<\/p>","protected":false},"featured_media":139972,"template":"","meta":{"_acf_changed":false},"product_brand":[],"product_cat":[1743],"product_tag":[2942,3069],"class_list":{"0":"post-83004","1":"product","2":"type-product","3":"status-publish","4":"has-post-thumbnail","6":"product_cat-rfid-lasare","7":"product_tag-paxton-rg15","8":"product_tag-trade-produkt","9":"product_shipping_class-tunga-paket","10":"pa_brands-paxton","11":"tm-no-options","13":"first","14":"instock","15":"sale","16":"taxable","17":"shipping-taxable","18":"purchasable","19":"product-type-simple"},"acf":[],"_links":{"self":[{"href":"https:\/\/secureus.se\/pl\/wp-json\/wp\/v2\/product\/83004","targetHints":{"allow":["GET"]}}],"collection":[{"href":"https:\/\/secureus.se\/pl\/wp-json\/wp\/v2\/product"}],"about":[{"href":"https:\/\/secureus.se\/pl\/wp-json\/wp\/v2\/types\/product"}],"wp:featuredmedia":[{"embeddable":true,"href":"https:\/\/secureus.se\/pl\/wp-json\/wp\/v2\/media\/139972"}],"wp:attachment":[{"href":"https:\/\/secureus.se\/pl\/wp-json\/wp\/v2\/media?parent=83004"}],"wp:term":[{"taxonomy":"product_brand","embeddable":true,"href":"https:\/\/secureus.se\/pl\/wp-json\/wp\/v2\/product_brand?post=83004"},{"taxonomy":"product_cat","embeddable":true,"href":"https:\/\/secureus.se\/pl\/wp-json\/wp\/v2\/product_cat?post=83004"},{"taxonomy":"product_tag","embeddable":true,"href":"https:\/\/secureus.se\/pl\/wp-json\/wp\/v2\/product_tag?post=83004"}],"curies":[{"name":"wp","href":"https:\/\/api.w.org\/{rel}","templated":true}]}}