{"id":83006,"date":"2023-09-08T10:33:54","date_gmt":"2023-09-08T08:33:54","guid":{"rendered":"https:\/\/secureus.se\/?post_type=product&#038;p=83006"},"modified":"2026-04-08T16:26:56","modified_gmt":"2026-04-08T14:26:56","slug":"paxton-514-326-net2-proximity-card-reader","status":"publish","type":"product","link":"https:\/\/secureus.se\/pl\/paxton-514-326-net2-proximity-card-reader\/","title":{"rendered":"Czytnik kart zbli\u017ceniowych Paxton 514-326 Net2"},"content":{"rendered":"<p>Nasz czytnik kart zbli\u017ceniowych Paxton 514-326 Net2 najlepiej nadaje si\u0119 do szybkiego i dok\u0142adnego dodawania token\u00f3w do systemu Net2. Mo\u017cna go r\u00f3wnie\u017c wykorzysta\u0107 do identyfikacji zagubionych token\u00f3w.<\/p>\n<ul>\n<li>Proste po\u0142\u0105czenie USB.<\/li>\n<li>Dost\u0119pne wersje zbli\u017ceniowe i zbli\u017ceniowe\/z paskiem magnetycznym.<\/li>\n<li>Odczytuje tokeny Net2 i MIFARE\u00ae.<\/li>\n<\/ul>\n<p><strong>Karty te nie maj\u0105 ju\u017c odniesienia do numeru karty na opakowaniu zewn\u0119trznym. Je\u015bli nie masz elektronicznej metody odczytu\/wy\u015bwietlenia numeru zbli\u017ceniowego, wymagany jest ten produkt.<\/strong><\/p>\n<p><strong><br \/>\nWaga produktu:<br \/>\n0,29 kg<br \/>\n<\/strong><\/p>","protected":false},"excerpt":{"rendered":"<p>Nasz czytnik kart zbli\u017ceniowych Paxton 514-326 Net2 najlepiej nadaje si\u0119 do szybkiego i dok\u0142adnego dodawania token\u00f3w do systemu Net2. Mo\u017cna go r\u00f3wnie\u017c wykorzysta\u0107 do identyfikacji zagubionych token\u00f3w. Prosty<\/p>","protected":false},"featured_media":140474,"template":"","meta":{"_acf_changed":false},"product_brand":[],"product_cat":[1743],"product_tag":[2942,3069],"class_list":{"0":"post-83006","1":"product","2":"type-product","3":"status-publish","4":"has-post-thumbnail","6":"product_cat-rfid-lasare","7":"product_tag-paxton-rg15","8":"product_tag-trade-produkt","9":"product_shipping_class-tunga-paket","10":"pa_brands-paxton","11":"tm-no-options","13":"first","14":"instock","15":"sale","16":"taxable","17":"shipping-taxable","18":"purchasable","19":"product-type-simple"},"acf":[],"_links":{"self":[{"href":"https:\/\/secureus.se\/pl\/wp-json\/wp\/v2\/product\/83006","targetHints":{"allow":["GET"]}}],"collection":[{"href":"https:\/\/secureus.se\/pl\/wp-json\/wp\/v2\/product"}],"about":[{"href":"https:\/\/secureus.se\/pl\/wp-json\/wp\/v2\/types\/product"}],"wp:featuredmedia":[{"embeddable":true,"href":"https:\/\/secureus.se\/pl\/wp-json\/wp\/v2\/media\/140474"}],"wp:attachment":[{"href":"https:\/\/secureus.se\/pl\/wp-json\/wp\/v2\/media?parent=83006"}],"wp:term":[{"taxonomy":"product_brand","embeddable":true,"href":"https:\/\/secureus.se\/pl\/wp-json\/wp\/v2\/product_brand?post=83006"},{"taxonomy":"product_cat","embeddable":true,"href":"https:\/\/secureus.se\/pl\/wp-json\/wp\/v2\/product_cat?post=83006"},{"taxonomy":"product_tag","embeddable":true,"href":"https:\/\/secureus.se\/pl\/wp-json\/wp\/v2\/product_tag?post=83006"}],"curies":[{"name":"wp","href":"https:\/\/api.w.org\/{rel}","templated":true}]}}