{"id":83014,"date":"2023-09-08T10:34:19","date_gmt":"2023-09-08T08:34:19","guid":{"rendered":"https:\/\/secureus.se\/?post_type=product&#038;p=83014"},"modified":"2026-04-08T16:28:00","modified_gmt":"2026-04-08T14:28:00","slug":"paxton-698-574-net-2-watch-prox-black-pack-of-10","status":"publish","type":"product","link":"https:\/\/secureus.se\/pl\/paxton-698-574-net-2-watch-prox-black-pack-of-10\/","title":{"rendered":"Paxton 698-574 Net 2 Zegarek Prox \u2013 czarny (opakowanie 10 sztuk)"},"content":{"rendered":"<p>Zegarek Paxton 698-574 Net2 Prox w kolorze czarnym jest idealny do u\u017cytku w podr\u00f3\u017cy i bez u\u017cycia r\u0105k, poniewa\u017c wygodnie dopasowuje si\u0119 do nadgarstka we wszystkich rozmiarach. Jest r\u00f3wnie\u017c wodoodporny, dlatego najlepiej sprawdza si\u0119 w \u015brodowiskach nara\u017conych na wilgo\u0107.<\/p>\n<ul>\n<li>\u00a0Sprzedawane w opakowaniach po 10 sztuk<\/li>\n<li>Kolor: czarny<\/li>\n<li>W pe\u0142ni wodoodporny<\/li>\n<li>Rozmiar uniwersalny<\/li>\n<li>Ka\u017cdy token jest indywidualnie kodowany<\/li>\n<\/ul>\n<p><strong><br \/>\nWaga produktu:<br \/>\n0,20 kg<br \/>\n<\/strong><\/p>","protected":false},"excerpt":{"rendered":"<p>Zegarek Paxton 698-574 Net2 Prox w kolorze czarnym jest idealny do u\u017cytku w podr\u00f3\u017cy i bez u\u017cycia r\u0105k, poniewa\u017c wygodnie dopasowuje si\u0119 do nadgarstka we wszystkich rozmiarach. Jest r\u00f3wnie\u017c wodoodporny, wi\u0119c najlepiej<\/p>","protected":false},"featured_media":140271,"template":"","meta":{"_acf_changed":false},"product_brand":[],"product_cat":[4817],"product_tag":[2942,3069],"class_list":{"0":"post-83014","1":"product","2":"type-product","3":"status-publish","4":"has-post-thumbnail","6":"product_cat-paxton-taggar","7":"product_tag-paxton-rg15","8":"product_tag-trade-produkt","9":"product_shipping_class-tunga-paket","10":"pa_brands-paxton","11":"tm-no-options","13":"first","14":"instock","15":"sale","16":"taxable","17":"shipping-taxable","18":"purchasable","19":"product-type-simple"},"acf":[],"_links":{"self":[{"href":"https:\/\/secureus.se\/pl\/wp-json\/wp\/v2\/product\/83014","targetHints":{"allow":["GET"]}}],"collection":[{"href":"https:\/\/secureus.se\/pl\/wp-json\/wp\/v2\/product"}],"about":[{"href":"https:\/\/secureus.se\/pl\/wp-json\/wp\/v2\/types\/product"}],"wp:featuredmedia":[{"embeddable":true,"href":"https:\/\/secureus.se\/pl\/wp-json\/wp\/v2\/media\/140271"}],"wp:attachment":[{"href":"https:\/\/secureus.se\/pl\/wp-json\/wp\/v2\/media?parent=83014"}],"wp:term":[{"taxonomy":"product_brand","embeddable":true,"href":"https:\/\/secureus.se\/pl\/wp-json\/wp\/v2\/product_brand?post=83014"},{"taxonomy":"product_cat","embeddable":true,"href":"https:\/\/secureus.se\/pl\/wp-json\/wp\/v2\/product_cat?post=83014"},{"taxonomy":"product_tag","embeddable":true,"href":"https:\/\/secureus.se\/pl\/wp-json\/wp\/v2\/product_tag?post=83014"}],"curies":[{"name":"wp","href":"https:\/\/api.w.org\/{rel}","templated":true}]}}