{"id":83016,"date":"2023-09-08T10:33:39","date_gmt":"2023-09-08T08:33:39","guid":{"rendered":"https:\/\/secureus.se\/?post_type=product&#038;p=83016"},"modified":"2026-04-08T16:21:27","modified_gmt":"2026-04-08T14:21:27","slug":"paxton-692-052-net2-proximity-iso-cards-pack-of-500","status":"publish","type":"product","link":"https:\/\/secureus.se\/pl\/paxton-692-052-net2-proximity-iso-cards-pack-of-500\/","title":{"rendered":"Karty zbli\u017ceniowe ISO Paxton 692-052 Net2 (zestaw 500 sztuk)"},"content":{"rendered":"<p>Te karty zbli\u017ceniowe ISO Paxton Net2 s\u0105 przeznaczone do u\u017cytku z systemami Paxton Net2. Karty te nie maj\u0105 paska magnetycznego, ale ka\u017cda karta jest zaprogramowana za pomoc\u0105 o\u015bmiocyfrowego unikalnego numeru.<\/p>\n<ul>\n<li>Opakowanie 500 sztuk<\/li>\n<li>Cz\u0119stotliwo\u015b\u0107 125 kHz<\/li>\n<li>Rozmiar karty CR80 (86 mm x 54 mm)<\/li>\n<\/ul>\n<p><strong><br \/>\nWaga produktu:<br \/>\n3,45 kg<br \/>\n<\/strong><\/p>","protected":false},"excerpt":{"rendered":"<p>Te karty zbli\u017ceniowe ISO Paxton Net2 s\u0105 przeznaczone do u\u017cytku z systemami Paxton Net2. Karty te nie maj\u0105 paska magnetycznego, ale ka\u017cda karta jest zaprogramowana o\u015bmiocyfrowo<\/p>","protected":false},"featured_media":140491,"template":"","meta":{"_acf_changed":false},"product_brand":[],"product_cat":[4820],"product_tag":[2942,3069],"class_list":{"0":"post-83016","1":"product","2":"type-product","3":"status-publish","4":"has-post-thumbnail","6":"product_cat-paxton-kort","7":"product_tag-paxton-rg15","8":"product_tag-trade-produkt","9":"product_shipping_class-tunga-paket","10":"pa_brands-paxton","11":"tm-no-options","13":"first","14":"instock","15":"sale","16":"taxable","17":"shipping-taxable","18":"purchasable","19":"product-type-simple"},"acf":[],"_links":{"self":[{"href":"https:\/\/secureus.se\/pl\/wp-json\/wp\/v2\/product\/83016","targetHints":{"allow":["GET"]}}],"collection":[{"href":"https:\/\/secureus.se\/pl\/wp-json\/wp\/v2\/product"}],"about":[{"href":"https:\/\/secureus.se\/pl\/wp-json\/wp\/v2\/types\/product"}],"wp:featuredmedia":[{"embeddable":true,"href":"https:\/\/secureus.se\/pl\/wp-json\/wp\/v2\/media\/140491"}],"wp:attachment":[{"href":"https:\/\/secureus.se\/pl\/wp-json\/wp\/v2\/media?parent=83016"}],"wp:term":[{"taxonomy":"product_brand","embeddable":true,"href":"https:\/\/secureus.se\/pl\/wp-json\/wp\/v2\/product_brand?post=83016"},{"taxonomy":"product_cat","embeddable":true,"href":"https:\/\/secureus.se\/pl\/wp-json\/wp\/v2\/product_cat?post=83016"},{"taxonomy":"product_tag","embeddable":true,"href":"https:\/\/secureus.se\/pl\/wp-json\/wp\/v2\/product_tag?post=83016"}],"curies":[{"name":"wp","href":"https:\/\/api.w.org\/{rel}","templated":true}]}}