{"id":83022,"date":"2023-09-08T10:33:09","date_gmt":"2023-09-08T08:33:09","guid":{"rendered":"https:\/\/secureus.se\/?post_type=product&#038;p=83022"},"modified":"2026-04-08T16:28:48","modified_gmt":"2026-04-08T14:28:48","slug":"paxton-net-2-long-range-handsfree-keycards-690-333-singles","status":"publish","type":"product","link":"https:\/\/secureus.se\/pl\/paxton-net-2-long-range-handsfree-keycards-690-333-singles\/","title":{"rendered":"Karty g\u0142o\u015bnom\u00f3wi\u0105ce Paxton Net 2 dalekiego zasi\u0119gu, 690-333 (pojedyncze)"},"content":{"rendered":"<p>Puste bia\u0142e karty do zestawu g\u0142o\u015bnom\u00f3wi\u0105cego Paxton NET2 dalekiego zasi\u0119gu<\/p>\n<ul>\n<li><strong>Rozmiar opakowania:\u00a0<\/strong>Sprzedawane w singlach<\/li>\n<li><strong>Kod produktu producenta: 690-333<\/strong><\/li>\n<li>Do u\u017cytku z czytnikami zbli\u017ceniowymi Paxton jako cz\u0119\u015bci\u0105 systemu Net2<\/li>\n<\/ul>\n<p><strong><br \/>\nWaga produktu:<br \/>\n0,06 kg<br \/>\n<\/strong><\/p>","protected":false},"excerpt":{"rendered":"<p>Puste bia\u0142e karty do zestawu g\u0142o\u015bnom\u00f3wi\u0105cego Paxton NET2 dalekiego zasi\u0119gu Rozmiar opakowania: sprzedawane pojedynczo Kod produktu producenta: 690-333 Do u\u017cytku z czytnikami zbli\u017ceniowymi Paxton jako cz\u0119\u015bci\u0105 systemu Net2 Waga produktu:<\/p>","protected":false},"featured_media":140113,"template":"","meta":{"_acf_changed":false},"product_brand":[],"product_cat":[4820],"product_tag":[2942,3069],"class_list":{"0":"post-83022","1":"product","2":"type-product","3":"status-publish","4":"has-post-thumbnail","6":"product_cat-paxton-kort","7":"product_tag-paxton-rg15","8":"product_tag-trade-produkt","9":"product_shipping_class-postnord-varubrev","10":"pa_brands-paxton","11":"tm-no-options","13":"first","14":"instock","15":"sale","16":"taxable","17":"shipping-taxable","18":"purchasable","19":"product-type-simple"},"acf":[],"_links":{"self":[{"href":"https:\/\/secureus.se\/pl\/wp-json\/wp\/v2\/product\/83022","targetHints":{"allow":["GET"]}}],"collection":[{"href":"https:\/\/secureus.se\/pl\/wp-json\/wp\/v2\/product"}],"about":[{"href":"https:\/\/secureus.se\/pl\/wp-json\/wp\/v2\/types\/product"}],"wp:featuredmedia":[{"embeddable":true,"href":"https:\/\/secureus.se\/pl\/wp-json\/wp\/v2\/media\/140113"}],"wp:attachment":[{"href":"https:\/\/secureus.se\/pl\/wp-json\/wp\/v2\/media?parent=83022"}],"wp:term":[{"taxonomy":"product_brand","embeddable":true,"href":"https:\/\/secureus.se\/pl\/wp-json\/wp\/v2\/product_brand?post=83022"},{"taxonomy":"product_cat","embeddable":true,"href":"https:\/\/secureus.se\/pl\/wp-json\/wp\/v2\/product_cat?post=83022"},{"taxonomy":"product_tag","embeddable":true,"href":"https:\/\/secureus.se\/pl\/wp-json\/wp\/v2\/product_tag?post=83022"}],"curies":[{"name":"wp","href":"https:\/\/api.w.org\/{rel}","templated":true}]}}