{"id":83024,"date":"2023-09-08T10:32:58","date_gmt":"2023-09-08T08:32:58","guid":{"rendered":"https:\/\/secureus.se\/?post_type=product&#038;p=83024"},"modified":"2026-04-23T12:39:48","modified_gmt":"2026-04-23T10:39:48","slug":"paxton-692-500-net2-proximity-iso-cards-pack-of-10","status":"publish","type":"product","link":"https:\/\/secureus.se\/pl\/paxton-692-500-net2-proximity-iso-cards-pack-of-10\/","title":{"rendered":"Karty zbli\u017ceniowe ISO Paxton 692-500 Net2 (zestaw 10 sztuk)"},"content":{"rendered":"<p>Karty zbli\u017ceniowe ISO Paxton 692-500 Net2 to karty zbli\u017ceniowe z mo\u017cliwo\u015bci\u0105 drukowania, kompatybilne z systemami bezpiecze\u0144stwa Net2. Karty te dzia\u0142aj\u0105 na cz\u0119stotliwo\u015bci no\u015bnej 125 kHz.<\/p>\n<ul>\n<li>Sprzedawane w opakowaniach po 10 sztuk<\/li>\n<li>Dzia\u0142a w zakresie cz\u0119stotliwo\u015bci 125 MHz<\/li>\n<li>Zakodowany unikalnym 8-cyfrowym numerem<\/li>\n<li>Karta ISO \u2013 Brak paska magnetycznego i panelu na podpisy<\/li>\n<li>Standardowy rozmiar karty kredytowej CR80 (85,60 x 53,98 mm)<\/li>\n<\/ul>\n<p><strong><br \/>\nWaga produktu:<br \/>\n0,07 kg<br \/>\n<\/strong><\/p>","protected":false},"excerpt":{"rendered":"<p>Karty zbli\u017ceniowe ISO Paxton 692-500 Net2 to karty zbli\u017ceniowe z mo\u017cliwo\u015bci\u0105 drukowania, kompatybilne z systemami bezpiecze\u0144stwa Net2. Karty te dzia\u0142aj\u0105 na cz\u0119stotliwo\u015bci no\u015bnej 125 kHz. Sprzedany<\/p>","protected":false},"featured_media":141055,"template":"","meta":{"_acf_changed":false},"product_brand":[],"product_cat":[4820,4812,4823],"product_tag":[2942,3069],"class_list":{"0":"post-83024","1":"product","2":"type-product","3":"status-publish","4":"has-post-thumbnail","6":"product_cat-paxton-kort","7":"product_cat-varumarkes-specifika-taggar","8":"product_cat-varumarkes-specifika-kort","9":"product_tag-paxton-rg15","10":"product_tag-trade-produkt","11":"product_shipping_class-postnord-varubrev","12":"pa_brands-paxton","13":"tm-no-options","15":"first","16":"instock","17":"sale","18":"taxable","19":"shipping-taxable","20":"purchasable","21":"product-type-simple"},"acf":[],"_links":{"self":[{"href":"https:\/\/secureus.se\/pl\/wp-json\/wp\/v2\/product\/83024","targetHints":{"allow":["GET"]}}],"collection":[{"href":"https:\/\/secureus.se\/pl\/wp-json\/wp\/v2\/product"}],"about":[{"href":"https:\/\/secureus.se\/pl\/wp-json\/wp\/v2\/types\/product"}],"wp:featuredmedia":[{"embeddable":true,"href":"https:\/\/secureus.se\/pl\/wp-json\/wp\/v2\/media\/141055"}],"wp:attachment":[{"href":"https:\/\/secureus.se\/pl\/wp-json\/wp\/v2\/media?parent=83024"}],"wp:term":[{"taxonomy":"product_brand","embeddable":true,"href":"https:\/\/secureus.se\/pl\/wp-json\/wp\/v2\/product_brand?post=83024"},{"taxonomy":"product_cat","embeddable":true,"href":"https:\/\/secureus.se\/pl\/wp-json\/wp\/v2\/product_cat?post=83024"},{"taxonomy":"product_tag","embeddable":true,"href":"https:\/\/secureus.se\/pl\/wp-json\/wp\/v2\/product_tag?post=83024"}],"curies":[{"name":"wp","href":"https:\/\/api.w.org\/{rel}","templated":true}]}}