{"id":83026,"date":"2023-09-08T10:32:32","date_gmt":"2023-09-08T08:32:32","guid":{"rendered":"https:\/\/secureus.se\/?post_type=product&#038;p=83026"},"modified":"2026-04-08T16:20:41","modified_gmt":"2026-04-08T14:20:41","slug":"paxton-695-644-net2-proximity-key-fobs-pack-of-10","status":"publish","type":"product","link":"https:\/\/secureus.se\/pl\/paxton-695-644-net2-proximity-key-fobs-pack-of-10\/","title":{"rendered":"Breloki zbli\u017ceniowe Paxton 695-644 Net2 (opakowanie 10 sztuk)"},"content":{"rendered":"<p>Brelok zbli\u017ceniowy Paxton 695-644 Net2 to wsp\u00f3\u0142czesna alternatywa dla kluczy mechanicznych. Jest kompatybilny z systemami bezpiecze\u0144stwa Net2 i dzia\u0142a na cz\u0119stotliwo\u015bci no\u015bnej 125 kHz.<\/p>\n<ul>\n<li>Sprzedawane w opakowaniach po 10 sztuk<\/li>\n<li>Dzia\u0142a w zakresie cz\u0119stotliwo\u015bci 125 MHz<\/li>\n<li>Wymiar: 83 x 2 x 0,5 mm<\/li>\n<li>Ka\u017cdy brelok jest jednoznacznie kodowany 8-cyfrowym numerem<\/li>\n<\/ul>\n<p><strong><br \/>\nWaga produktu:<br \/>\n0,06 kg<br \/>\n<\/strong><\/p>","protected":false},"excerpt":{"rendered":"<p>Brelok zbli\u017ceniowy Paxton 695-644 Net2 to wsp\u00f3\u0142czesna alternatywa dla kluczy mechanicznych. Jest kompatybilny z systemami bezpiecze\u0144stwa Net2 i dzia\u0142a na no\u015bniku<\/p>","protected":false},"featured_media":141068,"template":"","meta":{"_acf_changed":false},"product_brand":[],"product_cat":[4817],"product_tag":[2942,3069],"class_list":{"0":"post-83026","1":"product","2":"type-product","3":"status-publish","4":"has-post-thumbnail","6":"product_cat-paxton-taggar","7":"product_tag-paxton-rg15","8":"product_tag-trade-produkt","9":"product_shipping_class-postnord-varubrev","10":"pa_brands-paxton","11":"tm-no-options","13":"first","14":"instock","15":"sale","16":"taxable","17":"shipping-taxable","18":"purchasable","19":"product-type-simple"},"acf":[],"_links":{"self":[{"href":"https:\/\/secureus.se\/pl\/wp-json\/wp\/v2\/product\/83026","targetHints":{"allow":["GET"]}}],"collection":[{"href":"https:\/\/secureus.se\/pl\/wp-json\/wp\/v2\/product"}],"about":[{"href":"https:\/\/secureus.se\/pl\/wp-json\/wp\/v2\/types\/product"}],"wp:featuredmedia":[{"embeddable":true,"href":"https:\/\/secureus.se\/pl\/wp-json\/wp\/v2\/media\/141068"}],"wp:attachment":[{"href":"https:\/\/secureus.se\/pl\/wp-json\/wp\/v2\/media?parent=83026"}],"wp:term":[{"taxonomy":"product_brand","embeddable":true,"href":"https:\/\/secureus.se\/pl\/wp-json\/wp\/v2\/product_brand?post=83026"},{"taxonomy":"product_cat","embeddable":true,"href":"https:\/\/secureus.se\/pl\/wp-json\/wp\/v2\/product_cat?post=83026"},{"taxonomy":"product_tag","embeddable":true,"href":"https:\/\/secureus.se\/pl\/wp-json\/wp\/v2\/product_tag?post=83026"}],"curies":[{"name":"wp","href":"https:\/\/api.w.org\/{rel}","templated":true}]}}