{"id":83031,"date":"2023-09-08T14:24:05","date_gmt":"2023-09-08T12:24:05","guid":{"rendered":"https:\/\/secureus.se\/?post_type=product&#038;p=83031"},"modified":"2026-04-23T12:42:03","modified_gmt":"2026-04-23T10:42:03","slug":"vanderbilt-cotag-0958-102-isoprox-cards-gbi51-303-pack-of-10-for-use-with-cotag-systems","status":"publish","type":"product","link":"https:\/\/secureus.se\/pl\/vanderbilt-cotag-0958-102-isoprox-cards-gbi51-303-pack-of-10-for-use-with-cotag-systems\/","title":{"rendered":"Karty Vanderbilt Cotag 0958-102 IsoProx GBI:51-303 (zestaw 10 sztuk) (do u\u017cytku z systemami Cotag)"},"content":{"rendered":"<p>Karty Siemens Cotag 0958-102 IsoProx to fabrycznie zakodowane, laminowane karty zbli\u017ceniowe ISO do u\u017cytku z systemami Cotag. B\u0142yszcz\u0105ca powierzchnia PCV idealnie nadaje si\u0119 do drukowania spersonalizowanej grafiki i identyfikator\u00f3w ze zdj\u0119ciem.<\/p>\n<ul>\n<li>Sprzedawane w opakowaniach po 10 sztuk<\/li>\n<li>Standardowy rozmiar karty kredytowej CR80 (86 mm x 54 mm)<\/li>\n<li>Zasi\u0119g odczytu: oko\u0142o 33 cm dla czytnik\u00f3w g\u0142o\u015bnom\u00f3wi\u0105cych Cotag<\/li>\n<li>Zasi\u0119g odczytu: waha si\u0119 od 3 do 10 cm dla czytnik\u00f3w zbli\u017ceniowych Cotag<\/li>\n<li>Kod producenta: 0958-102<\/li>\n<\/ul>\n<p><strong><br \/>\nWaga produktu:<br \/>\n0,06 kg<br \/>\n<\/strong><\/p>","protected":false},"excerpt":{"rendered":"<p>Karty Siemens Cotag 0958-102 IsoProx to fabrycznie zakodowane, laminowane karty zbli\u017ceniowe ISO do u\u017cytku z systemami Cotag. B\u0142yszcz\u0105ca powierzchnia PCV idealnie nadaje si\u0119 do drukowania spersonalizowanej grafiki i identyfikator\u00f3w ze zdj\u0119ciem.<\/p>","protected":false},"featured_media":141024,"template":"","meta":{"_acf_changed":false},"product_brand":[],"product_cat":[4821],"product_tag":[3069],"class_list":{"0":"post-83031","1":"product","2":"type-product","3":"status-publish","4":"has-post-thumbnail","6":"product_cat-vanderbilt-cotag-kort","7":"product_tag-trade-produkt","8":"product_shipping_class-tunga-paket","9":"pa_brands-6vanderbilt","10":"tm-no-options","12":"first","13":"instock","14":"sale","15":"taxable","16":"shipping-taxable","17":"purchasable","18":"product-type-simple"},"acf":[],"_links":{"self":[{"href":"https:\/\/secureus.se\/pl\/wp-json\/wp\/v2\/product\/83031","targetHints":{"allow":["GET"]}}],"collection":[{"href":"https:\/\/secureus.se\/pl\/wp-json\/wp\/v2\/product"}],"about":[{"href":"https:\/\/secureus.se\/pl\/wp-json\/wp\/v2\/types\/product"}],"wp:featuredmedia":[{"embeddable":true,"href":"https:\/\/secureus.se\/pl\/wp-json\/wp\/v2\/media\/141024"}],"wp:attachment":[{"href":"https:\/\/secureus.se\/pl\/wp-json\/wp\/v2\/media?parent=83031"}],"wp:term":[{"taxonomy":"product_brand","embeddable":true,"href":"https:\/\/secureus.se\/pl\/wp-json\/wp\/v2\/product_brand?post=83031"},{"taxonomy":"product_cat","embeddable":true,"href":"https:\/\/secureus.se\/pl\/wp-json\/wp\/v2\/product_cat?post=83031"},{"taxonomy":"product_tag","embeddable":true,"href":"https:\/\/secureus.se\/pl\/wp-json\/wp\/v2\/product_tag?post=83031"}],"curies":[{"name":"wp","href":"https:\/\/api.w.org\/{rel}","templated":true}]}}