{"id":83037,"date":"2023-09-12T11:23:47","date_gmt":"2023-09-12T09:23:47","guid":{"rendered":"https:\/\/secureus.se\/produkt\/detectortesters-smokesabre-01-001-smoke-sabre-hand-held-aerosol-smoke-detector-tester-150ml\/"},"modified":"2026-04-08T11:03:15","modified_gmt":"2026-04-08T09:03:15","slug":"testgas-tg-sabre-smokesabre-handhallen-roktestare-for-rokdetektorer","status":"publish","type":"product","link":"https:\/\/secureus.se\/pl\/testgas-tg-sabre-smokesabre-handhallen-roktestare-for-rokdetektorer\/","title":{"rendered":"Gaz testowy TG-SABRE (SmokeSabre) - r\u0119czny tester dymu do czujnik\u00f3w dymu, czujnik\u00f3w dymu i alarm\u00f3w przeciwpo\u017carowych, 150 ml"},"content":{"rendered":"<h1 data-start=\"596\" data-end=\"674\">Gaz testowy TG-SABRE (SmokeSabre) \u2013 proste, szybkie i przyjazne dla \u015brodowiska badanie dymem<\/h1>\n<h2 data-start=\"357\" data-end=\"404\">\u0141atwe i bezpieczne testowanie czujnik\u00f3w dymu<\/h2>\n<p data-start=\"406\" data-end=\"680\">Gaz testowy TG-SABRE (SmokeSabre) jest przeznaczony do szybkiego, bezpiecznego i ekonomicznego przeprowadzania test\u00f3w funkcjonalnych czujnik\u00f3w dymu.<\/p>\n<p data-start=\"406\" data-end=\"680\">Przeno\u015bna konstrukcja ze zintegrowan\u0105 rozp\u00f3rk\u0105 umo\u017cliwia precyzyjne skierowanie gazu testowego w stron\u0119 detektora i uruchomienie alarmu bez konieczno\u015bci demonta\u017cu urz\u0105dzenia.<\/p>\n<p data-start=\"682\" data-end=\"886\">Produkt rozwi\u0105zuje cz\u0119sty problem wyst\u0119puj\u0105cy przy testowaniu alarm\u00f3w przeciwpo\u017carowych \u2013 niebezpieczn\u0105 aktywacj\u0119 i niepotrzebne pozosta\u0142o\u015bci produkt\u00f3w.<\/p>\n<p data-start=\"682\" data-end=\"886\">Dzi\u0119ki TG-SABRE uzyskujesz kontrolowan\u0105 dawk\u0119 i minimalny wp\u0142yw na wra\u017cliwe elementy detektora.<\/p>\n<h2 data-start=\"888\" data-end=\"927\">Inteligentna konstrukcja dla wi\u0119kszego bezpiecze\u0144stwa<\/h2>\n<p data-start=\"929\" data-end=\"1076\">Rozk\u0142adana kolumna wspomaga kierowanie i pe\u0142ni funkcj\u0119 bezpiecze\u0144stwa.<\/p>\n<p data-start=\"929\" data-end=\"1076\">Gaz testowy mo\u017cna aktywowa\u0107 tylko wtedy, gdy rozp\u00f3rka jest ca\u0142kowicie wysuni\u0119ta, co oznacza:<\/p>\n<ul data-start=\"1078\" data-end=\"1186\">\n<li data-start=\"1078\" data-end=\"1114\">\n<p data-start=\"1080\" data-end=\"1114\">Zapobiega przypadkowemu u\u017cyciu<\/p>\n<\/li>\n<li data-start=\"1115\" data-end=\"1148\">\n<p data-start=\"1117\" data-end=\"1148\">Zapewnia prawid\u0142owe dawkowanie<\/p>\n<\/li>\n<li data-start=\"1149\" data-end=\"1186\">\n<p data-start=\"1151\" data-end=\"1186\">Zapewnia szybk\u0105 i skuteczn\u0105 aktywacj\u0119<\/p>\n<\/li>\n<\/ul>\n<p data-start=\"1188\" data-end=\"1316\">D\u0142ugo\u015b\u0107 rzutu wynosz\u0105ca oko\u0142o 1,5 metra pozwala na testowanie czujek montowanych na suficie bez u\u017cycia specjalistycznych narz\u0119dzi w prostszych instalacjach.<\/p>\n<h2 data-start=\"1318\" data-end=\"1352\">Rozwi\u0105zanie przyjazne dla \u015brodowiska i zatwierdzone<\/h2>\n<p data-start=\"1354\" data-end=\"1555\">TG-SABRE produkowany jest z przyjaznego dla warstwy ozonowej paliwa bez u\u017cycia freon\u00f3w i ma niewielki wp\u0142yw na klimat (niski wsp\u00f3\u0142czynnik GWP).<\/p>\n<p data-start=\"1354\" data-end=\"1555\">Sto\u017cek wykonany jest w 100% z biodegradowalnego plastiku, a zar\u00f3wno jego plastikowe, jak i metalowe cz\u0119\u015bci nadaj\u0105 si\u0119 do recyklingu.<\/p>\n<p data-start=\"1557\" data-end=\"1732\">Produkt posiada certyfikat UL i zosta\u0142 zatwierdzony przez czo\u0142owych producent\u00f3w czujnik\u00f3w dymu, co sprawia, \u017ce nadaje si\u0119 do profesjonalnego u\u017cytku w bran\u017cy nieruchomo\u015bci, w obiektach mieszkalnych i komercyjnych.<\/p>\n<h2 data-start=\"1734\" data-end=\"1755\">Obszary zastosowa\u0144<\/h2>\n<ul data-start=\"1757\" data-end=\"1947\">\n<li data-start=\"1757\" data-end=\"1802\">\n<p data-start=\"1759\" data-end=\"1802\">Testowanie czujnik\u00f3w dymu w willach i apartamentach<\/p>\n<\/li>\n<li data-start=\"1803\" data-end=\"1851\">\n<p data-start=\"1805\" data-end=\"1851\">Testy funkcjonalne czujnik\u00f3w dymu w budynkach<\/p>\n<\/li>\n<li data-start=\"1852\" data-end=\"1896\">\n<p data-start=\"1854\" data-end=\"1896\">Serwis i konserwacja system\u00f3w sygnalizacji po\u017carowej<\/p>\n<\/li>\n<li data-start=\"1897\" data-end=\"1947\">\n<p data-start=\"1899\" data-end=\"1947\">Narz\u0119dzia dla zarz\u0105dc\u00f3w nieruchomo\u015bci i technik\u00f3w alarmowych<\/p>\n<\/li>\n<\/ul>\n<p data-start=\"1949\" data-end=\"2031\">Ka\u017cda butelka wystarcza na wykonanie oko\u0142o 150\u2013200 test\u00f3w, co oznacza niski koszt pojedynczego testu.<\/p>\n<p data-start=\"2033\" data-end=\"2060\">SPECYFIKACJA TECHNICZNA:<\/p>\n<ul data-start=\"2062\" data-end=\"2493\">\n<li data-start=\"2062\" data-end=\"2107\">\n<p data-start=\"2064\" data-end=\"2107\">Typ: Przeno\u015bny gaz testowy do czujnik\u00f3w dymu<\/p>\n<\/li>\n<li data-start=\"2108\" data-end=\"2165\">\n<p data-start=\"2110\" data-end=\"2165\">Kompatybilno\u015b\u0107: Czujniki dymu optyczne i jonizacyjne<\/p>\n<\/li>\n<li data-start=\"2166\" data-end=\"2205\">\n<p data-start=\"2168\" data-end=\"2205\">Liczba test\u00f3w: oko\u0142o 150\u2013200 na butelk\u0119<\/p>\n<\/li>\n<li data-start=\"2206\" data-end=\"2232\">\n<p data-start=\"2208\" data-end=\"2232\">D\u0142ugo\u015b\u0107 rzutu: oko\u0142o 1,5 m<\/p>\n<\/li>\n<li data-start=\"2233\" data-end=\"2306\">\n<p data-start=\"2235\" data-end=\"2306\">Funkcja bezpiecze\u0144stwa: Mo\u017cna j\u0105 aktywowa\u0107 tylko wtedy, gdy podpora jest ca\u0142kowicie wysuni\u0119ta<\/p>\n<\/li>\n<li data-start=\"2307\" data-end=\"2340\">\n<p data-start=\"2309\" data-end=\"2340\">Materia\u0142 p\u0119dny: przyjazny dla warstwy ozonowej, bez freon\u00f3w<\/p>\n<\/li>\n<li data-start=\"2341\" data-end=\"2360\">\n<p data-start=\"2343\" data-end=\"2360\">GWP: Niska warto\u015b\u0107<\/p>\n<\/li>\n<li data-start=\"2361\" data-end=\"2414\">\n<p data-start=\"2363\" data-end=\"2414\">Materia\u0142 sto\u017cka: 100 % biodegradowalny plastik<\/p>\n<\/li>\n<li data-start=\"2415\" data-end=\"2442\">\n<p data-start=\"2417\" data-end=\"2442\">Certyfikacja: UL<\/p>\n<\/li>\n<li data-start=\"2443\" data-end=\"2493\">\n<p data-start=\"2445\" data-end=\"2493\">Recykling: Plastik i metal nadaj\u0105 si\u0119 do recyklingu<\/p>\n<\/li>\n<\/ul>","protected":false},"excerpt":{"rendered":"<p>Gaz testowy TG-SABRE (SmokeSabre) to przeno\u015bny gaz testowy przeznaczony do szybkiego i bezpiecznego testowania dzia\u0142ania czujnik\u00f3w dymu.<\/p>\n<p>Wsp\u00f3\u0142pracuje zar\u00f3wno z detektorami optycznymi, jak i jonizacyjnymi i nie wymaga \u017cadnego dodatkowego sprz\u0119tu.<\/p>\n<p>Idealne dla zarz\u0105dc\u00f3w nieruchomo\u015bci, technik\u00f3w alarmowych i os\u00f3b prywatnych, kt\u00f3re chc\u0105 \u0142atwo i dok\u0142adnie testowa\u0107 czujniki dymu.<\/p>","protected":false},"featured_media":156263,"template":"","meta":{"_acf_changed":false},"product_brand":[],"product_cat":[1764,2943],"product_tag":[],"class_list":{"0":"post-83037","1":"product","2":"type-product","3":"status-publish","4":"has-post-thumbnail","6":"product_cat-professionella-verktyg-for-prov-och-underhall","7":"product_cat-provgas-testgas-rokdetektorer","8":"product_shipping_class-postnord-varubrev","9":"pa_brands-sabre","10":"tm-no-options","12":"first","13":"instock","14":"sale","15":"featured","16":"taxable","17":"shipping-taxable","18":"purchasable","19":"product-type-simple"},"acf":[],"_links":{"self":[{"href":"https:\/\/secureus.se\/pl\/wp-json\/wp\/v2\/product\/83037","targetHints":{"allow":["GET"]}}],"collection":[{"href":"https:\/\/secureus.se\/pl\/wp-json\/wp\/v2\/product"}],"about":[{"href":"https:\/\/secureus.se\/pl\/wp-json\/wp\/v2\/types\/product"}],"wp:featuredmedia":[{"embeddable":true,"href":"https:\/\/secureus.se\/pl\/wp-json\/wp\/v2\/media\/156263"}],"wp:attachment":[{"href":"https:\/\/secureus.se\/pl\/wp-json\/wp\/v2\/media?parent=83037"}],"wp:term":[{"taxonomy":"product_brand","embeddable":true,"href":"https:\/\/secureus.se\/pl\/wp-json\/wp\/v2\/product_brand?post=83037"},{"taxonomy":"product_cat","embeddable":true,"href":"https:\/\/secureus.se\/pl\/wp-json\/wp\/v2\/product_cat?post=83037"},{"taxonomy":"product_tag","embeddable":true,"href":"https:\/\/secureus.se\/pl\/wp-json\/wp\/v2\/product_tag?post=83037"}],"curies":[{"name":"wp","href":"https:\/\/api.w.org\/{rel}","templated":true}]}}