{"id":83041,"date":"2023-09-12T10:40:15","date_gmt":"2023-09-12T08:40:15","guid":{"rendered":"https:\/\/secureus.se\/produkt\/detectortesters-soloa10s-hfc-free-non-flammable-smoke-aerosol-for-testing-detectors-250ml-can\/"},"modified":"2026-04-22T15:30:40","modified_gmt":"2026-04-22T13:30:40","slug":"detectortesters-soloa10s-hfc-free-non-flammable-smoke-aerosol-for-testing-detectors-250ml-can","status":"publish","type":"product","link":"https:\/\/secureus.se\/pl\/detectortesters-soloa10s-hfc-free-non-flammable-smoke-aerosol-for-testing-detectors-250ml-can\/","title":{"rendered":"Testery detektor\u00f3w SoloA10S Niepalny aerozol dymny do testowania czujek, niezawieraj\u0105cy HFC, puszka 250 ml"},"content":{"rendered":"<h1>Testery detektor\u00f3w SoloA10S Niepalny aerozol dymny do testowania czujek, niezawieraj\u0105cy HFC, puszka 250 ml<\/h1>\n<h2 data-start=\"373\" data-end=\"425\">Gaz aerozolowy do niezawodnego testowania czujnik\u00f3w dymu<\/h2>\n<p data-start=\"427\" data-end=\"812\">Ten 250 ml aerozol gazowy jest przeznaczony do bezpiecznego i skutecznego testowania czujnik\u00f3w dymu.<\/p>\n<p data-start=\"427\" data-end=\"812\">Produkt wytwarza okre\u015blon\u0105 ilo\u015b\u0107 cz\u0105steczek dymu imituj\u0105cych prawdziwy dym i zapewnia prawid\u0142ow\u0105 reakcj\u0119 czujnika.<\/p>\n<p data-start=\"427\" data-end=\"812\">Jest to kluczowy element kontroli funkcjonalnej system\u00f3w alarm\u00f3w przeciwpo\u017carowych zar\u00f3wno w obiektach mieszkalnych, jak i komercyjnych.<\/p>\n<h2 data-start=\"814\" data-end=\"862\">Bez HFC i niepalny \u2013 bezpieczny w u\u017cyciu<\/h2>\n<p data-start=\"864\" data-end=\"1126\">SoloA10S nie zawiera HFC i jest niepalny, co minimalizuje ryzyko dla u\u017cytkownika i \u015brodowiska.<\/p>\n<p data-start=\"864\" data-end=\"1126\">Czysta formu\u0142a aerozolu nie pozostawia \u017cadnych szkodliwych pozosta\u0142o\u015bci na detektorze po zako\u0144czeniu testu, chroni\u0105c zar\u00f3wno cz\u0119\u015bci plastikowe, jak i funkcje czujnika.<\/p>\n<h3 data-start=\"1128\" data-end=\"1154\">Korzy\u015bci produktu<\/h3>\n<ul data-start=\"1156\" data-end=\"1469\">\n<li data-start=\"1156\" data-end=\"1216\">\n<p data-start=\"1158\" data-end=\"1216\">Generuje realistyczne cz\u0105steczki dymu, co umo\u017cliwia efektywne testowanie<\/p>\n<\/li>\n<li data-start=\"1217\" data-end=\"1274\">\n<p data-start=\"1219\" data-end=\"1274\">Aerozol wolny od HFC i niepalny \u2013 wysoki poziom bezpiecze\u0144stwa<\/p>\n<\/li>\n<li data-start=\"1275\" data-end=\"1329\">\n<p data-start=\"1277\" data-end=\"1329\">Nie pozostawia \u017cadnych szkodliwych pozosta\u0142o\u015bci, kt\u00f3re mog\u0142yby mie\u0107 wp\u0142yw na dzia\u0142anie detektora<\/p>\n<\/li>\n<li data-start=\"1330\" data-end=\"1385\">\n<p data-start=\"1332\" data-end=\"1385\">Pasuje do profesjonalnych narz\u0119dzi do testowania czujnik\u00f3w dymu<\/p>\n<\/li>\n<li data-start=\"1386\" data-end=\"1469\">\n<p data-start=\"1388\" data-end=\"1469\">\u0141atwy w u\u017cyciu w testach profesjonalnych<\/p>\n<\/li>\n<\/ul>\n<h2 data-start=\"1471\" data-end=\"1492\">Obszary zastosowa\u0144<\/h2>\n<p data-start=\"1494\" data-end=\"1517\">SoloA10S nadaje si\u0119 do:<\/p>\n<ul data-start=\"1519\" data-end=\"1749\">\n<li data-start=\"1519\" data-end=\"1574\">\n<p data-start=\"1521\" data-end=\"1574\">Testowanie funkcjonalne podczas instalacji czujnik\u00f3w dymu<\/p>\n<\/li>\n<li data-start=\"1575\" data-end=\"1622\">\n<p data-start=\"1577\" data-end=\"1622\">Roczny lub okresowy serwis i konserwacja<\/p>\n<\/li>\n<li data-start=\"1623\" data-end=\"1688\">\n<p data-start=\"1625\" data-end=\"1688\">Samodzielne monitorowanie w domach, biurach, magazynach i miejscach publicznych<\/p>\n<\/li>\n<li data-start=\"1689\" data-end=\"1749\">\n<p data-start=\"1691\" data-end=\"1749\">Stosowa\u0107 w po\u0142\u0105czeniu ze zgodnymi narz\u0119dziami dozuj\u0105cymi<\/p>\n<\/li>\n<\/ul>\n<p data-start=\"1751\" data-end=\"1911\">Ten aerozol jest niezb\u0119dnym narz\u0119dziem dla instalator\u00f3w system\u00f3w alarmowych i technik\u00f3w, kt\u00f3rzy musz\u0105 przeprowadza\u0107 wiarygodne testy.<\/p>\n<p data-start=\"1913\" data-end=\"1940\">SPECYFIKACJA TECHNICZNA:<\/p>\n<ul data-start=\"1942\" data-end=\"2371\">\n<li data-start=\"1942\" data-end=\"1985\">\n<p data-start=\"1944\" data-end=\"1985\">Produkt: Gaz w aerozolu do testowania czujnik\u00f3w dymu<\/p>\n<\/li>\n<li data-start=\"1986\" data-end=\"2010\">\n<p data-start=\"1988\" data-end=\"2010\">Model: SoloA10S-001<\/p>\n<\/li>\n<li data-start=\"2011\" data-end=\"2028\">\n<p data-start=\"2013\" data-end=\"2028\">Obj\u0119to\u015b\u0107: 250 ml<\/p>\n<\/li>\n<li data-start=\"2029\" data-end=\"2081\">\n<p data-start=\"2031\" data-end=\"2081\">Kolor: (standardowy pojemnik aerozolowy \u2013 wz\u00f3r srebrno-bia\u0142y)<\/p>\n<\/li>\n<li data-start=\"2082\" data-end=\"2146\">\n<p data-start=\"2084\" data-end=\"2146\">Funkcja: Generuje cz\u0105steczki dymu w formie aerozolu do cel\u00f3w testowych<\/p>\n<\/li>\n<li data-start=\"2147\" data-end=\"2205\">\n<p data-start=\"2149\" data-end=\"2205\">W\u0142a\u015bciwo\u015bci: bez HFC, niepalny, nie pozostawia osadu<\/p>\n<\/li>\n<li data-start=\"2206\" data-end=\"2272\">\n<p data-start=\"2208\" data-end=\"2272\">Zgodno\u015b\u0107: Profesjonalny sprz\u0119t do testowania czujnik\u00f3w dymu<\/p>\n<\/li>\n<li data-start=\"2273\" data-end=\"2371\">\n<p data-start=\"2275\" data-end=\"2371\">Certyfikacja: Certyfikat UL zgodny z obowi\u0105zuj\u0105cymi przepisami dotycz\u0105cymi aerozoli<\/p>\n<\/li>\n<\/ul>","protected":false},"excerpt":{"rendered":"<p><strong data-start=\"21\" data-end=\"62\"><span class=\"entity-underline hover:entity-accent inline cursor-pointer align-baseline\"><span class=\"whitespace-normal\">Solo A10s Gaz<\/span><\/span><\/strong>\u00a0jest gazem aerozolowym o pojemno\u015bci 250 ml przeznaczonym do testowania funkcjonalno\u015bci czujnik\u00f3w dymu.<\/p>\n<p>Nie zawiera HFC i jest niepalny, dzi\u0119ki czemu mo\u017cna go bezpiecznie stosowa\u0107 w profesjonalnym sprz\u0119cie testowym.<\/p>\n<p>Zaprojektowany, aby zapewni\u0107 realistyczne cz\u0105steczki dymu i sprawdzi\u0107, czy detektor reaguje prawid\u0142owo.<\/p>","protected":false},"featured_media":140032,"template":"","meta":{"_acf_changed":false},"product_brand":[],"product_cat":[1764,2943],"product_tag":[],"class_list":{"0":"post-83041","1":"product","2":"type-product","3":"status-publish","4":"has-post-thumbnail","6":"product_cat-professionella-verktyg-for-prov-och-underhall","7":"product_cat-provgas-testgas-rokdetektorer","8":"product_shipping_class-postnord-varubrev","9":"pa_brands-solo","10":"tm-no-options","12":"first","13":"instock","14":"taxable","15":"shipping-taxable","16":"purchasable","17":"product-type-simple"},"acf":[],"_links":{"self":[{"href":"https:\/\/secureus.se\/pl\/wp-json\/wp\/v2\/product\/83041","targetHints":{"allow":["GET"]}}],"collection":[{"href":"https:\/\/secureus.se\/pl\/wp-json\/wp\/v2\/product"}],"about":[{"href":"https:\/\/secureus.se\/pl\/wp-json\/wp\/v2\/types\/product"}],"wp:featuredmedia":[{"embeddable":true,"href":"https:\/\/secureus.se\/pl\/wp-json\/wp\/v2\/media\/140032"}],"wp:attachment":[{"href":"https:\/\/secureus.se\/pl\/wp-json\/wp\/v2\/media?parent=83041"}],"wp:term":[{"taxonomy":"product_brand","embeddable":true,"href":"https:\/\/secureus.se\/pl\/wp-json\/wp\/v2\/product_brand?post=83041"},{"taxonomy":"product_cat","embeddable":true,"href":"https:\/\/secureus.se\/pl\/wp-json\/wp\/v2\/product_cat?post=83041"},{"taxonomy":"product_tag","embeddable":true,"href":"https:\/\/secureus.se\/pl\/wp-json\/wp\/v2\/product_tag?post=83041"}],"curies":[{"name":"wp","href":"https:\/\/api.w.org\/{rel}","templated":true}]}}