{"id":83045,"date":"2023-09-12T10:39:36","date_gmt":"2023-09-12T08:39:36","guid":{"rendered":"https:\/\/secureus.se\/produkt\/detectortesters-soloc3-non-flammable-co-detector-tester-aerosol-250ml\/"},"modified":"2026-04-09T11:40:31","modified_gmt":"2026-04-09T09:40:31","slug":"detectortesters-solo-c3-non-flammable-co-detector-tester-aerosol-250ml","status":"publish","type":"product","link":"https:\/\/secureus.se\/pl\/detectortesters-solo-c3-non-flammable-co-detector-tester-aerosol-250ml\/","title":{"rendered":"Tester detektora CO Solo C3, niepalny, aerozol, 250 ml"},"content":{"rendered":"<h1 data-start=\"386\" data-end=\"425\">Tester detektora CO Solo C3, niepalny, aerozol, 250 ml<\/h1>\n<h2 data-start=\"386\" data-end=\"425\">Gaz aerozolowy do testowania detektor\u00f3w CO<\/h2>\n<p data-start=\"427\" data-end=\"794\">Solo C3 to niepalny aerozol opracowany specjalnie do testowania funkcjonalno\u015bci detektor\u00f3w dwutlenku w\u0119gla\/tlenku w\u0119gla wchodz\u0105cych w sk\u0142ad detektor\u00f3w po\u017carowych.<\/p>\n<p data-start=\"427\" data-end=\"794\">Produkt nale\u017cy stosowa\u0107 w po\u0142\u0105czeniu z kompatybilnymi narz\u0119dziami dozuj\u0105cymi, takimi jak Solo 330 lub Solo 332, aby dostarcza\u0107 kontrolowan\u0105 ilo\u015b\u0107 gazu testowego bezpo\u015brednio do otwor\u00f3w czujnik\u00f3w detektora.<\/p>\n<p data-start=\"796\" data-end=\"960\">Testowanie funkcji CO jest istotne, poniewa\u017c czujnik musi prawid\u0142owo reagowa\u0107 na gaz, aby zapewni\u0107 bezpieczn\u0105 prac\u0119 w \u015brodowisku mieszkalnym, biurowym lub przemys\u0142owym.<\/p>\n<h2 data-start=\"962\" data-end=\"997\">Bezpieczna i kontrolowana metoda testowania<\/h2>\n<p data-start=\"999\" data-end=\"1276\">Aerozol Solo C3 jest niepalny, co zapewnia u\u017cytkownikowi bezpieczne \u015brodowisko pracy i zmniejsza ryzyko podczas test\u00f3w.<\/p>\n<p data-start=\"999\" data-end=\"1276\">Produkt dostarcza aerozol CO o sta\u0142ym st\u0119\u017ceniu, kt\u00f3ry aktywuje czujnik detektora i sprawdza, czy dzia\u0142a on prawid\u0142owo.<\/p>\n<p data-start=\"1278\" data-end=\"1287\">Zalety:<\/p>\n<ul data-start=\"1289\" data-end=\"1499\">\n<li data-start=\"1289\" data-end=\"1344\">\n<p data-start=\"1291\" data-end=\"1344\">Kontrolowane dostarczanie gazu dla niezawodnych test\u00f3w<\/p>\n<\/li>\n<li data-start=\"1345\" data-end=\"1395\">\n<p data-start=\"1347\" data-end=\"1395\">Niepalna formu\u0142a do bezpiecznego stosowania<\/p>\n<\/li>\n<li data-start=\"1396\" data-end=\"1432\">\n<p data-start=\"1398\" data-end=\"1432\">Zaprojektowany do u\u017cytku w dozowniku<\/p>\n<\/li>\n<li data-start=\"1433\" data-end=\"1499\">\n<p data-start=\"1435\" data-end=\"1499\">Nadaje si\u0119 do profesjonalnych instalacji alarm\u00f3w przeciwpo\u017carowych i zada\u0144 serwisowych<\/p>\n<\/li>\n<\/ul>\n<h2 data-start=\"1501\" data-end=\"1522\">Obszary zastosowa\u0144<\/h2>\n<p data-start=\"1524\" data-end=\"1547\">Solo C3 nadaje si\u0119 do:<\/p>\n<ul data-start=\"1549\" data-end=\"1760\">\n<li data-start=\"1549\" data-end=\"1615\">\n<p data-start=\"1551\" data-end=\"1615\">Testowanie funkcjonalne podczas monta\u017cu czujnik\u00f3w CO w detektorach<\/p>\n<\/li>\n<li data-start=\"1616\" data-end=\"1651\">\n<p data-start=\"1618\" data-end=\"1651\">Okresowy serwis i konserwacja<\/p>\n<\/li>\n<li data-start=\"1652\" data-end=\"1706\">\n<p data-start=\"1654\" data-end=\"1706\">Samokontrola w budynkach mieszkalnych i komercyjnych<\/p>\n<\/li>\n<li data-start=\"1707\" data-end=\"1760\">\n<p data-start=\"1709\" data-end=\"1760\">Prace us\u0142ugowe w obiektach publicznych i przemys\u0142owych<\/p>\n<\/li>\n<\/ul>\n<p data-start=\"1762\" data-end=\"1789\">SPECYFIKACJA TECHNICZNA:<\/p>\n<ul data-start=\"1791\" data-end=\"2044\">\n<li data-start=\"1791\" data-end=\"1834\">\n<p data-start=\"1793\" data-end=\"1834\">Produkt: Gaz w aerozolu do testowania detektor\u00f3w CO<\/p>\n<\/li>\n<li data-start=\"1835\" data-end=\"1858\">\n<p data-start=\"1837\" data-end=\"1858\">Model: SOLO C3-001<\/p>\n<\/li>\n<li data-start=\"1859\" data-end=\"1876\">\n<p data-start=\"1861\" data-end=\"1876\">Obj\u0119to\u015b\u0107: 250 ml<\/p>\n<\/li>\n<li data-start=\"1877\" data-end=\"1907\">\n<p data-start=\"1879\" data-end=\"1907\">Formu\u0142a: Niepalna<\/p>\n<\/li>\n<li data-start=\"1908\" data-end=\"1932\">\n<p data-start=\"1910\" data-end=\"1932\">Stymulacja: aerozol CO2<\/p>\n<\/li>\n<li data-start=\"1933\" data-end=\"1994\">\n<p data-start=\"1935\" data-end=\"1994\">Zgodno\u015b\u0107: Stosowa\u0107 z dozownikami Solo 330\/332<\/p>\n<\/li>\n<li data-start=\"1995\" data-end=\"2044\">\n<p data-start=\"1997\" data-end=\"2044\">Funkcja: Testowanie czujnik\u00f3w CO w czujkach po\u017carowych<\/p>\n<\/li>\n<\/ul>","protected":false},"excerpt":{"rendered":"<p><strong data-start=\"21\" data-end=\"62\"><span class=\"entity-underline hover:entity-accent inline cursor-pointer align-baseline\"><span class=\"whitespace-normal\">Solo C3 Tester detektora CO Aerozol<\/span><\/span><\/strong> to gaz w aerozolu o pojemno\u015bci 250 ml przeznaczony do testowania funkcjonalno\u015bci czujnik\u00f3w CO w czujkach po\u017carowych.<\/p>\n<p>Produkt jest niepalny i przeznaczony do stosowania z urz\u0105dzeniami dozuj\u0105cymi w celu kontrolowanego podawania.<\/p>\n<p>Niezawodne rozwi\u0105zanie dla instalator\u00f3w, technik\u00f3w i personelu serwisowego testuj\u0105cego czujniki CO.<\/p>","protected":false},"featured_media":140975,"template":"","meta":{"_acf_changed":false},"product_brand":[],"product_cat":[1764,2943],"product_tag":[],"class_list":{"0":"post-83045","1":"product","2":"type-product","3":"status-publish","4":"has-post-thumbnail","6":"product_cat-professionella-verktyg-for-prov-och-underhall","7":"product_cat-provgas-testgas-rokdetektorer","8":"product_shipping_class-postnord-varubrev","9":"pa_brands-solo","10":"tm-no-options","12":"first","13":"instock","14":"sale","15":"taxable","16":"shipping-taxable","17":"purchasable","18":"product-type-simple"},"acf":[],"_links":{"self":[{"href":"https:\/\/secureus.se\/pl\/wp-json\/wp\/v2\/product\/83045","targetHints":{"allow":["GET"]}}],"collection":[{"href":"https:\/\/secureus.se\/pl\/wp-json\/wp\/v2\/product"}],"about":[{"href":"https:\/\/secureus.se\/pl\/wp-json\/wp\/v2\/types\/product"}],"wp:featuredmedia":[{"embeddable":true,"href":"https:\/\/secureus.se\/pl\/wp-json\/wp\/v2\/media\/140975"}],"wp:attachment":[{"href":"https:\/\/secureus.se\/pl\/wp-json\/wp\/v2\/media?parent=83045"}],"wp:term":[{"taxonomy":"product_brand","embeddable":true,"href":"https:\/\/secureus.se\/pl\/wp-json\/wp\/v2\/product_brand?post=83045"},{"taxonomy":"product_cat","embeddable":true,"href":"https:\/\/secureus.se\/pl\/wp-json\/wp\/v2\/product_cat?post=83045"},{"taxonomy":"product_tag","embeddable":true,"href":"https:\/\/secureus.se\/pl\/wp-json\/wp\/v2\/product_tag?post=83045"}],"curies":[{"name":"wp","href":"https:\/\/api.w.org\/{rel}","templated":true}]}}