{"id":83088,"date":"2023-09-12T10:50:44","date_gmt":"2023-09-12T08:50:44","guid":{"rendered":"https:\/\/secureus.se\/produkt\/detectortesters-ts3-testifire-smoke-capsules-6-pack\/"},"modified":"2026-04-07T12:58:09","modified_gmt":"2026-04-07T10:58:09","slug":"detectortesters-ts3-testifire-smoke-capsules-6-pack","status":"publish","type":"product","link":"https:\/\/secureus.se\/pl\/detectortesters-ts3-testifire-smoke-capsules-6-pack\/","title":{"rendered":"Detektortestery TS3 Testifire kapsu\u0142ka dymna, 1 szt"},"content":{"rendered":"<h1>Detektortestery TS3 Testifire kapsu\u0142ka dymna, 1 szt<\/h1>\n<h2 data-start=\"332\" data-end=\"389\">Wymienna kapsu\u0142a dymna do profesjonalnego testowania czujnik\u00f3w dymu<\/h2>\n<p data-start=\"391\" data-end=\"694\">Detectortesters TS3 Testifire Smoke Capsule to wk\u0142ad dymny przeznaczony do dok\u0142adnego i bezpiecznego testowania dzia\u0142ania czujnik\u00f3w dymu.<\/p>\n<p data-start=\"391\" data-end=\"694\">Wk\u0142ad stosuje si\u0119 w urz\u0105dzeniach testowych Testifire 1001 i Testifire 2001. Wytwarza on okre\u015blon\u0105 ilo\u015b\u0107 dymu testowego, kt\u00f3ra zapewnia prawid\u0142ow\u0105 reakcj\u0119 detektora.<\/p>\n<p data-start=\"696\" data-end=\"878\">Podczas instalacji, serwisowania lub okresowych prac konserwacyjnych niezwykle wa\u017cne jest sprawdzenie, czy czujnik dymu faktycznie aktywuje si\u0119 po wystawieniu na dzia\u0142anie dymu, a nie tylko za pomoc\u0105 przycisku testowego lub symulacji.<\/p>\n<h2 data-start=\"880\" data-end=\"919\">Kontrolowana i bezpieczna produkcja dymu<\/h2>\n<p data-start=\"921\" data-end=\"1083\">Wk\u0142ad TS3 wytwarza realistyczny dym testowy, kt\u00f3ry skutecznie aktywuje zar\u00f3wno optyczne, jak i inne typy czujnik\u00f3w dymu, gdy jest stosowany w kompatybilnych urz\u0105dzeniach Testifire.<\/p>\n<p data-start=\"1085\" data-end=\"1094\">Zalety:<\/p>\n<ul data-start=\"1096\" data-end=\"1306\">\n<li data-start=\"1096\" data-end=\"1164\">\n<p data-start=\"1098\" data-end=\"1164\">Zapewnia kontrolowany i powtarzalny dym, umo\u017cliwiaj\u0105cy wiarygodne testy<\/p>\n<\/li>\n<li data-start=\"1165\" data-end=\"1209\">\n<p data-start=\"1167\" data-end=\"1209\">Bezpieczne w u\u017cyciu, nie stwarzaj\u0105ce realnego ryzyka po\u017caru<\/p>\n<\/li>\n<li data-start=\"1210\" data-end=\"1253\">\n<p data-start=\"1212\" data-end=\"1253\">Nie pozostawia szkodliwych pozosta\u0142o\u015bci w detektorze<\/p>\n<\/li>\n<li data-start=\"1254\" data-end=\"1306\">\n<p data-start=\"1256\" data-end=\"1306\">Nie ma wp\u0142ywu na dzia\u0142anie detektora po przeprowadzeniu testu<\/p>\n<\/li>\n<\/ul>\n<p data-start=\"1308\" data-end=\"1400\">Po zako\u0144czeniu testu dym jest odprowadzany bez pozostawiania osad\u00f3w i zanieczyszcze\u0144.<\/p>\n<h2 data-start=\"1402\" data-end=\"1443\">Do instalacji i bie\u017c\u0105cej konserwacji<\/h2>\n<p data-start=\"1445\" data-end=\"1464\">TS3 nadaje si\u0119 do:<\/p>\n<ul data-start=\"1466\" data-end=\"1637\">\n<li data-start=\"1466\" data-end=\"1506\">\n<p data-start=\"1468\" data-end=\"1506\">Testowanie funkcjonalne podczas nowej instalacji<\/p>\n<\/li>\n<li data-start=\"1507\" data-end=\"1540\">\n<p data-start=\"1509\" data-end=\"1540\">Serwis roczny lub okresowy<\/p>\n<\/li>\n<li data-start=\"1541\" data-end=\"1597\">\n<p data-start=\"1543\" data-end=\"1597\">Samokontrola w obiektach mieszkalnych i komercyjnych<\/p>\n<\/li>\n<li data-start=\"1598\" data-end=\"1637\">\n<p data-start=\"1600\" data-end=\"1637\">\u015arodowiska przemys\u0142owe i publiczne<\/p>\n<\/li>\n<\/ul>\n<p data-start=\"1639\" data-end=\"1718\">Produkt dost\u0119pny jest w opakowaniach po 1 i 3 sztuki, co zapewnia elastyczno\u015b\u0107 w zale\u017cno\u015bci od potrzeb.<\/p>\n<p data-start=\"1720\" data-end=\"1747\">SPECYFIKACJA TECHNICZNA:<\/p>\n<ul data-start=\"1749\" data-end=\"2060\">\n<li data-start=\"1749\" data-end=\"1784\">\n<p data-start=\"1751\" data-end=\"1784\">Produkt: Kaseta do palenia \/ wk\u0142ad do palenia<\/p>\n<\/li>\n<li data-start=\"1785\" data-end=\"1804\">\n<p data-start=\"1787\" data-end=\"1804\">Model: TS3-001<\/p>\n<\/li>\n<li data-start=\"1805\" data-end=\"1821\">\n<p data-start=\"1807\" data-end=\"1821\">Kolor: srebrny<\/p>\n<\/li>\n<li data-start=\"1822\" data-end=\"1878\">\n<p data-start=\"1824\" data-end=\"1878\">Funkcja: Generowanie dymu testowego do testowania czujnik\u00f3w dymu<\/p>\n<\/li>\n<li data-start=\"1879\" data-end=\"1929\">\n<p data-start=\"1881\" data-end=\"1929\">Stosowany z: Testifire 1001 i Testifire 2001<\/p>\n<\/li>\n<li data-start=\"1930\" data-end=\"1981\">\n<p data-start=\"1932\" data-end=\"1981\">Kompatybilno\u015b\u0107: Czujniki optyczne i inne czujniki dymu<\/p>\n<\/li>\n<li data-start=\"1982\" data-end=\"2009\">\n<p data-start=\"1984\" data-end=\"2009\">Pozosta\u0142o\u015bci po testach: Brak<\/p>\n<\/li>\n<li data-start=\"2010\" data-end=\"2060\">\n<p data-start=\"2012\" data-end=\"2060\">Bezpiecze\u0144stwo: Kontrolowana i bezpieczna produkcja dymu<\/p>\n<\/li>\n<\/ul>","protected":false},"excerpt":{"rendered":"<p>TS3 Testifire Smoke Capsule firmy Detectortester to wymienna kapsu\u0142a dymowa do testowania funkcjonalnego czujek dymu.<\/p>\n<p>Jest on u\u017cywany w po\u0142\u0105czeniu z Testifire 1001 i 2001 do generowania kontrolowanego dymu testowego.<\/p>\n<p>Bezpieczne i niezawodne rozwi\u0105zanie dla instalator\u00f3w, technik\u00f3w serwisowych i w\u0142a\u015bcicieli nieruchomo\u015bci.<\/p>\n<div id=\"gtx-trans\" style=\"position: absolute;left: 313px;top: 38px\">\n<div class=\"gtx-trans-icon\"><\/div>\n<\/div>","protected":false},"featured_media":139856,"template":"","meta":{"_acf_changed":false},"product_brand":[],"product_cat":[2946,3848],"product_tag":[2948],"class_list":{"0":"post-83088","1":"product","2":"type-product","3":"status-publish","4":"has-post-thumbnail","6":"product_cat-testifire","7":"product_cat-testifire-kit","8":"product_tag-rokgastestare-testfire","9":"product_shipping_class-postnord-varubrev","10":"pa_brands-testifire","11":"tm-no-options","13":"first","14":"instock","15":"sale","16":"taxable","17":"shipping-taxable","18":"purchasable","19":"product-type-simple"},"acf":[],"_links":{"self":[{"href":"https:\/\/secureus.se\/pl\/wp-json\/wp\/v2\/product\/83088","targetHints":{"allow":["GET"]}}],"collection":[{"href":"https:\/\/secureus.se\/pl\/wp-json\/wp\/v2\/product"}],"about":[{"href":"https:\/\/secureus.se\/pl\/wp-json\/wp\/v2\/types\/product"}],"wp:featuredmedia":[{"embeddable":true,"href":"https:\/\/secureus.se\/pl\/wp-json\/wp\/v2\/media\/139856"}],"wp:attachment":[{"href":"https:\/\/secureus.se\/pl\/wp-json\/wp\/v2\/media?parent=83088"}],"wp:term":[{"taxonomy":"product_brand","embeddable":true,"href":"https:\/\/secureus.se\/pl\/wp-json\/wp\/v2\/product_brand?post=83088"},{"taxonomy":"product_cat","embeddable":true,"href":"https:\/\/secureus.se\/pl\/wp-json\/wp\/v2\/product_cat?post=83088"},{"taxonomy":"product_tag","embeddable":true,"href":"https:\/\/secureus.se\/pl\/wp-json\/wp\/v2\/product_tag?post=83088"}],"curies":[{"name":"wp","href":"https:\/\/api.w.org\/{rel}","templated":true}]}}