{"id":83112,"date":"2023-09-13T15:18:03","date_gmt":"2023-09-13T13:18:03","guid":{"rendered":"https:\/\/secureus.se\/?post_type=product&#038;p=83112"},"modified":"2026-04-08T16:42:02","modified_gmt":"2026-04-08T14:42:02","slug":"kontrolljournal-sbf1108","status":"publish","type":"product","link":"https:\/\/secureus.se\/pl\/kontrolljournal-sbf1108\/","title":{"rendered":"DZIENNIK KONTROLNY SBF110:8"},"content":{"rendered":"<p>W dzienniku kontroli zarz\u0105dcy obiekt\u00f3w, firmy instalacyjne, firmy serwisowe i firmy inspekcyjne odnotowuj\u0105 r\u00f3\u017cne kontrole\/zdarzenia, kt\u00f3re maj\u0105 miejsce w systemie sygnalizacji po\u017caru.<\/p>","protected":false},"excerpt":{"rendered":"<p>Dziennik kontroli system\u00f3w sygnalizacji po\u017caru zgodnie z przepisami SBF110:8<\/p>","protected":false},"featured_media":140141,"template":"","meta":{"_acf_changed":false},"product_brand":[],"product_cat":[3977],"product_tag":[],"class_list":{"0":"post-83112","1":"product","2":"type-product","3":"status-publish","4":"has-post-thumbnail","6":"product_cat-or-skap-brand-brandskydd","7":"product_shipping_class-postnord-varubrev","8":"tm-no-options","10":"first","11":"instock","12":"sale","13":"taxable","14":"shipping-taxable","15":"purchasable","16":"product-type-simple"},"acf":[],"_links":{"self":[{"href":"https:\/\/secureus.se\/pl\/wp-json\/wp\/v2\/product\/83112","targetHints":{"allow":["GET"]}}],"collection":[{"href":"https:\/\/secureus.se\/pl\/wp-json\/wp\/v2\/product"}],"about":[{"href":"https:\/\/secureus.se\/pl\/wp-json\/wp\/v2\/types\/product"}],"wp:featuredmedia":[{"embeddable":true,"href":"https:\/\/secureus.se\/pl\/wp-json\/wp\/v2\/media\/140141"}],"wp:attachment":[{"href":"https:\/\/secureus.se\/pl\/wp-json\/wp\/v2\/media?parent=83112"}],"wp:term":[{"taxonomy":"product_brand","embeddable":true,"href":"https:\/\/secureus.se\/pl\/wp-json\/wp\/v2\/product_brand?post=83112"},{"taxonomy":"product_cat","embeddable":true,"href":"https:\/\/secureus.se\/pl\/wp-json\/wp\/v2\/product_cat?post=83112"},{"taxonomy":"product_tag","embeddable":true,"href":"https:\/\/secureus.se\/pl\/wp-json\/wp\/v2\/product_tag?post=83112"}],"curies":[{"name":"wp","href":"https:\/\/api.w.org\/{rel}","templated":true}]}}