{"id":83114,"date":"2023-09-13T15:18:29","date_gmt":"2023-09-13T13:18:29","guid":{"rendered":"https:\/\/secureus.se\/?post_type=product&#038;p=83114"},"modified":"2026-03-31T12:06:05","modified_gmt":"2026-03-31T10:06:05","slug":"kontrolljournal-sakerhet","status":"publish","type":"product","link":"https:\/\/secureus.se\/pl\/kontrolljournal-sakerhet\/","title":{"rendered":"LISTA KONTROLNA BEZPIECZE\u0143STWO"},"content":{"rendered":"<p>W wi\u0119kszo\u015bci obiekt\u00f3w ochrony wymagane s\u0105 zapisy kontrolne. Dziennik kontroli musi zawiera\u0107 informacje o w\u0142a\u015bcicielu zak\u0142adu, kierowniku zak\u0142adu, firmie budowlanej itp. Nale\u017cy r\u00f3wnie\u017c uwzgl\u0119dni\u0107 inne informacje, takie jak typ urz\u0105dzenia centralnego, baterie, lokalizacje i czas uruchomienia itp. Zawarto fragmenty przepis\u00f3w Szwedzkiego Stowarzyszenia Ochrony przed Kradzie\u017c\u0105 SSF 130 Za\u0142\u0105cznik A i B oraz ustawy o alarmach SFS nr: 1983:1097. W tym miejscu uregulowane s\u0105 obowi\u0105zki i uprawnienia w\u0142a\u015bciciela obiektu. W okresie istnienia obiektu nale\u017cy rejestrowa\u0107 wszystkie zdarzenia, takie jak testowanie, uruchomione alarmy, roz\u0142\u0105czenia, sygna\u0142y b\u0142\u0119d\u00f3w, serwis, inspekcje itp. Dziennik kontroli nale\u017cy przechowywa\u0107 w urz\u0105dzeniu centralnym lub w jego pobli\u017cu.<\/p>","protected":false},"excerpt":{"rendered":"<p>Kontrolljournal kr\u00e4vs i de flesta s\u00e4kerhetsanl\u00e4ggningar. Kontrolljournalen ska inneh\u00e5lla uppgifter om anl\u00e4ggnings\u00e4gare, anl\u00e4ggningssk\u00f6tare, anl\u00e4ggar-firma mm. Andra uppgifter som typ av centralapparat, batterier, placeringar samt tidpunkt f\u00f6r drifts\u00e4ttning mm ska ocks\u00e5<\/p>","protected":false},"featured_media":139988,"template":"","meta":{"_acf_changed":false},"product_brand":[],"product_cat":[2950],"product_tag":[],"class_list":{"0":"post-83114","1":"product","2":"type-product","3":"status-publish","4":"has-post-thumbnail","6":"product_cat-or-skap-sakerhet","7":"product_shipping_class-postnord-varubrev","8":"tm-no-options","10":"first","11":"instock","12":"sale","13":"taxable","14":"shipping-taxable","15":"purchasable","16":"product-type-simple"},"acf":[],"_links":{"self":[{"href":"https:\/\/secureus.se\/pl\/wp-json\/wp\/v2\/product\/83114","targetHints":{"allow":["GET"]}}],"collection":[{"href":"https:\/\/secureus.se\/pl\/wp-json\/wp\/v2\/product"}],"about":[{"href":"https:\/\/secureus.se\/pl\/wp-json\/wp\/v2\/types\/product"}],"wp:featuredmedia":[{"embeddable":true,"href":"https:\/\/secureus.se\/pl\/wp-json\/wp\/v2\/media\/139988"}],"wp:attachment":[{"href":"https:\/\/secureus.se\/pl\/wp-json\/wp\/v2\/media?parent=83114"}],"wp:term":[{"taxonomy":"product_brand","embeddable":true,"href":"https:\/\/secureus.se\/pl\/wp-json\/wp\/v2\/product_brand?post=83114"},{"taxonomy":"product_cat","embeddable":true,"href":"https:\/\/secureus.se\/pl\/wp-json\/wp\/v2\/product_cat?post=83114"},{"taxonomy":"product_tag","embeddable":true,"href":"https:\/\/secureus.se\/pl\/wp-json\/wp\/v2\/product_tag?post=83114"}],"curies":[{"name":"wp","href":"https:\/\/api.w.org\/{rel}","templated":true}]}}