{"id":83116,"date":"2023-09-13T15:37:45","date_gmt":"2023-09-13T13:37:45","guid":{"rendered":"https:\/\/secureus.se\/?post_type=product&#038;p=83116"},"modified":"2026-02-03T14:01:20","modified_gmt":"2026-02-03T13:01:20","slug":"or-skap-a3-svart","status":"publish","type":"product","link":"https:\/\/secureus.se\/pl\/or-skap-a3-svart\/","title":{"rendered":"Szafka operacyjna Alarm przeciwpo\u017carowy A3 Czarny"},"content":{"rendered":"<h1>Szafka operacyjna Alarm przeciwpo\u017carowy A3 Czarny<\/h1>\n<h1>LUB SZAFY Alarm przeciwpo\u017carowy<\/h1>\n<p>Szafka na dokumenty zawieraj\u0105ca rysunki orientacyjne i serwisowe system\u00f3w sygnalizacji po\u017caru.<br \/>\nW\u0142az otwiera si\u0119 kluczem stra\u017cackim.<\/p>\n<p>OR-3-BLACK posiada wzmocnion\u0105 pokryw\u0119, dzi\u0119ki czemu mo\u017ce s\u0142u\u017cy\u0107 jako stolik na laptopa lub rysunki.<br \/>\nOR-3 \u2013 ASSA ma otwarty ty\u0142, kt\u00f3ry mo\u017cna zamontowa\u0107 nad przyciskami alarmowymi itp.<\/p>\n<p>Szafy wykonane s\u0105 z blachy stalowej w kolorystyce zgodnej z poni\u017csz\u0105 tabel\u0105.<\/p>\n<p><img decoding=\"async\" class=\"alignnone size-full wp-image-123513183\" title=\"LUB SZAFA Alarm przeciwpo\u017carowy A3 BIA\u0141Y DO ZAMKA ASSA 6308235\" src=\"https:\/\/securityonline.se\/wp-content\/uploads\/2023\/09\/Swanson-Or-skap.jpg\" alt=\"LUB SZAFA Alarm przeciwpo\u017carowy A3 BIA\u0141Y DO ZAMKA ASSA 6308235\" width=\"618\" height=\"292\" \/><\/p>","protected":false},"excerpt":{"rendered":"<p>Pokrywa jest wzmocniona, dzi\u0119ki czemu mo\u017ce s\u0142u\u017cy\u0107 jako stolik na laptopa lub rysunki. Szafka na rysunki orientacyjne otwierana kluczem stra\u017cackim i montowana w dowolnym kierunku. Uchwyt na segregator w drzwiach.<\/p>\n<p><span data-teams=\"true\">Szafki te dostarczane s\u0105 bez klucza. Je\u015bli jest potrzebny, nale\u017cy go dokupi\u0107 osobno.<\/span><\/p>","protected":false},"featured_media":140390,"template":"","meta":{"_acf_changed":false},"product_brand":[],"product_cat":[1837,3977,2950],"product_tag":[],"class_list":{"0":"post-83116","1":"product","2":"type-product","3":"status-publish","4":"has-post-thumbnail","6":"product_cat-dokumentskap","7":"product_cat-or-skap-brand-brandskydd","8":"product_cat-or-skap-sakerhet","9":"product_shipping_class-tunga-paket","10":"pa_brands-swansons","11":"tm-no-options","13":"first","14":"instock","15":"sale","16":"taxable","17":"shipping-taxable","18":"purchasable","19":"product-type-simple"},"acf":[],"_links":{"self":[{"href":"https:\/\/secureus.se\/pl\/wp-json\/wp\/v2\/product\/83116","targetHints":{"allow":["GET"]}}],"collection":[{"href":"https:\/\/secureus.se\/pl\/wp-json\/wp\/v2\/product"}],"about":[{"href":"https:\/\/secureus.se\/pl\/wp-json\/wp\/v2\/types\/product"}],"wp:featuredmedia":[{"embeddable":true,"href":"https:\/\/secureus.se\/pl\/wp-json\/wp\/v2\/media\/140390"}],"wp:attachment":[{"href":"https:\/\/secureus.se\/pl\/wp-json\/wp\/v2\/media?parent=83116"}],"wp:term":[{"taxonomy":"product_brand","embeddable":true,"href":"https:\/\/secureus.se\/pl\/wp-json\/wp\/v2\/product_brand?post=83116"},{"taxonomy":"product_cat","embeddable":true,"href":"https:\/\/secureus.se\/pl\/wp-json\/wp\/v2\/product_cat?post=83116"},{"taxonomy":"product_tag","embeddable":true,"href":"https:\/\/secureus.se\/pl\/wp-json\/wp\/v2\/product_tag?post=83116"}],"curies":[{"name":"wp","href":"https:\/\/api.w.org\/{rel}","templated":true}]}}