{"id":83118,"date":"2023-09-13T15:36:52","date_gmt":"2023-09-13T13:36:52","guid":{"rendered":"https:\/\/secureus.se\/?post_type=product&#038;p=83118"},"modified":"2026-03-26T11:37:08","modified_gmt":"2026-03-26T10:37:08","slug":"or-skap-med-plats-for-bft","status":"publish","type":"product","link":"https:\/\/secureus.se\/pl\/or-skap-med-plats-for-bft\/","title":{"rendered":"LUB SZAFA Z MIEJSCEM NA BFT"},"content":{"rendered":"<p>Szafka z miejscem na BFT i rysunki orientacyjne w segregatorze A4. W\u0142az wyposa\u017cony jest w szyb\u0119 z plexi oraz zamek stra\u017cacki otwierany kluczem stra\u017cackim. Nokauty przy penetracjach w g\u00f3r\u0119. Wymiary (wys. x szer. x g\u0142.): 465x360x115 mm. Waga: 4,2 kg. Kolor: antracytowy szary RAL 7016.<\/p>\n<p>&nbsp;<\/p>","protected":false},"excerpt":{"rendered":"<p><span data-teams=\"true\">Szafki te dostarczane s\u0105 bez klucza. Je\u015bli jest potrzebny, nale\u017cy go dokupi\u0107 osobno.<\/span><\/p>","protected":false},"featured_media":140841,"template":"","meta":{"_acf_changed":false},"product_brand":[],"product_cat":[1837,3977,2950],"product_tag":[],"class_list":{"0":"post-83118","1":"product","2":"type-product","3":"status-publish","4":"has-post-thumbnail","6":"product_cat-dokumentskap","7":"product_cat-or-skap-brand-brandskydd","8":"product_cat-or-skap-sakerhet","9":"product_shipping_class-tunga-paket","10":"pa_brands-swansons","11":"tm-no-options","13":"first","14":"instock","15":"sale","16":"taxable","17":"shipping-taxable","18":"purchasable","19":"product-type-simple"},"acf":[],"_links":{"self":[{"href":"https:\/\/secureus.se\/pl\/wp-json\/wp\/v2\/product\/83118","targetHints":{"allow":["GET"]}}],"collection":[{"href":"https:\/\/secureus.se\/pl\/wp-json\/wp\/v2\/product"}],"about":[{"href":"https:\/\/secureus.se\/pl\/wp-json\/wp\/v2\/types\/product"}],"wp:featuredmedia":[{"embeddable":true,"href":"https:\/\/secureus.se\/pl\/wp-json\/wp\/v2\/media\/140841"}],"wp:attachment":[{"href":"https:\/\/secureus.se\/pl\/wp-json\/wp\/v2\/media?parent=83118"}],"wp:term":[{"taxonomy":"product_brand","embeddable":true,"href":"https:\/\/secureus.se\/pl\/wp-json\/wp\/v2\/product_brand?post=83118"},{"taxonomy":"product_cat","embeddable":true,"href":"https:\/\/secureus.se\/pl\/wp-json\/wp\/v2\/product_cat?post=83118"},{"taxonomy":"product_tag","embeddable":true,"href":"https:\/\/secureus.se\/pl\/wp-json\/wp\/v2\/product_tag?post=83118"}],"curies":[{"name":"wp","href":"https:\/\/api.w.org\/{rel}","templated":true}]}}