{"id":83398,"date":"2023-03-28T14:22:20","date_gmt":"2023-03-28T12:22:20","guid":{"rendered":"https:\/\/secureus.se\/produkt\/s65-12v-relay-base-12v-1a\/"},"modified":"2026-05-06T14:08:05","modified_gmt":"2026-05-06T12:08:05","slug":"relasockel-s65-12v","status":"publish","type":"product","link":"https:\/\/secureus.se\/pl\/relasockel-s65-12v\/","title":{"rendered":"Apollo 45681-508APO Podstawa przeka\u017anika S65 12V Podstawa przeka\u017anika"},"content":{"rendered":"<p><strong>Optyczna czujka dymu o du\u017cej precyzji:<\/strong> Gniazdo przeka\u017anika S65 to doskona\u0142y wyb\u00f3r zar\u00f3wno do alarm\u00f3w antyw\u0142amaniowych, jak i przeciwpo\u017carowych.<\/p>\n<p>Jest przeznaczony do stosowania z DSC NEO, Power Series, MAXYS i innymi konwencjonalnymi przewodowymi alarmami antyw\u0142amaniowymi.<\/p>\n<p>Optyczna komora detekcyjna w S65 wykorzystuje zasad\u0119 odbicia do wykrywania cz\u0105stek dymu, zapewniaj\u0105c szybk\u0105 i dok\u0142adn\u0105 aktywacj\u0119 alarmu.<\/p>\n<p><strong>Funkcje i zalety:<\/strong><\/p>\n<ul>\n<li><strong>Elastyczne zastosowanie:<\/strong> Zwork\u0119 na p\u0142ytce drukowanej mo\u017cna zamontowa\u0107 w pozycji zatrzaskowej lub niezatrzaskowej, w zale\u017cno\u015bci od zastosowania.<\/li>\n<li><strong>Jako\u015b\u0107:<\/strong> Bia\u0142y kolor i wbudowana dioda LED sygnalizuj\u0105ca alarmy zapewniaj\u0105 zar\u00f3wno estetyk\u0119, jak i funkcjonalno\u015b\u0107.<\/li>\n<li><strong>Trwa\u0142o\u015b\u0107:<\/strong> Zaprojektowany, aby wytrzyma\u0107 zar\u00f3wno wysokie, jak i niskie temperatury, dzi\u0119ki czemu nadaje si\u0119 do r\u00f3\u017cnych \u015brodowisk.<\/li>\n<\/ul>\n<p><strong>Specyfikacja techniczna:<\/strong><\/p>\n<ul>\n<li><strong>Wolta\u017c:<\/strong> 9 \u2013 15 V pr\u0105du sta\u0142ego<\/li>\n<li><strong>Pob\u00f3r mocy:<\/strong> 30-50\u03bcA przy 24V DC<\/li>\n<li><strong>Normalny pr\u0105d alarmowy:<\/strong>\n<ul>\n<li>10 V = 18 mA<\/li>\n<li>24 V = 52 mA<\/li>\n<\/ul>\n<\/li>\n<li><strong>Zakres temperatur:<\/strong> -20\u00b0C do +60\u00b0C<\/li>\n<li><strong>Wilgotno\u015b\u0107:<\/strong> 0% do 95%, bez kondensacji<\/li>\n<li><strong>Mierzy\u0107:<\/strong> \u015arednica 100 mm x wysoko\u015b\u0107 25 mm<\/li>\n<li><strong>Waga:<\/strong> 100 gr<\/li>\n<\/ul>\n<p>&nbsp;<\/p>","protected":false},"excerpt":{"rendered":"<p>Podstawa przeka\u017anika S65 to podstawa przeka\u017anika 12V stosowana do alarm\u00f3w antyw\u0142amaniowych i po\u017carowych.<\/p>\n<p>Jest kompatybilny z DSC PowerSeries i innymi systemami bezpiecze\u0144stwa.<\/p>\n<p>Dzi\u0119ki optycznej komorze detekcyjnej skutecznie wykrywa dym i ogie\u0144 i mo\u017cna go skonfigurowa\u0107 zar\u00f3wno do zastosowa\u0144 zamykaj\u0105cych, jak i nieblokuj\u0105cych.<\/p>\n<p>Ma pob\u00f3r pr\u0105du 30-50\u00b5A i pracuje w zakresie temperatur od -20\u00b0C do +60\u00b0C.<\/p>","protected":false},"featured_media":140931,"template":"","meta":{"_acf_changed":false},"product_brand":[],"product_cat":[4747],"product_tag":[2962,3311,3025,2704],"class_list":{"0":"post-83398","1":"product","2":"type-product","3":"status-publish","4":"has-post-thumbnail","6":"product_cat-65-serien","7":"product_tag-apollo-s65-serien","8":"product_tag-dsc-neo-svensk-manual","9":"product_tag-tradbundna-rokdetektorer-for-neo","10":"product_tag-utvalda-produkter-fran-apollo","11":"product_shipping_class-postnord-varubrev","12":"pa_brands-apollo-fire-detectors","13":"tm-has-options","15":"first","16":"instock","17":"featured","18":"taxable","19":"shipping-taxable","20":"purchasable","21":"product-type-simple"},"acf":[],"_links":{"self":[{"href":"https:\/\/secureus.se\/pl\/wp-json\/wp\/v2\/product\/83398","targetHints":{"allow":["GET"]}}],"collection":[{"href":"https:\/\/secureus.se\/pl\/wp-json\/wp\/v2\/product"}],"about":[{"href":"https:\/\/secureus.se\/pl\/wp-json\/wp\/v2\/types\/product"}],"wp:featuredmedia":[{"embeddable":true,"href":"https:\/\/secureus.se\/pl\/wp-json\/wp\/v2\/media\/140931"}],"wp:attachment":[{"href":"https:\/\/secureus.se\/pl\/wp-json\/wp\/v2\/media?parent=83398"}],"wp:term":[{"taxonomy":"product_brand","embeddable":true,"href":"https:\/\/secureus.se\/pl\/wp-json\/wp\/v2\/product_brand?post=83398"},{"taxonomy":"product_cat","embeddable":true,"href":"https:\/\/secureus.se\/pl\/wp-json\/wp\/v2\/product_cat?post=83398"},{"taxonomy":"product_tag","embeddable":true,"href":"https:\/\/secureus.se\/pl\/wp-json\/wp\/v2\/product_tag?post=83398"}],"curies":[{"name":"wp","href":"https:\/\/api.w.org\/{rel}","templated":true}]}}