{"id":83400,"date":"2023-03-23T14:52:13","date_gmt":"2023-03-23T13:52:13","guid":{"rendered":"https:\/\/secureus.se\/produkt\/s65-optical-smoke-detector\/"},"modified":"2026-04-01T14:40:11","modified_gmt":"2026-04-01T12:40:11","slug":"rokdetektor-s65-tradbunden","status":"publish","type":"product","link":"https:\/\/secureus.se\/pl\/rokdetektor-s65-tradbunden\/","title":{"rendered":"Apollo 55000-317APO Czujnik dymu S65 Przewodowy optyczny czujnik dymu"},"content":{"rendered":"<p><strong>Optyczna czujka dymu do skutecznego monitorowania po\u017caru:<\/strong> Czujka dymu S65 jest doskona\u0142ym dodatkiem do DSC PowerSeries Neo i innych czujnik\u00f3w antyw\u0142amaniowych wymagaj\u0105cych podstawy przeka\u017anika.<\/p>\n<p>Dzi\u0119ki innowacyjnej komorze refleksyjnej szybko wykrywa cz\u0105steczki dymu wskazuj\u0105ce na po\u017car, zapewniaj\u0105c niezawodne i szybkie ostrze\u017cenie.<\/p>\n<p><strong>Funkcje i zalety:<\/strong><\/p>\n<ul>\n<li><strong>Detekcja optyczna:<\/strong> Wykorzystuje odbicie \u015bwiat\u0142a, aby szybko wykry\u0107 dym i ogie\u0144.<\/li>\n<li><strong>Przep\u0142yw powietrza:<\/strong> Nie ma wp\u0142ywu na pr\u0119dko\u015b\u0107 powietrza ani ci\u015bnienie atmosferyczne, zapewniaj\u0105c niezawodne dzia\u0142anie.<\/li>\n<li><strong>Wskazanie alarmu:<\/strong> Wyposa\u017cony w diod\u0119 LED zapewniaj\u0105c\u0105 wyra\u017ane wizualne ostrze\u017cenie.<\/li>\n<\/ul>\n<p><strong>Specyfikacja techniczna:<\/strong><\/p>\n<ul>\n<li><strong>Wolta\u017c:<\/strong> 9 \u2013 33 V pr\u0105du sta\u0142ego<\/li>\n<li><strong>Pob\u00f3r mocy:<\/strong> 30-50\u03bcA przy 24V DC<\/li>\n<li><strong>Normalny pr\u0105d alarmowy:<\/strong>\n<ul>\n<li>10 V = 18 mA<\/li>\n<li>24 V = 52 mA<\/li>\n<\/ul>\n<\/li>\n<li><strong>Czas przywracania alarmu:<\/strong> 1 sek.<\/li>\n<li><strong>Zakres temperatur:<\/strong> -20\u00b0C do +60\u00b0C<\/li>\n<li><strong>Wilgotno\u015b\u0107:<\/strong> 0% do 95%, bez kondensacji<\/li>\n<li><strong>Mierzy\u0107:<\/strong> 100 x 42 mm (czujka), 100 x 50 mm (czujka z podstaw\u0105)<\/li>\n<li><strong>Waga:<\/strong> 99 g (czujka), 150 g (czujka z podstaw\u0105)<\/li>\n<\/ul>","protected":false},"excerpt":{"rendered":"<p>Czujka dymu S65 to optyczna czujka dymu przeznaczona do stosowania w systemach DSC NEO i sygnalizacji w\u0142amania.<\/p>\n<p>Wykorzystuj\u0105c komor\u0119 refleksyjn\u0105 skutecznie wykrywa cz\u0105steczki dymu i ognia, zapewniaj\u0105c szybk\u0105 reakcj\u0119 w przypadku zagro\u017cenia.<\/p>\n<p>Jest \u0142atwy w monta\u017cu za pomoc\u0105 podstawy przeka\u017anika i idealnie nadaje si\u0119 zar\u00f3wno do dom\u00f3w, jak i budynk\u00f3w komercyjnych.<\/p>","protected":false},"featured_media":162855,"template":"","meta":{"_acf_changed":false},"product_brand":[],"product_cat":[4747,3373],"product_tag":[3311,3025,2704],"class_list":{"0":"post-83400","1":"product","2":"type-product","3":"status-publish","4":"has-post-thumbnail","6":"product_cat-65-serien","7":"product_cat-rokdetektorer","8":"product_tag-dsc-neo-svensk-manual","9":"product_tag-tradbundna-rokdetektorer-for-neo","10":"product_tag-utvalda-produkter-fran-apollo","11":"product_shipping_class-postnord-varubrev","12":"pa_brands-apollo-fire-detectors","13":"tm-has-options","15":"first","16":"instock","17":"sale","18":"featured","19":"taxable","20":"shipping-taxable","21":"purchasable","22":"product-type-simple"},"acf":[],"_links":{"self":[{"href":"https:\/\/secureus.se\/pl\/wp-json\/wp\/v2\/product\/83400","targetHints":{"allow":["GET"]}}],"collection":[{"href":"https:\/\/secureus.se\/pl\/wp-json\/wp\/v2\/product"}],"about":[{"href":"https:\/\/secureus.se\/pl\/wp-json\/wp\/v2\/types\/product"}],"wp:featuredmedia":[{"embeddable":true,"href":"https:\/\/secureus.se\/pl\/wp-json\/wp\/v2\/media\/162855"}],"wp:attachment":[{"href":"https:\/\/secureus.se\/pl\/wp-json\/wp\/v2\/media?parent=83400"}],"wp:term":[{"taxonomy":"product_brand","embeddable":true,"href":"https:\/\/secureus.se\/pl\/wp-json\/wp\/v2\/product_brand?post=83400"},{"taxonomy":"product_cat","embeddable":true,"href":"https:\/\/secureus.se\/pl\/wp-json\/wp\/v2\/product_cat?post=83400"},{"taxonomy":"product_tag","embeddable":true,"href":"https:\/\/secureus.se\/pl\/wp-json\/wp\/v2\/product_tag?post=83400"}],"curies":[{"name":"wp","href":"https:\/\/api.w.org\/{rel}","templated":true}]}}