{"id":83919,"date":"2023-09-27T17:59:59","date_gmt":"2023-09-27T15:59:59","guid":{"rendered":"https:\/\/secureus.se\/produkt\/lashus-el981-split-spindle\/"},"modified":"2026-04-08T15:57:49","modified_gmt":"2026-04-08T13:57:49","slug":"lashus-el981-split-spindle","status":"publish","type":"product","link":"https:\/\/secureus.se\/pl\/lashus-el981-split-spindle\/","title":{"rendered":"Obudowa zamka EL981 Wrzeciono dzielone"},"content":{"rendered":"<p>Elektryczny zamek ci\u015bnieniowy stosowany w czytniku skrzyde\u0142 drzwi ASSA ABLOY DBL352.<br \/>\n<b>W\u0142a\u015bciwo\u015bci:<\/b><\/p>\n<ul>\n<li>G\u0142\u0119boko\u015b\u0107 trzpienia 50 mm<\/li>\n<li>Mo\u017cliwo\u015b\u0107 prze\u0142\u0105czania funkcji do przodu lub do ty\u0142u (blokada lub odblokowanie w trybie bez zasilania)<\/li>\n<\/ul>","protected":false},"excerpt":{"rendered":"<h5><a href=\"https:\/\/elslutblecksguiden.se\/\" target=\"_blank\" rel=\"noopener\">Przewodnik po zamkach elektrycznych ASSA, zamkach silnikowych, blachach zaczepowych i przewodniku wymiany<\/a><\/h5>","protected":false},"featured_media":139665,"template":"","meta":{"_acf_changed":false},"product_brand":[],"product_cat":[2429],"product_tag":[2967],"class_list":{"0":"post-83919","1":"product","2":"type-product","3":"status-publish","4":"has-post-thumbnail","6":"product_cat-ellas","7":"product_tag-rg-assa-abloy","8":"product_shipping_class-tunga-paket","9":"pa_brands-abloy","10":"tm-no-options","12":"first","13":"onbackorder","14":"sale","15":"taxable","16":"shipping-taxable","17":"purchasable","18":"product-type-simple"},"acf":[],"_links":{"self":[{"href":"https:\/\/secureus.se\/pl\/wp-json\/wp\/v2\/product\/83919","targetHints":{"allow":["GET"]}}],"collection":[{"href":"https:\/\/secureus.se\/pl\/wp-json\/wp\/v2\/product"}],"about":[{"href":"https:\/\/secureus.se\/pl\/wp-json\/wp\/v2\/types\/product"}],"wp:featuredmedia":[{"embeddable":true,"href":"https:\/\/secureus.se\/pl\/wp-json\/wp\/v2\/media\/139665"}],"wp:attachment":[{"href":"https:\/\/secureus.se\/pl\/wp-json\/wp\/v2\/media?parent=83919"}],"wp:term":[{"taxonomy":"product_brand","embeddable":true,"href":"https:\/\/secureus.se\/pl\/wp-json\/wp\/v2\/product_brand?post=83919"},{"taxonomy":"product_cat","embeddable":true,"href":"https:\/\/secureus.se\/pl\/wp-json\/wp\/v2\/product_cat?post=83919"},{"taxonomy":"product_tag","embeddable":true,"href":"https:\/\/secureus.se\/pl\/wp-json\/wp\/v2\/product_tag?post=83919"}],"curies":[{"name":"wp","href":"https:\/\/api.w.org\/{rel}","templated":true}]}}