{"id":83923,"date":"2023-09-27T17:59:55","date_gmt":"2023-09-27T15:59:55","guid":{"rendered":"https:\/\/secureus.se\/produkt\/eltryckeslas-pe580-med-kabel-ea220\/"},"modified":"2026-03-25T15:42:47","modified_gmt":"2026-03-25T14:42:47","slug":"eltryckeslas-pe580-med-kabel-ea220","status":"publish","type":"product","link":"https:\/\/secureus.se\/pl\/eltryckeslas-pe580-med-kabel-ea220\/","title":{"rendered":"Elektryczny zamek dociskowy PE580 z kablem EA220"},"content":{"rendered":"<p><\/p>\n<div>PE 580 nale\u017cy do rodziny zamk\u00f3w elektrycznych z funkcj\u0105 dzielonego wrzeciona przystosowanych do wsp\u00f3\u0142pracy z regu\u0142\u0105 antypaniczn\u0105 1141. Spe\u0142nia wymagania normy SS-EN1125. PE580 to elektromechanicznie sterowany zamek z funkcj\u0105 nacisku, kt\u00f3ry jest typem wielofunkcyjnym. Zamka dziennego, doskonale sprawdzaj\u0105cego si\u0119 w budynkach komercyjnych, zamkach wewn\u0119trznych i drzwiach zewn\u0119trznych w budynkach mieszkalnych. Zamki dwufunkcyjne posiadaj\u0105 kombinacj\u0119 funkcji mechanicznych i elektrycznych, co umo\u017cliwia ewakuacj\u0119 antypaniczn\u0105 bez sterowania elektrycznego. PE580 posiada dwa zintegrowane mikroprze\u0142\u0105czniki, kt\u00f3re wskazuj\u0105 po\u0142o\u017cenie t\u0142oka oraz otwarcie z kontrol\u0105 paniki. Zamek mo\u017cna zawsze obs\u0142ugiwa\u0107 mechanicznie za pomoc\u0105 wk\u0142adki lub ga\u0142ki. Zamek blokuje si\u0119 automatycznie po zamkni\u0119ciu drzwi.\u00a0<\/div>\n<div><b>Charakterystyka\u00a0<\/b><\/div>\n<div>\n<ul>\n<li>Funkcja podzia\u0142u<\/li>\n<li>Klamka zewn\u0119trzna sterowana elektrycznie<\/li>\n<li>Zawsze mo\u017cna je otworzy\u0107 od wewn\u0105trz za pomoc\u0105 zamka antypanicznego ASSA ABLOY 1141<\/li>\n<li>Zamek mo\u017ce by\u0107 sterowany elektrycznie m.in. systemu dost\u0119pu, przycisku otwierania lub timera<\/li>\n<li>\u0141atwe odwracanie w prawo\/w lewo\u00a0<\/li>\n<li>Prze\u0142\u0105czana funkcja jazdy do przodu\/do ty\u0142u (blokada lub odblokowanie w trybie bez zasilania)<\/li>\n<li>Zasada obowi\u0105zuje tylko wtedy, gdy drzwi s\u0105 zamkni\u0119te<\/li>\n<li>Wszystkie kable wyposa\u017cone w z\u0142\u0105cza u\u0142atwiaj\u0105ce instalacj\u0119 za pomoc\u0105 kabla po\u0142\u0105czeniowego EA220<\/li>\n<li>G\u0142\u0119boko\u015b\u0107 trzpienia 50 mm\n<\/li>\n<\/ul>\n<\/div>\n<div><b>Dane techniczne<\/b><\/div>\n<div>\n<ul>\n<li>Napi\u0119cie 12 \u2013 24 V DC (-10%\/+15%, \u0142ata)<\/li>\n<li>Pob\u00f3r pr\u0105du: Maks.: 550 mA (12 V DC), Reszta: 240 mA (12 V DC)\u00a0<\/li>\n<li>Zakres temperatur: -20 \u2013 +60\u00b0C<\/li>\n<\/ul>\n<\/div>","protected":false},"excerpt":{"rendered":"<h5><a href=\"https:\/\/elslutblecksguiden.se\/\" target=\"_blank\" rel=\"noopener\">Przewodnik po zamkach elektrycznych ASSA, zamkach silnikowych, blachach zaczepowych i przewodniku wymiany<\/a><\/h5>","protected":false},"featured_media":139943,"template":"","meta":{"_acf_changed":false},"product_brand":[],"product_cat":[2429],"product_tag":[2967],"class_list":{"0":"post-83923","1":"product","2":"type-product","3":"status-publish","4":"has-post-thumbnail","6":"product_cat-ellas","7":"product_tag-rg-assa-abloy","8":"product_shipping_class-tunga-paket","9":"pa_brands-abloy","10":"tm-no-options","12":"first","13":"onbackorder","14":"sale","15":"taxable","16":"shipping-taxable","17":"purchasable","18":"product-type-simple"},"acf":[],"_links":{"self":[{"href":"https:\/\/secureus.se\/pl\/wp-json\/wp\/v2\/product\/83923","targetHints":{"allow":["GET"]}}],"collection":[{"href":"https:\/\/secureus.se\/pl\/wp-json\/wp\/v2\/product"}],"about":[{"href":"https:\/\/secureus.se\/pl\/wp-json\/wp\/v2\/types\/product"}],"wp:featuredmedia":[{"embeddable":true,"href":"https:\/\/secureus.se\/pl\/wp-json\/wp\/v2\/media\/139943"}],"wp:attachment":[{"href":"https:\/\/secureus.se\/pl\/wp-json\/wp\/v2\/media?parent=83923"}],"wp:term":[{"taxonomy":"product_brand","embeddable":true,"href":"https:\/\/secureus.se\/pl\/wp-json\/wp\/v2\/product_brand?post=83923"},{"taxonomy":"product_cat","embeddable":true,"href":"https:\/\/secureus.se\/pl\/wp-json\/wp\/v2\/product_cat?post=83923"},{"taxonomy":"product_tag","embeddable":true,"href":"https:\/\/secureus.se\/pl\/wp-json\/wp\/v2\/product_tag?post=83923"}],"curies":[{"name":"wp","href":"https:\/\/api.w.org\/{rel}","templated":true}]}}