{"id":83927,"date":"2023-09-27T17:59:52","date_gmt":"2023-09-27T15:59:52","guid":{"rendered":"https:\/\/secureus.se\/produkt\/eltryckeslas-815c-50-hi-o-arx-sats\/"},"modified":"2026-04-08T15:57:55","modified_gmt":"2026-04-08T13:57:55","slug":"eltryckeslas-815c-50-hi-o-arx-sats","status":"publish","type":"product","link":"https:\/\/secureus.se\/pl\/eltryckeslas-815c-50-hi-o-arx-sats\/","title":{"rendered":"Elektryczny zamek ci\u015bnieniowy 815C-50 Hi-O ARX Kit"},"content":{"rendered":"<p>ASSA ABLOY 815C-50 Hi-O to elektryczny zamek ci\u015bnieniowy z serii Velox, przystosowany do drzwi o du\u017cej cz\u0119stotliwo\u015bci z modu\u0142em ASSA lub Connecturtag. Dobrze sprawdza si\u0119 jako zamek dzienny<\/p>\n<div>i zamkni\u0119\u0107 wewn\u0119trznych w handlu, biurach i przemy\u015ble lub w wej\u015bciach i pomieszczeniach og\u00f3lnodost\u0119pnych w budynkach wielorodzinnych. Certyfikowany zgodnie z norm\u0105 SS-EN 179, co umo\u017cliwia monta\u017c na drodze ewakuacyjnej. 815C-50 to zamek cyfrowy oparty na technologii magistrali CAN Hi-O. Hi-O oznacza, \u017ce urz\u0105dzenia posiadaj\u0105 wbudowany mikrokomputer i komunikuj\u0105 si\u0119 ze sob\u0105 w celu instalacji typu plug-and-play, synchronizacji pracy drzwi, monitorowania zachowa\u0144 oraz przesy\u0142ania informacji diagnostycznych. Urz\u0105dzenie Hi-O nale\u017cy pod\u0142\u0105czy\u0107 do magistrali Hi-O poprzez DAC 530\/564, alternatywnie do systemu analogowego poprzez I\/O BOX 350. I\/O BOX 350 umo\u017cliwia instalacj\u0119 cyfrowego zamka Hi-O do instalacji sterowanej przeka\u017anikiem analogowym.<\/div>\n<div>\n<p><b>Pakiet zestawu zawiera:<\/b><br \/>\nObudowa elektrozamka ci\u015bnieniowego 815C-50, kabel po\u0142\u0105czeniowy EA226 (10 m), magnes do p\u0142yty ko\u0144cowej 1487 i 2 szt. ko\u0142ki dociskowe 520H 43 mm.<\/p>\n<div>\n<b>W\u0142a\u015bciwo\u015bci:<\/b><\/div>\n<div>\n<ul>\n<li>Funkcja podzia\u0142u, sterowana elektrycznie na zewn\u0105trz, mechanicznie po\u0142\u0105czona wewn\u0105trz (dzielone wrzeciono)<\/li>\n<li>\u0141atwe prze\u0142\u0105czanie strony obs\u0142ugiwanej elektrycznie\/mechanicznie<\/li>\n<li>\u0141atwa regulacja funkcji jazdy do przodu\/do ty\u0142u<\/li>\n<li>Dwustronny t\u0142ok opadaj\u0105cy do drzwi otwieranych na praw\u0105 lub lew\u0105 stron\u0119<\/li>\n<li>Po\u0142\u0105czony spadek ci\u015bnienia<\/li>\n<li>Zamek mo\u017cna zawsze obs\u0142ugiwa\u0107 za pomoc\u0105 klucza\/pokr\u0119t\u0142a<\/li>\n<li>Dopuszczony do monta\u017cu w komorze ogniowej, limit E\/EI 120<\/li>\n<li>Certyfikowany zgodnie z SSF 3522-1093, klasa 1 i SS-EN 179<\/li>\n<li>Zatwierdzone do \u0142\u0105czenia z \u0142\u0105cznikiem ewakuacyjnym 179J<\/li>\n<li>Funkcj\u0119 ponownego zaj\u0119to\u015bci mo\u017cna aktywowa\u0107 za pomoc\u0105 I\/O BOX 350 za pomoc\u0105 sygna\u0142u z alarmu ewakuacyjnego\/po\u017carowego<\/li>\n<li>Wielofunkcyjny<\/li>\n<li>Wielonapi\u0119ciowe 12-24V<\/li>\n<li>Wskazanie stanu dost\u0119pne na magistrali Hi-O i poprzez przeka\u017anik na I\/O BOX 350 (patrz karta produktu)<\/li>\n<\/ul>\n<\/div>\n<div><\/div>\n<div>\n<p><b>Funkcjonowa\u0107:<\/b><\/p>\n<ul>\n<li>Ci\u015bnienie jest uruchamiane za pomoc\u0105 sterowania elektrycznego z zewn\u0105trz i jest sterowane mechanicznie od wewn\u0105trz, a nast\u0119pnie wykorzystywane jest do otwierania drzwi.<\/li>\n<li>Nacisk zewn\u0119trzny jest aktywowany elektrycznie poprzez sygna\u0142 z systemu dost\u0119pu, zamka szyfrowego lub podobnego.<\/li>\n<li>Ci\u015bnienie od wewn\u0105trz jest pod\u0142\u0105czone mechanicznie, wi\u0119c nie ma potrzeby pod\u0142\u0105czania przycisku.<\/li>\n<li>Funkcj\u0119 sterowania elektrycznego mo\u017cna ustawi\u0107 w prawo\/lewo, wej\u015bcie\/wyj\u015bcie.<\/li>\n<\/ul>\n<\/div>\n<\/div>","protected":false},"excerpt":{"rendered":"<h5><a href=\"https:\/\/elslutblecksguiden.se\/\" target=\"_blank\" rel=\"noopener\">Przewodnik po zamkach elektrycznych ASSA, zamkach silnikowych, blachach zaczepowych i przewodniku wymiany<\/a><\/h5>","protected":false},"featured_media":139672,"template":"","meta":{"_acf_changed":false},"product_brand":[],"product_cat":[2429],"product_tag":[4424,2967],"class_list":{"0":"post-83927","1":"product","2":"type-product","3":"status-publish","4":"has-post-thumbnail","6":"product_cat-ellas","7":"product_tag-eltryckeslas-815","8":"product_tag-rg-assa-abloy","9":"product_shipping_class-tunga-paket","10":"pa_brands-abloy","11":"tm-no-options","13":"first","14":"onbackorder","15":"sale","16":"taxable","17":"shipping-taxable","18":"purchasable","19":"product-type-simple"},"acf":[],"_links":{"self":[{"href":"https:\/\/secureus.se\/pl\/wp-json\/wp\/v2\/product\/83927","targetHints":{"allow":["GET"]}}],"collection":[{"href":"https:\/\/secureus.se\/pl\/wp-json\/wp\/v2\/product"}],"about":[{"href":"https:\/\/secureus.se\/pl\/wp-json\/wp\/v2\/types\/product"}],"wp:featuredmedia":[{"embeddable":true,"href":"https:\/\/secureus.se\/pl\/wp-json\/wp\/v2\/media\/139672"}],"wp:attachment":[{"href":"https:\/\/secureus.se\/pl\/wp-json\/wp\/v2\/media?parent=83927"}],"wp:term":[{"taxonomy":"product_brand","embeddable":true,"href":"https:\/\/secureus.se\/pl\/wp-json\/wp\/v2\/product_brand?post=83927"},{"taxonomy":"product_cat","embeddable":true,"href":"https:\/\/secureus.se\/pl\/wp-json\/wp\/v2\/product_cat?post=83927"},{"taxonomy":"product_tag","embeddable":true,"href":"https:\/\/secureus.se\/pl\/wp-json\/wp\/v2\/product_tag?post=83927"}],"curies":[{"name":"wp","href":"https:\/\/api.w.org\/{rel}","templated":true}]}}