{"id":83941,"date":"2023-09-27T17:58:44","date_gmt":"2023-09-27T15:58:44","guid":{"rendered":"https:\/\/secureus.se\/produkt\/eltryckeslas-el587-hi-o-omstallbar-12-24v\/"},"modified":"2026-04-08T15:59:02","modified_gmt":"2026-04-08T13:59:02","slug":"eltryckeslas-el587-hi-o-omstallbar-12-24v","status":"publish","type":"product","link":"https:\/\/secureus.se\/pl\/eltryckeslas-el587-hi-o-omstallbar-12-24v\/","title":{"rendered":"Elektryczny zamek ci\u015bnieniowy EL587 Hi-O Prze\u0142\u0105czany 12-24V"},"content":{"rendered":"<p>\nWielofunkcyjne elektryczne zamki dociskowe ABLOY EL587 przystosowane s\u0105 do drzwi o du\u017cej cz\u0119stotliwo\u015bci z wg\u0142\u0119bieniami modu\u0142owymi ASSA ABLOY. Nadaje si\u0119 jako zamkni\u0119cie dzienne i wewn\u0119trzne w handlu, biurach i przemy\u015ble lub w wej\u015bciach i obszarach publicznych w budynkach wielorodzinnych. EL587 to obudowa zamka Hi-O, kt\u00f3r\u0105 mo\u017cna pod\u0142\u0105czy\u0107 do magistrali Hi-O. Hi-O oznacza, \u017ce urz\u0105dzenia posiadaj\u0105 wbudowany mikrokomputer i komunikuj\u0105 si\u0119 ze sob\u0105 w celu instalacji typu plug-and-play, synchronizacji pracy drzwi, monitorowania zachowa\u0144 oraz przesy\u0142ania informacji diagnostycznych.\u00a0 \u00a0<\/p>\n<div><b>Charakterystyka\u00a0<\/b><\/div>\n<div>\n<ul>\n<li>Funkcja podzia\u0142u (\u0142atwe prze\u0142\u0105czanie strony obs\u0142ugiwanej elektrycznie \/ mechanicznie)<\/li>\n<li>Sterowanie elektryczne na ci\u015bnienie zewn\u0119trzne<\/li>\n<li>Nacisk od wewn\u0105trz zawsze otwiera zamek mechanicznie<\/li>\n<li>Po\u0142\u0105czony spadek ci\u015bnienia <\/li>\n<li>Zamek mo\u017cna zawsze obs\u0142ugiwa\u0107 za pomoc\u0105 wk\u0142adki\/ga\u0142ki<\/li>\n<li>Wielofunkcyjny<\/li>\n<li>\u0141atwa regulacja funkcji jazdy do przodu\/do ty\u0142u<\/li>\n<li>Zmienny wyst\u0119p kropli 20 mm lub 14 mm<\/li>\n<li>2 mikroprze\u0142\u0105czniki: Blokada (pozycja drzwi), Ruch prasy <\/li>\n<li>G\u0142\u0119boko\u015b\u0107 trzpienia 50 mm\u00a0\u00a0<\/li>\n<li>Zatwierdzone do \u0142\u0105czenia z \u0142\u0105cznikiem ewakuacyjnym 179E-2<\/li>\n<li>Wszystkie kable wyposa\u017cone w z\u0142\u0105cza u\u0142atwiaj\u0105ce instalacj\u0119 za pomoc\u0105 kabla po\u0142\u0105czeniowego EA226<\/li>\n<li>Technologia Hi-O<\/li>\n<\/ul>\n<\/div>\n<div><b><br \/><\/b><b>Dane techniczne:<\/b><\/div>\n<div>\n<ul>\n<li>Napi\u0119cie robocze: 12 \u2013 24 VDC, stac<\/li>\n<li>Pob\u00f3r pr\u0105du 580-280 mA, 12 VDC 300-160 mA, 24 VDC<\/li>\n<\/ul>\n<\/div>","protected":false},"excerpt":{"rendered":"<h5><a href=\"https:\/\/elslutblecksguiden.se\/\" target=\"_blank\" rel=\"noopener\">Przewodnik po zamkach elektrycznych ASSA, zamkach silnikowych, blachach zaczepowych i przewodniku wymiany<\/a><\/h5>","protected":false},"featured_media":139551,"template":"","meta":{"_acf_changed":false},"product_brand":[],"product_cat":[2429],"product_tag":[2967],"class_list":{"0":"post-83941","1":"product","2":"type-product","3":"status-publish","4":"has-post-thumbnail","6":"product_cat-ellas","7":"product_tag-rg-assa-abloy","8":"product_shipping_class-tunga-paket","9":"pa_brands-abloy","10":"tm-no-options","12":"first","13":"onbackorder","14":"sale","15":"taxable","16":"shipping-taxable","17":"purchasable","18":"product-type-simple"},"acf":[],"_links":{"self":[{"href":"https:\/\/secureus.se\/pl\/wp-json\/wp\/v2\/product\/83941","targetHints":{"allow":["GET"]}}],"collection":[{"href":"https:\/\/secureus.se\/pl\/wp-json\/wp\/v2\/product"}],"about":[{"href":"https:\/\/secureus.se\/pl\/wp-json\/wp\/v2\/types\/product"}],"wp:featuredmedia":[{"embeddable":true,"href":"https:\/\/secureus.se\/pl\/wp-json\/wp\/v2\/media\/139551"}],"wp:attachment":[{"href":"https:\/\/secureus.se\/pl\/wp-json\/wp\/v2\/media?parent=83941"}],"wp:term":[{"taxonomy":"product_brand","embeddable":true,"href":"https:\/\/secureus.se\/pl\/wp-json\/wp\/v2\/product_brand?post=83941"},{"taxonomy":"product_cat","embeddable":true,"href":"https:\/\/secureus.se\/pl\/wp-json\/wp\/v2\/product_cat?post=83941"},{"taxonomy":"product_tag","embeddable":true,"href":"https:\/\/secureus.se\/pl\/wp-json\/wp\/v2\/product_tag?post=83941"}],"curies":[{"name":"wp","href":"https:\/\/api.w.org\/{rel}","templated":true}]}}